{"id":28878,"date":"2026-01-06T15:06:32","date_gmt":"2026-01-06T14:06:32","guid":{"rendered":"https:\/\/www.e-kern.com\/?page_id=28878"},"modified":"2026-02-16T17:42:37","modified_gmt":"2026-02-16T16:42:37","slug":"ochrona-danych","status":"publish","type":"page","link":"https:\/\/www.e-kern.com\/pl\/ochrona-danych\/","title":{"rendered":"O\u015bwiadczenie firmy KERN o ochronie danych"},"content":{"rendered":"\t\t<div data-elementor-type=\"wp-page\" data-elementor-id=\"28878\" class=\"elementor elementor-28878 elementor-4944\" data-elementor-post-type=\"page\">\n\t\t\t\t<div class=\"elementor-element elementor-element-25778d6d e-flex e-con-boxed e-con e-parent\" data-id=\"25778d6d\" data-element_type=\"container\" data-e-type=\"container\">\n\t\t\t\t\t<div class=\"e-con-inner\">\n\t\t<div class=\"elementor-element elementor-element-25a82199 e-con-full e-flex e-con e-child\" data-id=\"25a82199\" data-element_type=\"container\" data-e-type=\"container\">\n\t\t<div class=\"elementor-element elementor-element-330ff08b e-con-full e-flex e-con e-child\" data-id=\"330ff08b\" data-element_type=\"container\" data-e-type=\"container\" data-settings=\"{&quot;background_background&quot;:&quot;gradient&quot;}\">\n\t\t\t\t<\/div>\n\t\t\t\t<div class=\"elementor-element elementor-element-19b31d52 elementor-widget elementor-widget-heading\" data-id=\"19b31d52\" data-element_type=\"widget\" data-e-type=\"widget\" data-widget_type=\"heading.default\">\n\t\t\t\t\t<h1 class=\"elementor-heading-title elementor-size-default\">O\u015bwiadczenie firmy KERN o ochronie danych<\/h1>\t\t\t\t<\/div>\n\t\t\t\t<div class=\"elementor-element elementor-element-b3d7dbc elementor-widget elementor-widget-text-editor\" data-id=\"b3d7dbc\" data-element_type=\"widget\" data-e-type=\"widget\" data-widget_type=\"text-editor.default\">\n\t\t\t\t\t\t\t\t\t<h5>Zasada<\/h5>\n<p>Z powag\u0105 przyjmujemy ochron\u0119 Pa\u0144stwa danych osobowych i traktujemy je poufnie oraz stosownie do przepis\u00f3w ustawy o ochronie danych.\u00a0\u00a0<b>\u00a0<\/b><\/p>\n<h5>Pobieranie danych<\/h5>\n<p>Pobieramy i przetwarzamy dana osobowe tylko wtedy, gdy jest to konieczne dla ich uzasadnienia oraz rozbudowania pod wzgl\u0119dem tre\u015bci albo zmiany stosunku prawnego (dane o stanie). Nie pobieramy danych osobowych zwi\u0105zanych z korzystaniem z naszych stron internetowych (dane u\u017cytkowe).<\/p>\n<h5>Przetwarzanie danych na tej stronie internetowej<\/h5>\n<p>Automatycznie pobieramy i zapisujemy informacje do plik\u00f3w rejestru, kt\u00f3re automatycznie przekazuje nam Pa\u0144stwa przegl\u0105darka. S\u0105 to typ\/ wersja przegl\u0105darki, u\u017cywany system operacyjny, odsy\u0142acz URL oraz\u00a0 godzina zapytania. Danych tych nie przyporz\u0105dkowuje si\u0119 okre\u015blonym osobom. Nie podejmuje si\u0119 \u0142\u0105czenia tych danych z innymi \u017ar\u00f3d\u0142ami danych.<\/p>\n<h5>U\u017cycie ciasteczek<\/h5>\n<p>Strony internetowe u\u017cywaj\u0105 cz\u0119\u015bciwo tzw. ciasteczek. S\u0142u\u017c\u0105 do tego, \u017ceby nasz\u0105 ofert\u0119 uczyni\u0107 bardziej przyjazn\u0105 w obs\u0142udze, efektywniejsz\u0105 oraz bezpieczniejsz\u0105. Ciasteczka (cookies) to ma\u0142e pliki tekstowe, kt\u00f3re gromadz\u0105 si\u0119 na komputerze i kt\u00f3re zapisuje Pa\u0144stwa przegl\u0105darka. Wi\u0119kszo\u015b\u0107 u\u017cywanych przez nas ciasteczek to tzw. \u201eSession-Cookies\u201c. Usun\u0105 si\u0119 automatycznie natychmiast po zako\u0144czeniu odwiedzin. Cookies nie wywo\u0142uj\u0105 na komputerze szk\u00f3d i nie zawieraj\u0105 wirus\u00f3w.<\/p>\n<h5>Newsletter<\/h5>\n<p>Je\u015bli chc\u0105 Pa\u0144stwo zaabonowa\u0107 oferowany na stronie newsletter, potrzebny b\u0119dzie nam adres e-mail. Newsletter mo\u017cna w ka\u017cdej chwili bezp\u0142atnie odm\u00f3wi\u0107 w podanym w nim linku.<\/p>\n<p>Zawarli\u015bmy z naszym us\u0142ugodawc\u0105 mailowo-marketingowym umow\u0119 Newsletter2Go o post\u0119powaniu zwi\u0105zanym z przetwarzaniem danych ze zlece\u0144. Dzi\u0119ki temu zapewniamy, \u017ce nasz us\u0142ugodawca przy wysy\u0142ce newslettera we wszystkich punktach przestrzega rygorystycznych przepis\u00f3w niemieckiej ustawy o ochronie danych. Gwarantuje to, \u017ce Pa\u0144stwa dane b\u0119d\u0105 gromadzone na wysokim poziomie ochrony tylko w obr\u0119bie UE. Nie zapisuje si\u0119 Pa\u0144stwa danych na serwerach spoza UE.<\/p>\n<h5>Formularz kontaktowy<\/h5>\n<p>Gdy do\u015bl\u0105 nam Pa\u0144stwo zapytania poprzez formularz kontaktowy, to dane z takiego formularza \u0142\u0105cznie z podanymi danymi kontaktowymi zostan\u0105 przez nas zapisane na wypadek kolejnych zapyta\u0144. Bez Pa\u0144stwa zgody nie przeka\u017cemy tych danych dalej.<\/p>\n<h5>Przekazywanie danych przy zam\u00f3wieniach i rezerwacjach na tej stronie<\/h5>\n<p>Dane osobowe przeka\u017cemy osobom trzecim tylko wtedy, gdy b\u0119dzie to konieczne w ramach sporz\u0105dzania umowy, na przyk\u0142ad do instytucji kredytowej upowa\u017cnionej do regulowania p\u0142atno\u015bci. Przekazanie Pa\u0144stwa danych dalej, na przyk\u0142ad w celach reklamowych, nie b\u0119dzie mia\u0142o miejsca. W ka\u017cdej chwili bezp\u0142atnie mog\u0105 Pa\u0144stwo sprzeciwi\u0107 si\u0119 u\u017cyciu zapisanego w zwi\u0105zku z zam\u00f3wieniem adresu e-mail. Napisz do nas wiadomo\u015b\u0107 e-mail na info@e-kern.com<\/p>\n<h5>Prawo sprzeciwu i informacji<\/h5>\n<p>W ka\u017cdej chwili maj\u0105 Pa\u0144stwo prawo do bezp\u0142atnej informacji o zgromadzonych przez nas Pa\u0144stwa danych osobowych, ich pochodzeniu i odbiorcach i celu ich przetwarzania oraz prawo do ich poprawiania, blokowania lub usuwania.<\/p>\n<p>Je\u015bli maj\u0105 Pa\u0144stwo pytania, na kt\u00f3re niniejsza deklaracja o ochronie danych nie zdo\u0142a\u0142a odpowiedzie\u0107, mog\u0105 Pa\u0144stwo zwr\u00f3ci\u0107 si\u0119 w ka\u017cdej chwili do nas nast\u0119puj\u0105cy adres mailowy albo na podane w\u00a0<a class=\"internal-link\" title=\"Impressum\" href=\"https:\/\/www.e-kern.com\/pl\/impressum\/\">Impressum<\/a>\u00a0dane kontaktowe:\u00a0<a class=\"mail\" title=\"Opens internal link in current window\" href=\"mailto:dataprotection@e-kern.com\">dataprotection@e-kern.com<\/a>.\u00a0<\/p>\n<h5>Stosowanie Google Analytics i Google Remarketing<\/h5>\n<p>Ta strona wykorzystuje narz\u0119dzia: Google Analytics i Google Remarketing. S\u0105 to us\u0142ugi firmy Google Inc. (&#8222;Google&#8221;). (&#8222;Google&#8221;). Google wykorzystuje &#8222;cookie&#8221; (&#8222;ciasteczka&#8221;), pliki tekstowe, zapisywane na komputerze klienta i umo\u017cliwiaj\u0105ce analiz\u0119 wykorzystania strony. Informacje generowane przez cookie o wykorzystaniu tej strony przez klienta (\u0142\u0105cznie z adresem IP) s\u0105 przesy\u0142ane do serwera firmy Google w USA i tam zapisywane. Adres IP jest nast\u0119pnie skracany przez Google o trzy ostatnie pozycje, jednoznaczne przyporz\u0105dkowanie adresu IP jest ju\u017c niemo\u017cliwe. Google przestrzega przepis\u00f3w o ochronie danych umowy &#8222;US-Safe-Harbor&#8221; i jest zarejestrowana w programie &#8222;Safe Harbor&#8221; ameryka\u0144skiego ministerstwa handlu.<\/p>\n<p>Google pos\u0142u\u017cy si\u0119 t\u0105 informacj\u0105 do oceny u\u017cytkowania przez klienta strony internetowej, aby zestawi\u0107 raporty o aktywno\u015bci sieciowej dla zarz\u0105dcy strony oraz \u015bwiadczy\u0107 dalsze us\u0142ugi zwi\u0105zane z korzystaniem ze strony internetowej oraz internetu. Google prze\u015ble te informacje, w razie potrzeby, stronie trzeciej, o ile jest to nakazane prawnie lub o ile strony trzecie przetwarzaj\u0105 takie dane na zlecenie Google.<\/p>\n<p>Oferenci trzeci, \u0142\u0105cznie z Google, za\u0142\u0105cz\u0105 wska\u017aniki na stronach w internecie. Oferenci trzeci, \u0142\u0105cznie z Google, wykorzystuj\u0105 zapisane cookie do \u0142\u0105czenia wska\u017anik\u00f3w w oparciu o poprzednie odwiedziny tej strony przez u\u017cytkownika.<\/p>\n<p>Google w \u017cadnym razie nie \u0142\u0105czy Twojego adresu IP z innymi danymi Google. Gromadzeniu i zapisowi danych mo\u017cna w ka\u017cdej chwili sprzeciwi\u0107 si\u0119 ze skutkiem na przysz\u0142o\u015b\u0107. U\u017cywanie cookie przez Google mo\u017cna w ka\u017cdej chwili wy\u0142\u0105czy\u0107, wywo\u0142uj\u0105c\u00a0<a class=\"external-link-new-window\" title=\"reklamy Google\" href=\"http:\/\/www.google.com\/policies\/technologies\/ads\/\" target=\"_blank\" rel=\"nofollow noopener\">stron\u0119 wy\u0142\u0105czania reklamy Google<\/a>. Alternatywnie, u\u017cytkownicy mog\u0105 wy\u0142\u0105czy\u0107 stosowanie cookie przez oferent\u00f3w trzecich, wywo\u0142uj\u0105c\u00a0<a class=\"external-link-new-window\" title=\"reklamy sieciowej\" href=\"http:\/\/www.networkadvertising.org\/choices\/\" target=\"_blank\" rel=\"nofollow noopener\">stron\u0119 dezaktywacji inicjatywy reklamy sieciowej<\/a>.<\/p>\n<p>Zwracamy jednak uwag\u0119 na to, \u017ce w tym przypadku nie wszystkie funkcje tej strony b\u0119dzie mo\u017cna w pe\u0142ni wykorzysta\u0107. Poprzez korzystanie z tej strony deklaruje si\u0119 zgod\u0119 na przetwarzanie danych zebranych o u\u017cytkowniku przez Google w wy\u017cej opisany spos\u00f3b i w wy\u017cej wymienionym celu.<\/p>\n<p>Gromadzeniu i zapisowi danych mo\u017cna w ka\u017cdej chwili sprzeciwi\u0107 si\u0119 ze skutkiem na przysz\u0142o\u015b\u0107. Dalsze wskaz\u00f3wki do przepis\u00f3w Google znajdziesz\u00a0<a class=\"external-link-new-window\" title=\"przepis\u00f3w Google\" href=\"http:\/\/www.google.com\/intl\/de\/policies\/privacy\/\" target=\"_blank\" rel=\"nofollow noopener\">tu<\/a>.<\/p>\n<h5>Inspektor ochrony danych<\/h5>\n<p>Ilja Alexander Jordy<br \/>Prawnik<br \/>Zewn\u0119trzny inspektor ochrony danych<br \/><br \/><a class=\"mail\" title=\"Opens internal link in current window\" href=\"mailto:dataprotection@e-kern.com\">dataprotection@e-kern.com<\/a><\/p>\t\t\t\t\t\t\t\t<\/div>\n\t\t\t\t<\/div>\n\t\t\t\t\t<\/div>\n\t\t\t\t<\/div>\n\t\t\t\t<\/div>\n\t\t","protected":false},"excerpt":{"rendered":"<p>O\u015bwiadczenie firmy KERN o ochronie danych Zasada Z powag\u0105 przyjmujemy ochron\u0119 Pa\u0144stwa danych osobowych i traktujemy je poufnie oraz stosownie do przepis\u00f3w ustawy o ochronie danych.\u00a0\u00a0\u00a0 Pobieranie danych Pobieramy i przetwarzamy dana osobowe tylko wtedy, gdy jest to konieczne dla ich uzasadnienia oraz rozbudowania pod wzgl\u0119dem tre\u015bci albo zmiany stosunku prawnego (dane o stanie). Nie [&hellip;]<\/p>\n","protected":false},"author":7,"featured_media":28299,"parent":0,"menu_order":0,"comment_status":"closed","ping_status":"closed","template":"","meta":{"_relevanssi_hide_post":"","_relevanssi_hide_content":"","_relevanssi_pin_for_all":"","_relevanssi_pin_keywords":"","_relevanssi_unpin_keywords":"","_relevanssi_related_keywords":"","_relevanssi_related_include_ids":"","_relevanssi_related_exclude_ids":"","_relevanssi_related_no_append":"","_relevanssi_related_not_related":"","_relevanssi_related_posts":"8065,8013,8135,8117,8131,8021","_relevanssi_noindex_reason":"","footnotes":""},"folder":[241],"class_list":["post-28878","page","type-page","status-publish","has-post-thumbnail","hentry"],"yoast_head":"<!-- This site is optimized with the Yoast SEO plugin v27.3 - https:\/\/yoast.com\/product\/yoast-seo-wordpress\/ -->\n<title>O\u015bwiadczenie firmy KERN o ochronie danych - \u00dcbersetzen und Dolmetschen in allen Weltsprachen | KERN AG<\/title>\n<meta name=\"robots\" content=\"index, follow, max-snippet:-1, max-image-preview:large, max-video-preview:-1\" \/>\n<link rel=\"canonical\" href=\"https:\/\/www.e-kern.com\/pl\/ochrona-danych\/\" \/>\n<meta property=\"og:locale\" content=\"pl_PL\" \/>\n<meta property=\"og:type\" content=\"article\" \/>\n<meta property=\"og:title\" content=\"O\u015bwiadczenie firmy KERN o ochronie danych - \u00dcbersetzen und Dolmetschen in allen Weltsprachen | KERN AG\" \/>\n<meta property=\"og:description\" content=\"O\u015bwiadczenie firmy KERN o ochronie danych Zasada Z powag\u0105 przyjmujemy ochron\u0119 Pa\u0144stwa danych osobowych i traktujemy je poufnie oraz stosownie do przepis\u00f3w ustawy o ochronie danych.\u00a0\u00a0\u00a0 Pobieranie danych Pobieramy i przetwarzamy dana osobowe tylko wtedy, gdy jest to konieczne dla ich uzasadnienia oraz rozbudowania pod wzgl\u0119dem tre\u015bci albo zmiany stosunku prawnego (dane o stanie). Nie [&hellip;]\" \/>\n<meta property=\"og:url\" content=\"https:\/\/www.e-kern.com\/pl\/ochrona-danych\/\" \/>\n<meta property=\"og:site_name\" content=\"\u00dcbersetzen und Dolmetschen in allen Weltsprachen | KERN AG\" \/>\n<meta property=\"article:publisher\" content=\"https:\/\/www.facebook.com\/KernAG\/\" \/>\n<meta property=\"article:modified_time\" content=\"2026-02-16T16:42:37+00:00\" \/>\n<meta property=\"og:image\" content=\"https:\/\/www.e-kern.com\/wp-content\/uploads\/2026\/01\/datenschutzerklaerung.webp\" \/>\n\t<meta property=\"og:image:width\" content=\"1024\" \/>\n\t<meta property=\"og:image:height\" content=\"768\" \/>\n\t<meta property=\"og:image:type\" content=\"image\/webp\" \/>\n<meta name=\"twitter:card\" content=\"summary_large_image\" \/>\n<meta name=\"twitter:label1\" content=\"Szacowany czas czytania\" \/>\n\t<meta name=\"twitter:data1\" content=\"5 minut\" \/>\n<script type=\"application\/ld+json\" class=\"yoast-schema-graph\">{\"@context\":\"https:\\\/\\\/schema.org\",\"@graph\":[{\"@type\":\"WebPage\",\"@id\":\"https:\\\/\\\/www.e-kern.com\\\/pl\\\/ochrona-danych\\\/\",\"url\":\"https:\\\/\\\/www.e-kern.com\\\/pl\\\/ochrona-danych\\\/\",\"name\":\"O\u015bwiadczenie firmy KERN o ochronie danych - \u00dcbersetzen und Dolmetschen in allen Weltsprachen | KERN AG\",\"isPartOf\":{\"@id\":\"https:\\\/\\\/www.e-kern.com\\\/pl\\\/#website\"},\"primaryImageOfPage\":{\"@id\":\"https:\\\/\\\/www.e-kern.com\\\/pl\\\/ochrona-danych\\\/#primaryimage\"},\"image\":{\"@id\":\"https:\\\/\\\/www.e-kern.com\\\/pl\\\/ochrona-danych\\\/#primaryimage\"},\"thumbnailUrl\":\"https:\\\/\\\/www.e-kern.com\\\/wp-content\\\/uploads\\\/2026\\\/01\\\/datenschutzerklaerung.webp\",\"datePublished\":\"2026-01-06T14:06:32+00:00\",\"dateModified\":\"2026-02-16T16:42:37+00:00\",\"breadcrumb\":{\"@id\":\"https:\\\/\\\/www.e-kern.com\\\/pl\\\/ochrona-danych\\\/#breadcrumb\"},\"inLanguage\":\"pl-PL\",\"potentialAction\":[{\"@type\":\"ReadAction\",\"target\":[\"https:\\\/\\\/www.e-kern.com\\\/pl\\\/ochrona-danych\\\/\"]}]},{\"@type\":\"ImageObject\",\"inLanguage\":\"pl-PL\",\"@id\":\"https:\\\/\\\/www.e-kern.com\\\/pl\\\/ochrona-danych\\\/#primaryimage\",\"url\":\"https:\\\/\\\/www.e-kern.com\\\/wp-content\\\/uploads\\\/2026\\\/01\\\/datenschutzerklaerung.webp\",\"contentUrl\":\"https:\\\/\\\/www.e-kern.com\\\/wp-content\\\/uploads\\\/2026\\\/01\\\/datenschutzerklaerung.webp\",\"width\":1024,\"height\":768},{\"@type\":\"BreadcrumbList\",\"@id\":\"https:\\\/\\\/www.e-kern.com\\\/pl\\\/ochrona-danych\\\/#breadcrumb\",\"itemListElement\":[{\"@type\":\"ListItem\",\"position\":1,\"name\":\"Strona g\u0142\u00f3wna\",\"item\":\"https:\\\/\\\/www.e-kern.com\\\/pl\\\/\"},{\"@type\":\"ListItem\",\"position\":2,\"name\":\"O\u015bwiadczenie firmy KERN o ochronie danych\"}]},{\"@type\":\"WebSite\",\"@id\":\"https:\\\/\\\/www.e-kern.com\\\/pl\\\/#website\",\"url\":\"https:\\\/\\\/www.e-kern.com\\\/pl\\\/\",\"name\":\"\u00dcbersetzen und Dolmetschen in allen Weltsprachen | KERN AG\",\"description\":\"\",\"publisher\":{\"@id\":\"https:\\\/\\\/www.e-kern.com\\\/pl\\\/#organization\"},\"potentialAction\":[{\"@type\":\"SearchAction\",\"target\":{\"@type\":\"EntryPoint\",\"urlTemplate\":\"https:\\\/\\\/www.e-kern.com\\\/pl\\\/?s={search_term_string}\"},\"query-input\":{\"@type\":\"PropertyValueSpecification\",\"valueRequired\":true,\"valueName\":\"search_term_string\"}}],\"inLanguage\":\"pl-PL\"},{\"@type\":\"Organization\",\"@id\":\"https:\\\/\\\/www.e-kern.com\\\/pl\\\/#organization\",\"name\":\"Kern AG\",\"alternateName\":\"Kern Global Language Services\",\"url\":\"https:\\\/\\\/www.e-kern.com\\\/pl\\\/\",\"logo\":{\"@type\":\"ImageObject\",\"inLanguage\":\"pl-PL\",\"@id\":\"https:\\\/\\\/www.e-kern.com\\\/pl\\\/#\\\/schema\\\/logo\\\/image\\\/\",\"url\":\"https:\\\/\\\/www.e-kern.com\\\/wp-content\\\/uploads\\\/2025\\\/10\\\/kern-ag-logo.svg\",\"contentUrl\":\"https:\\\/\\\/www.e-kern.com\\\/wp-content\\\/uploads\\\/2025\\\/10\\\/kern-ag-logo.svg\",\"width\":668,\"height\":181,\"caption\":\"Kern AG\"},\"image\":{\"@id\":\"https:\\\/\\\/www.e-kern.com\\\/pl\\\/#\\\/schema\\\/logo\\\/image\\\/\"},\"sameAs\":[\"https:\\\/\\\/www.facebook.com\\\/KernAG\\\/\",\"https:\\\/\\\/www.linkedin.com\\\/company\\\/kern-global-language-services\\\/\",\"https:\\\/\\\/www.xing.com\\\/pages\\\/kernagsprachendienste\",\"https:\\\/\\\/www.youtube.com\\\/user\\\/KernLanguageServices\",\"https:\\\/\\\/www.instagram.com\\\/kern_ag\\\/\"]}]}<\/script>\n<!-- \/ Yoast SEO plugin. -->","yoast_head_json":{"title":"O\u015bwiadczenie firmy KERN o ochronie danych - \u00dcbersetzen und Dolmetschen in allen Weltsprachen | KERN AG","robots":{"index":"index","follow":"follow","max-snippet":"max-snippet:-1","max-image-preview":"max-image-preview:large","max-video-preview":"max-video-preview:-1"},"canonical":"https:\/\/www.e-kern.com\/pl\/ochrona-danych\/","og_locale":"pl_PL","og_type":"article","og_title":"O\u015bwiadczenie firmy KERN o ochronie danych - \u00dcbersetzen und Dolmetschen in allen Weltsprachen | KERN AG","og_description":"O\u015bwiadczenie firmy KERN o ochronie danych Zasada Z powag\u0105 przyjmujemy ochron\u0119 Pa\u0144stwa danych osobowych i traktujemy je poufnie oraz stosownie do przepis\u00f3w ustawy o ochronie danych.\u00a0\u00a0\u00a0 Pobieranie danych Pobieramy i przetwarzamy dana osobowe tylko wtedy, gdy jest to konieczne dla ich uzasadnienia oraz rozbudowania pod wzgl\u0119dem tre\u015bci albo zmiany stosunku prawnego (dane o stanie). Nie [&hellip;]","og_url":"https:\/\/www.e-kern.com\/pl\/ochrona-danych\/","og_site_name":"\u00dcbersetzen und Dolmetschen in allen Weltsprachen | KERN AG","article_publisher":"https:\/\/www.facebook.com\/KernAG\/","article_modified_time":"2026-02-16T16:42:37+00:00","og_image":[{"width":1024,"height":768,"url":"https:\/\/www.e-kern.com\/wp-content\/uploads\/2026\/01\/datenschutzerklaerung.webp","type":"image\/webp"}],"twitter_card":"summary_large_image","twitter_misc":{"Szacowany czas czytania":"5 minut"},"schema":{"@context":"https:\/\/schema.org","@graph":[{"@type":"WebPage","@id":"https:\/\/www.e-kern.com\/pl\/ochrona-danych\/","url":"https:\/\/www.e-kern.com\/pl\/ochrona-danych\/","name":"O\u015bwiadczenie firmy KERN o ochronie danych - \u00dcbersetzen und Dolmetschen in allen Weltsprachen | KERN AG","isPartOf":{"@id":"https:\/\/www.e-kern.com\/pl\/#website"},"primaryImageOfPage":{"@id":"https:\/\/www.e-kern.com\/pl\/ochrona-danych\/#primaryimage"},"image":{"@id":"https:\/\/www.e-kern.com\/pl\/ochrona-danych\/#primaryimage"},"thumbnailUrl":"https:\/\/www.e-kern.com\/wp-content\/uploads\/2026\/01\/datenschutzerklaerung.webp","datePublished":"2026-01-06T14:06:32+00:00","dateModified":"2026-02-16T16:42:37+00:00","breadcrumb":{"@id":"https:\/\/www.e-kern.com\/pl\/ochrona-danych\/#breadcrumb"},"inLanguage":"pl-PL","potentialAction":[{"@type":"ReadAction","target":["https:\/\/www.e-kern.com\/pl\/ochrona-danych\/"]}]},{"@type":"ImageObject","inLanguage":"pl-PL","@id":"https:\/\/www.e-kern.com\/pl\/ochrona-danych\/#primaryimage","url":"https:\/\/www.e-kern.com\/wp-content\/uploads\/2026\/01\/datenschutzerklaerung.webp","contentUrl":"https:\/\/www.e-kern.com\/wp-content\/uploads\/2026\/01\/datenschutzerklaerung.webp","width":1024,"height":768},{"@type":"BreadcrumbList","@id":"https:\/\/www.e-kern.com\/pl\/ochrona-danych\/#breadcrumb","itemListElement":[{"@type":"ListItem","position":1,"name":"Strona g\u0142\u00f3wna","item":"https:\/\/www.e-kern.com\/pl\/"},{"@type":"ListItem","position":2,"name":"O\u015bwiadczenie firmy KERN o ochronie danych"}]},{"@type":"WebSite","@id":"https:\/\/www.e-kern.com\/pl\/#website","url":"https:\/\/www.e-kern.com\/pl\/","name":"\u00dcbersetzen und Dolmetschen in allen Weltsprachen | KERN AG","description":"","publisher":{"@id":"https:\/\/www.e-kern.com\/pl\/#organization"},"potentialAction":[{"@type":"SearchAction","target":{"@type":"EntryPoint","urlTemplate":"https:\/\/www.e-kern.com\/pl\/?s={search_term_string}"},"query-input":{"@type":"PropertyValueSpecification","valueRequired":true,"valueName":"search_term_string"}}],"inLanguage":"pl-PL"},{"@type":"Organization","@id":"https:\/\/www.e-kern.com\/pl\/#organization","name":"Kern AG","alternateName":"Kern Global Language Services","url":"https:\/\/www.e-kern.com\/pl\/","logo":{"@type":"ImageObject","inLanguage":"pl-PL","@id":"https:\/\/www.e-kern.com\/pl\/#\/schema\/logo\/image\/","url":"https:\/\/www.e-kern.com\/wp-content\/uploads\/2025\/10\/kern-ag-logo.svg","contentUrl":"https:\/\/www.e-kern.com\/wp-content\/uploads\/2025\/10\/kern-ag-logo.svg","width":668,"height":181,"caption":"Kern AG"},"image":{"@id":"https:\/\/www.e-kern.com\/pl\/#\/schema\/logo\/image\/"},"sameAs":["https:\/\/www.facebook.com\/KernAG\/","https:\/\/www.linkedin.com\/company\/kern-global-language-services\/","https:\/\/www.xing.com\/pages\/kernagsprachendienste","https:\/\/www.youtube.com\/user\/KernLanguageServices","https:\/\/www.instagram.com\/kern_ag\/"]}]}},"_links":{"self":[{"href":"https:\/\/www.e-kern.com\/pl\/wp-json\/wp\/v2\/pages\/28878","targetHints":{"allow":["GET"]}}],"collection":[{"href":"https:\/\/www.e-kern.com\/pl\/wp-json\/wp\/v2\/pages"}],"about":[{"href":"https:\/\/www.e-kern.com\/pl\/wp-json\/wp\/v2\/types\/page"}],"author":[{"embeddable":true,"href":"https:\/\/www.e-kern.com\/pl\/wp-json\/wp\/v2\/users\/7"}],"replies":[{"embeddable":true,"href":"https:\/\/www.e-kern.com\/pl\/wp-json\/wp\/v2\/comments?post=28878"}],"version-history":[{"count":4,"href":"https:\/\/www.e-kern.com\/pl\/wp-json\/wp\/v2\/pages\/28878\/revisions"}],"predecessor-version":[{"id":28886,"href":"https:\/\/www.e-kern.com\/pl\/wp-json\/wp\/v2\/pages\/28878\/revisions\/28886"}],"wp:featuredmedia":[{"embeddable":true,"href":"https:\/\/www.e-kern.com\/pl\/wp-json\/wp\/v2\/media\/28299"}],"wp:attachment":[{"href":"https:\/\/www.e-kern.com\/pl\/wp-json\/wp\/v2\/media?parent=28878"}],"wp:term":[{"taxonomy":"folder","embeddable":true,"href":"https:\/\/www.e-kern.com\/pl\/wp-json\/wp\/v2\/folder?post=28878"}],"curies":[{"name":"wp","href":"https:\/\/api.w.org\/{rel}","templated":true}]}}