{"id":9193,"date":"2026-01-30T14:39:04","date_gmt":"2026-01-30T13:39:04","guid":{"rendered":"https:\/\/www.e-kern.com\/?page_id=9193"},"modified":"2026-02-11T17:55:18","modified_gmt":"2026-02-11T16:55:18","slug":"aushilfe-austria","status":"publish","type":"page","link":"https:\/\/www.e-kern.com\/de\/kern-welten\/karriere\/aushilfe-austria\/","title":{"rendered":"Aushilfe Austria"},"content":{"rendered":"\t\t<div data-elementor-type=\"wp-page\" data-elementor-id=\"9193\" class=\"elementor elementor-9193\" data-elementor-post-type=\"page\">\n\t\t\t\t<div class=\"elementor-element elementor-element-540b7f2 elementor-hidden-laptop elementor-hidden-tablet elementor-hidden-mobile e-flex e-con-boxed e-con e-parent\" data-id=\"540b7f2\" data-element_type=\"container\" data-e-type=\"container\" data-settings=\"{&quot;background_background&quot;:&quot;classic&quot;}\">\n\t\t\t\t\t<div class=\"e-con-inner\">\n\t\t\t\t\t<\/div>\n\t\t\t\t<\/div>\n\t\t<div class=\"elementor-element elementor-element-7af830e e-flex e-con-boxed e-con e-parent\" data-id=\"7af830e\" data-element_type=\"container\" data-e-type=\"container\" data-settings=\"{&quot;background_background&quot;:&quot;classic&quot;}\">\n\t\t\t\t\t<div class=\"e-con-inner\">\n\t\t\t\t<div class=\"elementor-element elementor-element-c27c2b0 elementor-widget elementor-widget-breadcrumbs\" data-id=\"c27c2b0\" data-element_type=\"widget\" data-e-type=\"widget\" data-widget_type=\"breadcrumbs.default\">\n\t\t\t\t\t<p id=\"breadcrumbs\"><span><span><a href=\"https:\/\/www.e-kern.com\/de\/\">Startseite<\/a><\/span><\/span><\/p>\t\t\t\t<\/div>\n\t\t\t\t\t<\/div>\n\t\t\t\t<\/div>\n\t\t<div class=\"elementor-element elementor-element-df78173 e-flex e-con-boxed e-con e-parent\" data-id=\"df78173\" data-element_type=\"container\" data-e-type=\"container\">\n\t\t\t\t\t<div class=\"e-con-inner\">\n\t\t<div class=\"elementor-element elementor-element-3bb3b4e e-con-full e-flex e-con e-child\" data-id=\"3bb3b4e\" data-element_type=\"container\" data-e-type=\"container\">\n\t\t<div class=\"elementor-element elementor-element-1a4bb99 e-con-full e-flex e-con e-child\" data-id=\"1a4bb99\" data-element_type=\"container\" data-e-type=\"container\" data-settings=\"{&quot;background_background&quot;:&quot;gradient&quot;}\">\n\t\t\t\t<\/div>\n\t\t\t\t<div class=\"elementor-element elementor-element-6dc42f1 elementor-widget elementor-widget-heading\" data-id=\"6dc42f1\" data-element_type=\"widget\" data-e-type=\"widget\" data-widget_type=\"heading.default\">\n\t\t\t\t\t<h1 class=\"elementor-heading-title elementor-size-default\">Vertretung\/Aushilfe (m\/w\/d) gesucht mit sehr guten Deutsch-\/Englisch&shy;kenntnissen<\/h1>\t\t\t\t<\/div>\n\t\t\t\t<div class=\"elementor-element elementor-element-ba7378c elementor-widget elementor-widget-heading\" data-id=\"ba7378c\" data-element_type=\"widget\" data-e-type=\"widget\" data-widget_type=\"heading.default\">\n\t\t\t\t\t<h2 class=\"elementor-heading-title elementor-size-default\">Arbeitgeber<\/h2>\t\t\t\t<\/div>\n\t\t\t\t<div class=\"elementor-element elementor-element-bbc14ed elementor-widget elementor-widget-text-editor\" data-id=\"bbc14ed\" data-element_type=\"widget\" data-e-type=\"widget\" data-widget_type=\"text-editor.default\">\n\t\t\t\t\t\t\t\t\t<p>KERN Austria GmbH<\/p>\t\t\t\t\t\t\t\t<\/div>\n\t\t\t\t<\/div>\n\t\t\t\t\t<\/div>\n\t\t\t\t<\/div>\n\t\t<div class=\"elementor-element elementor-element-231a16d e-flex e-con-boxed e-con e-parent\" data-id=\"231a16d\" data-element_type=\"container\" data-e-type=\"container\">\n\t\t\t\t\t<div class=\"e-con-inner\">\n\t\t<div class=\"elementor-element elementor-element-ac87b2c e-con-full e-flex e-con e-child\" data-id=\"ac87b2c\" data-element_type=\"container\" data-e-type=\"container\">\n\t\t\t\t<div class=\"elementor-element elementor-element-f21200f elementor-widget elementor-widget-heading\" data-id=\"f21200f\" data-element_type=\"widget\" data-e-type=\"widget\" data-widget_type=\"heading.default\">\n\t\t\t\t\t<h2 class=\"elementor-heading-title elementor-size-default\">Arbeitgeberbeschreibung<\/h2>\t\t\t\t<\/div>\n\t\t\t\t<div class=\"elementor-element elementor-element-4bd2443 elementor-widget elementor-widget-text-editor\" data-id=\"4bd2443\" data-element_type=\"widget\" data-e-type=\"widget\" data-widget_type=\"text-editor.default\">\n\t\t\t\t\t\t\t\t\t<p>Die KERN Group ist ein f\u00fchrender Anbieter im Bereich \u201eGlobale Kommunikation\u201c mit mehr als 60 Filialen und Tochterunternehmen weltweit. Zu den von der KERN Group angebotenen Dienstleistungen geh\u00f6ren \u00dcbersetzen und Dolmetschen in alle Weltsprachen, Software-, Multimedia- und Webseiten-Lokalisierung, Terminologieverwaltung, multilinguales Desktop-Publishing sowie Sprachkurse in den verschiedensten Sprachen f\u00fcr Privatpersonen und Firmen. Seit mehr als 50 Jahren steht KERN als bevorzugter Partner im Dienste seiner Kunden aus Wirtschaftsbranchen wie der Automobilindustrie, Medizin und Pharmaindustrie, Chemie, IT und dem Finanzsektor.<\/p>\t\t\t\t\t\t\t\t<\/div>\n\t\t\t\t<\/div>\n\t\t\t\t\t<\/div>\n\t\t\t\t<\/div>\n\t\t<div class=\"elementor-element elementor-element-0f847d9 e-flex e-con-boxed e-con e-parent\" data-id=\"0f847d9\" data-element_type=\"container\" data-e-type=\"container\">\n\t\t\t\t\t<div class=\"e-con-inner\">\n\t\t<div class=\"elementor-element elementor-element-232752b e-con-full e-flex e-con e-child\" data-id=\"232752b\" data-element_type=\"container\" data-e-type=\"container\">\n\t\t\t\t<div class=\"elementor-element elementor-element-d187b38 elementor-widget elementor-widget-heading\" data-id=\"d187b38\" data-element_type=\"widget\" data-e-type=\"widget\" data-widget_type=\"heading.default\">\n\t\t\t\t\t<h2 class=\"elementor-heading-title elementor-size-default\">Stellenbeschreibung<\/h2>\t\t\t\t<\/div>\n\t\t\t\t<div class=\"elementor-element elementor-element-c50eaa1 elementor-widget elementor-widget-text-editor\" data-id=\"c50eaa1\" data-element_type=\"widget\" data-e-type=\"widget\" data-widget_type=\"text-editor.default\">\n\t\t\t\t\t\t\t\t\t<p>F\u00fcr unsere Niederlassungen suchen wir zum n\u00e4chstm\u00f6glichen Termin studentische Aushilfen f\u00fcr allgemeine B\u00fcrot\u00e4tigkeiten mit Interesse an einer vielseitigen Position.<\/p><p><strong>Jobbeschreibung<\/strong>:<\/p><p>Ihre Aufgaben umfassen Auftragsbearbeitung, Lieferanten- und Kundenbetreuung, Telefondienst, allgemeine B\u00fcroarbeiten, Mailings, Ablage. Der Einsatz erfolgt per Abruf &#8211; f\u00fcr Urlaubs-\/Krankheitsvertretung, Stunden\/-Tage\/-Wochenweise.<\/p><p>Als Projektmanager sind wir eine Art Schnittstelle zwischen Kunden und dem \u00dcbersetzer\/Dolmetscher\/Lektor usw. Dabei haben wir mit den unterschiedlichsten Sprachen zu tun. Daher sind wir auf der Suche nach Personen, die gerne in einem vielsprachigen Umfeld arbeiten, organisieren und Auftr\u00e4ge koordinieren.<\/p>\t\t\t\t\t\t\t\t<\/div>\n\t\t\t\t<\/div>\n\t\t\t\t\t<\/div>\n\t\t\t\t<\/div>\n\t\t<div class=\"elementor-element elementor-element-0c18c15 e-flex e-con-boxed e-con e-parent\" data-id=\"0c18c15\" data-element_type=\"container\" data-e-type=\"container\">\n\t\t\t\t\t<div class=\"e-con-inner\">\n\t\t<div class=\"elementor-element elementor-element-7b4966d e-con-full e-flex e-con e-child\" data-id=\"7b4966d\" data-element_type=\"container\" data-e-type=\"container\">\n\t\t\t\t<div class=\"elementor-element elementor-element-94da19c elementor-widget elementor-widget-heading\" data-id=\"94da19c\" data-element_type=\"widget\" data-e-type=\"widget\" data-widget_type=\"heading.default\">\n\t\t\t\t\t<h2 class=\"elementor-heading-title elementor-size-default\">Stellenanforderung<\/h2>\t\t\t\t<\/div>\n\t\t\t\t<div class=\"elementor-element elementor-element-ca24e05 elementor-widget elementor-widget-text-editor\" data-id=\"ca24e05\" data-element_type=\"widget\" data-e-type=\"widget\" data-widget_type=\"text-editor.default\">\n\t\t\t\t\t\t\t\t\t<ul><li>Bevorzugt Student\/-in aus den sprachwissenschaftlichen Fachbereichen<\/li><li>Muttersprache Deutsch und \/ oder sehr gute Deutsch-\/Englischkenntnisse<\/li><li>Sie haben gute Kenntnisse der MS-Office-Programme und E-Mail und sind sicher im Umgang mit Computern<\/li><li>kaufm\u00e4nnische Erfahrung erw\u00fcnscht<\/li><li>Selbst\u00e4ndige Arbeitsweise<\/li><li>Abgeschlossenes Grundstudium erw\u00fcnscht oder Freiberufler mit flexiblen Einsatzzeiten<\/li><li>Sie k\u00f6nnen regelm\u00e4\u00dfig und dauerhaft Zeit f\u00fcr Ihre Mitarbeit einplanen<\/li><li>Sie arbeiten gerne im Team und sind es gewohnt, Ihre Aufgaben termingerecht zu erledigen<\/li><li>Flexibilit\u00e4t und Verantwortungsbewusstsein z\u00e4hlen zu Ihren besonderen F\u00e4higkeiten<\/li><\/ul>\t\t\t\t\t\t\t\t<\/div>\n\t\t\t\t<\/div>\n\t\t\t\t\t<\/div>\n\t\t\t\t<\/div>\n\t\t<div class=\"elementor-element elementor-element-6ac0092 e-flex e-con-boxed e-con e-parent\" data-id=\"6ac0092\" data-element_type=\"container\" data-e-type=\"container\">\n\t\t\t\t\t<div class=\"e-con-inner\">\n\t\t<div class=\"elementor-element elementor-element-ee5e7be e-con-full e-flex e-con e-child\" data-id=\"ee5e7be\" data-element_type=\"container\" data-e-type=\"container\">\n\t\t\t\t<div class=\"elementor-element elementor-element-fb81430 elementor-widget elementor-widget-text-editor\" data-id=\"fb81430\" data-element_type=\"widget\" data-e-type=\"widget\" data-widget_type=\"text-editor.default\">\n\t\t\t\t\t\t\t\t\t<p><strong>Gebiet\/Ort<\/strong>:<\/p><p>Innsbruck, Wien, Linz<\/p><p><strong>Kontakt<\/strong>:<\/p><p>KERN CEF<br \/>Europaplatz 4<br \/>4020 Linz<br \/>\u00d6sterreich<br \/><a href=\"mailto:office@kern-cef.at\">office@kern-cef.at<\/a><\/p><p><strong>Fachgebiet<\/strong>:<\/p><p>Projektmanagement, Sprachentraining<\/p><p><strong>Bildungsabschluss<\/strong>:<\/p><p>\u00dcbersetzer- und Fremdsprachenstudenten (m\/w)<\/p>\t\t\t\t\t\t\t\t<\/div>\n\t\t\t\t<\/div>\n\t\t\t\t\t<\/div>\n\t\t\t\t<\/div>\n\t\t<div class=\"elementor-element elementor-element-214fad0 e-flex e-con-boxed e-con e-parent\" data-id=\"214fad0\" data-element_type=\"container\" data-e-type=\"container\">\n\t\t\t\t\t<div class=\"e-con-inner\">\n\t\t<div class=\"elementor-element elementor-element-7f075c6 e-con-full e-flex e-con e-child\" data-id=\"7f075c6\" data-element_type=\"container\" data-e-type=\"container\">\n\t\t\t\t<div class=\"elementor-element elementor-element-bfcf920 elementor-widget elementor-widget-text-editor\" data-id=\"bfcf920\" data-element_type=\"widget\" data-e-type=\"widget\" data-widget_type=\"text-editor.default\">\n\t\t\t\t\t\t\t\t\t<p><a href=\"https:\/\/www.e-kern.com\/stellenangebote\/\">Zur\u00fcck zu den Stellenangeboten<\/a><\/p>\t\t\t\t\t\t\t\t<\/div>\n\t\t\t\t<\/div>\n\t\t\t\t\t<\/div>\n\t\t\t\t<\/div>\n\t\t\t\t<\/div>\n\t\t","protected":false},"excerpt":{"rendered":"<p>Aushilfe (m\/w\/d) in \u00d6sterreich: Unterst\u00fctzung im Tagesgesch\u00e4ft, Organisation &#038; Kommunikation im internationalen Umfeld.<\/p>\n","protected":false},"author":9,"featured_media":0,"parent":8179,"menu_order":0,"comment_status":"closed","ping_status":"closed","template":"","meta":{"_relevanssi_hide_post":"","_relevanssi_hide_content":"","_relevanssi_pin_for_all":"","_relevanssi_pin_keywords":"","_relevanssi_unpin_keywords":"","_relevanssi_related_keywords":"","_relevanssi_related_include_ids":"","_relevanssi_related_exclude_ids":"","_relevanssi_related_no_append":"","_relevanssi_related_not_related":"","_relevanssi_related_posts":"2408,2204,2722,2951,2789,2559","_relevanssi_noindex_reason":"","footnotes":""},"folder":[246],"class_list":["post-9193","page","type-page","status-publish","hentry"],"yoast_head":"<!-- This site is optimized with the Yoast SEO plugin v27.3 - https:\/\/yoast.com\/product\/yoast-seo-wordpress\/ -->\n<title>Aushilfe Austria | KERN AG<\/title>\n<meta name=\"description\" content=\"Aushilfe (m\/w\/d) in \u00d6sterreich: Unterst\u00fctzung im Tagesgesch\u00e4ft, Organisation &amp; Kommunikation im internationalen Umfeld. Jetzt bewerben!\" \/>\n<meta name=\"robots\" content=\"index, follow, max-snippet:-1, max-image-preview:large, max-video-preview:-1\" \/>\n<link rel=\"canonical\" href=\"https:\/\/www.e-kern.com\/de\/kern-welten\/karriere\/aushilfe-austria\/\" \/>\n<meta property=\"og:locale\" content=\"de_DE\" \/>\n<meta property=\"og:type\" content=\"article\" \/>\n<meta property=\"og:title\" content=\"Aushilfe Austria | KERN AG\" \/>\n<meta property=\"og:description\" content=\"Aushilfe (m\/w\/d) in \u00d6sterreich: Unterst\u00fctzung im Tagesgesch\u00e4ft, Organisation &amp; Kommunikation im internationalen Umfeld. Jetzt bewerben!\" \/>\n<meta property=\"og:url\" content=\"https:\/\/www.e-kern.com\/de\/kern-welten\/karriere\/aushilfe-austria\/\" \/>\n<meta property=\"og:site_name\" content=\"\u00dcbersetzen und Dolmetschen in allen Weltsprachen | KERN AG\" \/>\n<meta property=\"article:publisher\" content=\"https:\/\/www.facebook.com\/KernAG\/\" \/>\n<meta property=\"article:modified_time\" content=\"2026-02-11T16:55:18+00:00\" \/>\n<meta name=\"twitter:card\" content=\"summary_large_image\" \/>\n<meta name=\"twitter:label1\" content=\"Gesch\u00e4tzte Lesezeit\" \/>\n\t<meta name=\"twitter:data1\" content=\"2\u00a0Minuten\" \/>\n<script type=\"application\/ld+json\" class=\"yoast-schema-graph\">{\"@context\":\"https:\\\/\\\/schema.org\",\"@graph\":[{\"@type\":\"WebPage\",\"@id\":\"https:\\\/\\\/www.e-kern.com\\\/de\\\/kern-welten\\\/karriere\\\/aushilfe-austria\\\/\",\"url\":\"https:\\\/\\\/www.e-kern.com\\\/de\\\/kern-welten\\\/karriere\\\/aushilfe-austria\\\/\",\"name\":\"Aushilfe Austria | KERN AG\",\"isPartOf\":{\"@id\":\"https:\\\/\\\/www.e-kern.com\\\/de\\\/#website\"},\"datePublished\":\"2026-01-30T13:39:04+00:00\",\"dateModified\":\"2026-02-11T16:55:18+00:00\",\"description\":\"Aushilfe (m\\\/w\\\/d) in \u00d6sterreich: Unterst\u00fctzung im Tagesgesch\u00e4ft, Organisation & Kommunikation im internationalen Umfeld. Jetzt bewerben!\",\"breadcrumb\":{\"@id\":\"https:\\\/\\\/www.e-kern.com\\\/de\\\/kern-welten\\\/karriere\\\/aushilfe-austria\\\/#breadcrumb\"},\"inLanguage\":\"de\",\"potentialAction\":[{\"@type\":\"ReadAction\",\"target\":[\"https:\\\/\\\/www.e-kern.com\\\/de\\\/kern-welten\\\/karriere\\\/aushilfe-austria\\\/\"]}]},{\"@type\":\"BreadcrumbList\",\"@id\":\"https:\\\/\\\/www.e-kern.com\\\/de\\\/kern-welten\\\/karriere\\\/aushilfe-austria\\\/#breadcrumb\",\"itemListElement\":[{\"@type\":\"ListItem\",\"position\":1,\"name\":\"Startseite\",\"item\":\"https:\\\/\\\/www.e-kern.com\\\/de\\\/\"},{\"@type\":\"ListItem\",\"position\":2,\"name\":\"KERN Welten\",\"item\":\"https:\\\/\\\/www.e-kern.com\\\/de\\\/kern-welten\\\/\"},{\"@type\":\"ListItem\",\"position\":3,\"name\":\"Karriere\",\"item\":\"https:\\\/\\\/www.e-kern.com\\\/de\\\/kern-welten\\\/karriere\\\/\"},{\"@type\":\"ListItem\",\"position\":4,\"name\":\"Aushilfe Austria\"}]},{\"@type\":\"WebSite\",\"@id\":\"https:\\\/\\\/www.e-kern.com\\\/de\\\/#website\",\"url\":\"https:\\\/\\\/www.e-kern.com\\\/de\\\/\",\"name\":\"\u00dcbersetzen und Dolmetschen in allen Weltsprachen | KERN AG\",\"description\":\"\",\"publisher\":{\"@id\":\"https:\\\/\\\/www.e-kern.com\\\/de\\\/#organization\"},\"potentialAction\":[{\"@type\":\"SearchAction\",\"target\":{\"@type\":\"EntryPoint\",\"urlTemplate\":\"https:\\\/\\\/www.e-kern.com\\\/de\\\/?s={search_term_string}\"},\"query-input\":{\"@type\":\"PropertyValueSpecification\",\"valueRequired\":true,\"valueName\":\"search_term_string\"}}],\"inLanguage\":\"de\"},{\"@type\":\"Organization\",\"@id\":\"https:\\\/\\\/www.e-kern.com\\\/de\\\/#organization\",\"name\":\"Kern AG\",\"alternateName\":\"Kern Global Language Services\",\"url\":\"https:\\\/\\\/www.e-kern.com\\\/de\\\/\",\"logo\":{\"@type\":\"ImageObject\",\"inLanguage\":\"de\",\"@id\":\"https:\\\/\\\/www.e-kern.com\\\/de\\\/#\\\/schema\\\/logo\\\/image\\\/\",\"url\":\"https:\\\/\\\/www.e-kern.com\\\/wp-content\\\/uploads\\\/2025\\\/10\\\/kern-ag-logo.svg\",\"contentUrl\":\"https:\\\/\\\/www.e-kern.com\\\/wp-content\\\/uploads\\\/2025\\\/10\\\/kern-ag-logo.svg\",\"width\":668,\"height\":181,\"caption\":\"Kern AG\"},\"image\":{\"@id\":\"https:\\\/\\\/www.e-kern.com\\\/de\\\/#\\\/schema\\\/logo\\\/image\\\/\"},\"sameAs\":[\"https:\\\/\\\/www.facebook.com\\\/KernAG\\\/\",\"https:\\\/\\\/www.linkedin.com\\\/company\\\/kern-global-language-services\\\/\",\"https:\\\/\\\/www.xing.com\\\/pages\\\/kernagsprachendienste\",\"https:\\\/\\\/www.youtube.com\\\/user\\\/KernLanguageServices\",\"https:\\\/\\\/www.instagram.com\\\/kern_ag\\\/\"]}]}<\/script>\n<!-- \/ Yoast SEO plugin. -->","yoast_head_json":{"title":"Aushilfe Austria | KERN AG","description":"Aushilfe (m\/w\/d) in \u00d6sterreich: Unterst\u00fctzung im Tagesgesch\u00e4ft, Organisation & Kommunikation im internationalen Umfeld. Jetzt bewerben!","robots":{"index":"index","follow":"follow","max-snippet":"max-snippet:-1","max-image-preview":"max-image-preview:large","max-video-preview":"max-video-preview:-1"},"canonical":"https:\/\/www.e-kern.com\/de\/kern-welten\/karriere\/aushilfe-austria\/","og_locale":"de_DE","og_type":"article","og_title":"Aushilfe Austria | KERN AG","og_description":"Aushilfe (m\/w\/d) in \u00d6sterreich: Unterst\u00fctzung im Tagesgesch\u00e4ft, Organisation & Kommunikation im internationalen Umfeld. Jetzt bewerben!","og_url":"https:\/\/www.e-kern.com\/de\/kern-welten\/karriere\/aushilfe-austria\/","og_site_name":"\u00dcbersetzen und Dolmetschen in allen Weltsprachen | KERN AG","article_publisher":"https:\/\/www.facebook.com\/KernAG\/","article_modified_time":"2026-02-11T16:55:18+00:00","twitter_card":"summary_large_image","twitter_misc":{"Gesch\u00e4tzte Lesezeit":"2\u00a0Minuten"},"schema":{"@context":"https:\/\/schema.org","@graph":[{"@type":"WebPage","@id":"https:\/\/www.e-kern.com\/de\/kern-welten\/karriere\/aushilfe-austria\/","url":"https:\/\/www.e-kern.com\/de\/kern-welten\/karriere\/aushilfe-austria\/","name":"Aushilfe Austria | KERN AG","isPartOf":{"@id":"https:\/\/www.e-kern.com\/de\/#website"},"datePublished":"2026-01-30T13:39:04+00:00","dateModified":"2026-02-11T16:55:18+00:00","description":"Aushilfe (m\/w\/d) in \u00d6sterreich: Unterst\u00fctzung im Tagesgesch\u00e4ft, Organisation & Kommunikation im internationalen Umfeld. Jetzt bewerben!","breadcrumb":{"@id":"https:\/\/www.e-kern.com\/de\/kern-welten\/karriere\/aushilfe-austria\/#breadcrumb"},"inLanguage":"de","potentialAction":[{"@type":"ReadAction","target":["https:\/\/www.e-kern.com\/de\/kern-welten\/karriere\/aushilfe-austria\/"]}]},{"@type":"BreadcrumbList","@id":"https:\/\/www.e-kern.com\/de\/kern-welten\/karriere\/aushilfe-austria\/#breadcrumb","itemListElement":[{"@type":"ListItem","position":1,"name":"Startseite","item":"https:\/\/www.e-kern.com\/de\/"},{"@type":"ListItem","position":2,"name":"KERN Welten","item":"https:\/\/www.e-kern.com\/de\/kern-welten\/"},{"@type":"ListItem","position":3,"name":"Karriere","item":"https:\/\/www.e-kern.com\/de\/kern-welten\/karriere\/"},{"@type":"ListItem","position":4,"name":"Aushilfe Austria"}]},{"@type":"WebSite","@id":"https:\/\/www.e-kern.com\/de\/#website","url":"https:\/\/www.e-kern.com\/de\/","name":"\u00dcbersetzen und Dolmetschen in allen Weltsprachen | KERN AG","description":"","publisher":{"@id":"https:\/\/www.e-kern.com\/de\/#organization"},"potentialAction":[{"@type":"SearchAction","target":{"@type":"EntryPoint","urlTemplate":"https:\/\/www.e-kern.com\/de\/?s={search_term_string}"},"query-input":{"@type":"PropertyValueSpecification","valueRequired":true,"valueName":"search_term_string"}}],"inLanguage":"de"},{"@type":"Organization","@id":"https:\/\/www.e-kern.com\/de\/#organization","name":"Kern AG","alternateName":"Kern Global Language Services","url":"https:\/\/www.e-kern.com\/de\/","logo":{"@type":"ImageObject","inLanguage":"de","@id":"https:\/\/www.e-kern.com\/de\/#\/schema\/logo\/image\/","url":"https:\/\/www.e-kern.com\/wp-content\/uploads\/2025\/10\/kern-ag-logo.svg","contentUrl":"https:\/\/www.e-kern.com\/wp-content\/uploads\/2025\/10\/kern-ag-logo.svg","width":668,"height":181,"caption":"Kern AG"},"image":{"@id":"https:\/\/www.e-kern.com\/de\/#\/schema\/logo\/image\/"},"sameAs":["https:\/\/www.facebook.com\/KernAG\/","https:\/\/www.linkedin.com\/company\/kern-global-language-services\/","https:\/\/www.xing.com\/pages\/kernagsprachendienste","https:\/\/www.youtube.com\/user\/KernLanguageServices","https:\/\/www.instagram.com\/kern_ag\/"]}]}},"_links":{"self":[{"href":"https:\/\/www.e-kern.com\/de\/wp-json\/wp\/v2\/pages\/9193","targetHints":{"allow":["GET"]}}],"collection":[{"href":"https:\/\/www.e-kern.com\/de\/wp-json\/wp\/v2\/pages"}],"about":[{"href":"https:\/\/www.e-kern.com\/de\/wp-json\/wp\/v2\/types\/page"}],"author":[{"embeddable":true,"href":"https:\/\/www.e-kern.com\/de\/wp-json\/wp\/v2\/users\/9"}],"replies":[{"embeddable":true,"href":"https:\/\/www.e-kern.com\/de\/wp-json\/wp\/v2\/comments?post=9193"}],"version-history":[{"count":8,"href":"https:\/\/www.e-kern.com\/de\/wp-json\/wp\/v2\/pages\/9193\/revisions"}],"predecessor-version":[{"id":14084,"href":"https:\/\/www.e-kern.com\/de\/wp-json\/wp\/v2\/pages\/9193\/revisions\/14084"}],"up":[{"embeddable":true,"href":"https:\/\/www.e-kern.com\/de\/wp-json\/wp\/v2\/pages\/8179"}],"wp:attachment":[{"href":"https:\/\/www.e-kern.com\/de\/wp-json\/wp\/v2\/media?parent=9193"}],"wp:term":[{"taxonomy":"folder","embeddable":true,"href":"https:\/\/www.e-kern.com\/de\/wp-json\/wp\/v2\/folder?post=9193"}],"curies":[{"name":"wp","href":"https:\/\/api.w.org\/{rel}","templated":true}]}}