{"id":9175,"date":"2026-01-30T14:39:40","date_gmt":"2026-01-30T13:39:40","guid":{"rendered":"https:\/\/www.e-kern.com\/?page_id=9175"},"modified":"2026-02-16T16:48:06","modified_gmt":"2026-02-16T15:48:06","slug":"werkstudenten-uebersetzungsbereich","status":"publish","type":"page","link":"https:\/\/www.e-kern.com\/de\/kern-welten\/karriere\/werkstudenten-uebersetzungsbereich\/","title":{"rendered":"Werkstudenten \u00dcbersetzungsbereich"},"content":{"rendered":"\t\t<div data-elementor-type=\"wp-page\" data-elementor-id=\"9175\" class=\"elementor elementor-9175\" data-elementor-post-type=\"page\">\n\t\t\t\t<div class=\"elementor-element elementor-element-323d523 elementor-hidden-laptop elementor-hidden-tablet elementor-hidden-mobile e-flex e-con-boxed e-con e-parent\" data-id=\"323d523\" data-element_type=\"container\" data-e-type=\"container\" data-settings=\"{&quot;background_background&quot;:&quot;classic&quot;}\">\n\t\t\t\t\t<div class=\"e-con-inner\">\n\t\t\t\t\t<\/div>\n\t\t\t\t<\/div>\n\t\t<div class=\"elementor-element elementor-element-03f0526 e-flex e-con-boxed e-con e-parent\" data-id=\"03f0526\" data-element_type=\"container\" data-e-type=\"container\" data-settings=\"{&quot;background_background&quot;:&quot;classic&quot;}\">\n\t\t\t\t\t<div class=\"e-con-inner\">\n\t\t\t\t<div class=\"elementor-element elementor-element-9fd3797 elementor-widget elementor-widget-breadcrumbs\" data-id=\"9fd3797\" data-element_type=\"widget\" data-e-type=\"widget\" data-widget_type=\"breadcrumbs.default\">\n\t\t\t\t\t<p id=\"breadcrumbs\"><span><span><a href=\"https:\/\/www.e-kern.com\/de\/\">Startseite<\/a><\/span><\/span><\/p>\t\t\t\t<\/div>\n\t\t\t\t\t<\/div>\n\t\t\t\t<\/div>\n\t\t<div class=\"elementor-element elementor-element-96fbaee e-flex e-con-boxed e-con e-parent\" data-id=\"96fbaee\" data-element_type=\"container\" data-e-type=\"container\">\n\t\t\t\t\t<div class=\"e-con-inner\">\n\t\t<div class=\"elementor-element elementor-element-0f59341 e-con-full e-flex e-con e-child\" data-id=\"0f59341\" data-element_type=\"container\" data-e-type=\"container\">\n\t\t<div class=\"elementor-element elementor-element-ea61c0d e-con-full e-flex e-con e-child\" data-id=\"ea61c0d\" data-element_type=\"container\" data-e-type=\"container\" data-settings=\"{&quot;background_background&quot;:&quot;gradient&quot;}\">\n\t\t\t\t<\/div>\n\t\t\t\t<div class=\"elementor-element elementor-element-2509258 elementor-widget elementor-widget-heading\" data-id=\"2509258\" data-element_type=\"widget\" data-e-type=\"widget\" data-widget_type=\"heading.default\">\n\t\t\t\t\t<h1 class=\"elementor-heading-title elementor-size-default\">Werkstudenten (m\/w\/d) in der Kundenbetreuung &amp; im Projektmanage&shy;ment (\u00dcbersetzungs&shy;bereich)<\/h1>\t\t\t\t<\/div>\n\t\t\t\t<div class=\"elementor-element elementor-element-501f254 elementor-widget elementor-widget-heading\" data-id=\"501f254\" data-element_type=\"widget\" data-e-type=\"widget\" data-widget_type=\"heading.default\">\n\t\t\t\t\t<h2 class=\"elementor-heading-title elementor-size-default\">Arbeitgeber<\/h2>\t\t\t\t<\/div>\n\t\t\t\t<div class=\"elementor-element elementor-element-1ae5f5e elementor-widget elementor-widget-text-editor\" data-id=\"1ae5f5e\" data-element_type=\"widget\" data-e-type=\"widget\" data-widget_type=\"text-editor.default\">\n\t\t\t\t\t\t\t\t\t<p>KERN AG, Sprachendienste<\/p>\t\t\t\t\t\t\t\t<\/div>\n\t\t\t\t<\/div>\n\t\t\t\t\t<\/div>\n\t\t\t\t<\/div>\n\t\t<div class=\"elementor-element elementor-element-6daf400 e-flex e-con-boxed e-con e-parent\" data-id=\"6daf400\" data-element_type=\"container\" data-e-type=\"container\">\n\t\t\t\t\t<div class=\"e-con-inner\">\n\t\t<div class=\"elementor-element elementor-element-8d9cfd0 e-con-full e-flex e-con e-child\" data-id=\"8d9cfd0\" data-element_type=\"container\" data-e-type=\"container\">\n\t\t\t\t<div class=\"elementor-element elementor-element-48b2bbc elementor-widget elementor-widget-heading\" data-id=\"48b2bbc\" data-element_type=\"widget\" data-e-type=\"widget\" data-widget_type=\"heading.default\">\n\t\t\t\t\t<h2 class=\"elementor-heading-title elementor-size-default\">Arbeitgeberbeschreibung<\/h2>\t\t\t\t<\/div>\n\t\t\t\t<div class=\"elementor-element elementor-element-a917ac4 elementor-widget elementor-widget-text-editor\" data-id=\"a917ac4\" data-element_type=\"widget\" data-e-type=\"widget\" data-widget_type=\"text-editor.default\">\n\t\t\t\t\t\t\t\t\t<p>Die KERN AG, Sprachendienste ist ein f\u00fchrender Anbieter im Bereich globales Sprachenmanagement mit mehr als 60 Filialen und Tochterunternehmen weltweit. Zum Portfolio der KERN AG geh\u00f6ren \u00dcbersetzen und Dolmetschen in allen Weltsprachen, Software-, Multimedia- und Website-Lokalisierung, Terminologie- und Translation-Memory-Management, multilinguales Desktop-Publishing, Portall\u00f6sungen, Automatisierung und Prozessberatung sowie Sprachkurse, interkulturelles Training und Business Training f\u00fcr Firmen. Seit mehr als 50 Jahren steht die KERN AG als bevorzugter innovativer Partner im Dienste seiner Kunden aus Wirtschaftsbranchen wie der Automobilindustrie, Medizin und Pharmaindustrie, Chemie, IT und dem Finanzsektor.<\/p>\t\t\t\t\t\t\t\t<\/div>\n\t\t\t\t<\/div>\n\t\t\t\t\t<\/div>\n\t\t\t\t<\/div>\n\t\t<div class=\"elementor-element elementor-element-8c6f08e e-flex e-con-boxed e-con e-parent\" data-id=\"8c6f08e\" data-element_type=\"container\" data-e-type=\"container\">\n\t\t\t\t\t<div class=\"e-con-inner\">\n\t\t<div class=\"elementor-element elementor-element-7aa4d4d e-con-full e-flex e-con e-child\" data-id=\"7aa4d4d\" data-element_type=\"container\" data-e-type=\"container\">\n\t\t\t\t<div class=\"elementor-element elementor-element-2010f19 elementor-widget elementor-widget-heading\" data-id=\"2010f19\" data-element_type=\"widget\" data-e-type=\"widget\" data-widget_type=\"heading.default\">\n\t\t\t\t\t<h2 class=\"elementor-heading-title elementor-size-default\">Stellenbeschreibung<\/h2>\t\t\t\t<\/div>\n\t\t\t\t<div class=\"elementor-element elementor-element-8dee61a elementor-widget elementor-widget-text-editor\" data-id=\"8dee61a\" data-element_type=\"widget\" data-e-type=\"widget\" data-widget_type=\"text-editor.default\">\n\t\t\t\t\t\t\t\t\t<p>Sie unterst\u00fctzen in der der Kundenbetreuung und im Projektmanagement und sorgen daf\u00fcr, dass die Kunden mit unseren Leistungen zufrieden sind. Sie helfen bei der Erstellung von Angeboten, der Anlage von Auftr\u00e4gen und Bestellungen, dem Einsatz und Briefing unserer \u00dcbersetzer, Dolmetscher und weiterer Personen, der Bearbeitung von Kundendaten und unseren Daten, der Qualit\u00e4tssicherung, der Rechnungspr\u00fcfung- und Rechnungsstellung. Dazu nutzen Sie s\u00e4mtliche Medien, unter anderem Telefon, E-mail und Video.<\/p><p><strong>Einsatzzeit<\/strong>: Diese T\u00e4tigkeit umfasst bis zu 20 h \/ Woche, nach Vereinbarung.<\/p><p><strong>Bezahlung<\/strong>: 14,- Euro brutto pro Stunde<\/p>\t\t\t\t\t\t\t\t<\/div>\n\t\t\t\t<\/div>\n\t\t\t\t\t<\/div>\n\t\t\t\t<\/div>\n\t\t<div class=\"elementor-element elementor-element-76ac40c e-flex e-con-boxed e-con e-parent\" data-id=\"76ac40c\" data-element_type=\"container\" data-e-type=\"container\">\n\t\t\t\t\t<div class=\"e-con-inner\">\n\t\t<div class=\"elementor-element elementor-element-faa64b1 e-con-full e-flex e-con e-child\" data-id=\"faa64b1\" data-element_type=\"container\" data-e-type=\"container\">\n\t\t\t\t<div class=\"elementor-element elementor-element-7f0a0c1 elementor-widget elementor-widget-heading\" data-id=\"7f0a0c1\" data-element_type=\"widget\" data-e-type=\"widget\" data-widget_type=\"heading.default\">\n\t\t\t\t\t<h2 class=\"elementor-heading-title elementor-size-default\">Stellenanforderung<\/h2>\t\t\t\t<\/div>\n\t\t\t\t<div class=\"elementor-element elementor-element-b9235b9 elementor-widget elementor-widget-text-editor\" data-id=\"b9235b9\" data-element_type=\"widget\" data-e-type=\"widget\" data-widget_type=\"text-editor.default\">\n\t\t\t\t\t\t\t\t\t<ul><li>Sie studieren an einer Hochschule Sprachwissenschaften, Betriebswirtschaft, Geisteswissenschaften, oder \u00e4hnliche Fachgebiete<\/li><li>Sie zeichnen sich durch einen sicheren Umgang mit g\u00e4ngigen Internet- und PC- Anwendungen (MS Office) aus<\/li><li>Sehr gute Deutschkenntnisse, weitere Sprachkenntnisse w\u00fcnschenswert<\/li><li>Sie arbeiten gerne im Team und sind es gewohnt, Ihre Aufgaben termingerecht zu erledigen<\/li><\/ul>\t\t\t\t\t\t\t\t<\/div>\n\t\t\t\t<\/div>\n\t\t\t\t\t<\/div>\n\t\t\t\t<\/div>\n\t\t<div class=\"elementor-element elementor-element-04f9c32 e-flex e-con-boxed e-con e-parent\" data-id=\"04f9c32\" data-element_type=\"container\" data-e-type=\"container\">\n\t\t\t\t\t<div class=\"e-con-inner\">\n\t\t<div class=\"elementor-element elementor-element-6cc75cc e-con-full e-flex e-con e-child\" data-id=\"6cc75cc\" data-element_type=\"container\" data-e-type=\"container\">\n\t\t\t\t<div class=\"elementor-element elementor-element-5f7ae7f elementor-widget elementor-widget-text-editor\" data-id=\"5f7ae7f\" data-element_type=\"widget\" data-e-type=\"widget\" data-widget_type=\"text-editor.default\">\n\t\t\t\t\t\t\t\t\t<p><strong>Gebiet\/Ort<\/strong>:<\/p><p>Heilbronn, Karlsruhe<\/p><p><strong>Kontakt<\/strong>:<\/p><p>KERN AG, Sprachendienste<br \/>Personalabteilung<br \/>Kurf\u00fcrstenstra\u00dfe 1<br \/>60486 Frankfurt am Main<br \/>Tel.: (069) 75 60 73-70<br \/><a href=\"mailto:helen.buebl@e-kern.com\">helen.buebl@e-kern.com<\/a><\/p><p><strong>Branche<\/strong>:<\/p><p>Sprachendienste, Projektmanagement<\/p><p><strong>Fachgebiet<\/strong>:<\/p><p>Projektmanagement, Sprachentraining<\/p><p><strong>Bildungsabschluss<\/strong>:<\/p><p>\u00dcbersetzer- und Fremdsprachenstudenten (m\/w), Allgemeine Hochschulreife<\/p>\t\t\t\t\t\t\t\t<\/div>\n\t\t\t\t<\/div>\n\t\t\t\t\t<\/div>\n\t\t\t\t<\/div>\n\t\t<div class=\"elementor-element elementor-element-cce4cf0 e-flex e-con-boxed e-con e-parent\" data-id=\"cce4cf0\" data-element_type=\"container\" data-e-type=\"container\">\n\t\t\t\t\t<div class=\"e-con-inner\">\n\t\t<div class=\"elementor-element elementor-element-62d6a3d e-con-full e-flex e-con e-child\" data-id=\"62d6a3d\" data-element_type=\"container\" data-e-type=\"container\">\n\t\t\t\t<div class=\"elementor-element elementor-element-926ea09 elementor-widget elementor-widget-heading\" data-id=\"926ea09\" data-element_type=\"widget\" data-e-type=\"widget\" data-widget_type=\"heading.default\">\n\t\t\t\t\t<h2 class=\"elementor-heading-title elementor-size-default\">Ihre Vorteile<\/h2>\t\t\t\t<\/div>\n\t\t\t\t<div class=\"elementor-element elementor-element-7caedb7 elementor-widget elementor-widget-text-editor\" data-id=\"7caedb7\" data-element_type=\"widget\" data-e-type=\"widget\" data-widget_type=\"text-editor.default\">\n\t\t\t\t\t\t\t\t\t<ul><li>Ein attraktives und internationales Firmenumfeld<\/li><li>Eine offene und kommunikative Unternehmenskultur<\/li><li>Ein starkes Team mit viel Freiraum und kurzen Entscheidungswegen<\/li><li>Eine zuk\u00fcnftige m\u00f6gliche \u00dcbernahme in unser Kundenbetreuungs- oder Vertriebsteam<\/li><\/ul>\t\t\t\t\t\t\t\t<\/div>\n\t\t\t\t<\/div>\n\t\t\t\t\t<\/div>\n\t\t\t\t<\/div>\n\t\t<div class=\"elementor-element elementor-element-ac8bc5c e-flex e-con-boxed e-con e-parent\" data-id=\"ac8bc5c\" data-element_type=\"container\" data-e-type=\"container\">\n\t\t\t\t\t<div class=\"e-con-inner\">\n\t\t<div class=\"elementor-element elementor-element-9a5797d e-con-full e-flex e-con e-child\" data-id=\"9a5797d\" data-element_type=\"container\" data-e-type=\"container\">\n\t\t\t\t<div class=\"elementor-element elementor-element-7bc2f89 elementor-widget elementor-widget-heading\" data-id=\"7bc2f89\" data-element_type=\"widget\" data-e-type=\"widget\" data-widget_type=\"heading.default\">\n\t\t\t\t\t<h2 class=\"elementor-heading-title elementor-size-default\">Bewerbungsinformationen<\/h2>\t\t\t\t<\/div>\n\t\t\t\t<div class=\"elementor-element elementor-element-09915fb elementor-widget elementor-widget-text-editor\" data-id=\"09915fb\" data-element_type=\"widget\" data-e-type=\"widget\" data-widget_type=\"text-editor.default\">\n\t\t\t\t\t\t\t\t\t<p>Interessenten bitten wir um Zusendung von Bewerbungsunterlagen (tabellarischer Lebenslauf, Zeugniskopien und fr\u00fchestm\u00f6glicher Eintrittstermin).<\/p><p><a href=\"https:\/\/www.e-kern.com\/kern-welten\/karriere\/#studenten\">Zur\u00fcck zu den Stellenangeboten<\/a><\/p>\t\t\t\t\t\t\t\t<\/div>\n\t\t\t\t<\/div>\n\t\t\t\t\t<\/div>\n\t\t\t\t<\/div>\n\t\t\t\t<\/div>\n\t\t","protected":false},"excerpt":{"rendered":"<p>Werkstudent im \u00dcbersetzungsbereich: Unterst\u00fctzung im Projektmanagement, Koordination von \u00dcbersetzungen &#038; Kommunikation.<\/p>\n","protected":false},"author":9,"featured_media":0,"parent":8179,"menu_order":0,"comment_status":"closed","ping_status":"closed","template":"","meta":{"_relevanssi_hide_post":"","_relevanssi_hide_content":"","_relevanssi_pin_for_all":"","_relevanssi_pin_keywords":"","_relevanssi_unpin_keywords":"","_relevanssi_related_keywords":"","_relevanssi_related_include_ids":"","_relevanssi_related_exclude_ids":"","_relevanssi_related_no_append":"","_relevanssi_related_not_related":"","_relevanssi_related_posts":"2710,2158,2235,2184,2296,2317","_relevanssi_noindex_reason":"","footnotes":""},"folder":[246],"class_list":["post-9175","page","type-page","status-publish","hentry"],"yoast_head":"<!-- This site is optimized with the Yoast SEO plugin v27.3 - https:\/\/yoast.com\/product\/yoast-seo-wordpress\/ -->\n<title>Werkstudenten \u00dcbersetzungsbereich | KERN AG<\/title>\n<meta name=\"description\" content=\"Werkstudent im \u00dcbersetzungsbereich: Unterst\u00fctzung im Projektmanagement, Koordination von \u00dcbersetzungen &amp; Kommunikation. Jetzt bewerben!\" \/>\n<meta name=\"robots\" content=\"index, follow, max-snippet:-1, max-image-preview:large, max-video-preview:-1\" \/>\n<link rel=\"canonical\" href=\"https:\/\/www.e-kern.com\/de\/kern-welten\/karriere\/werkstudenten-uebersetzungsbereich\/\" \/>\n<meta property=\"og:locale\" content=\"de_DE\" \/>\n<meta property=\"og:type\" content=\"article\" \/>\n<meta property=\"og:title\" content=\"Werkstudenten \u00dcbersetzungsbereich | KERN AG\" \/>\n<meta property=\"og:description\" content=\"Werkstudent im \u00dcbersetzungsbereich: Unterst\u00fctzung im Projektmanagement, Koordination von \u00dcbersetzungen &amp; Kommunikation. Jetzt bewerben!\" \/>\n<meta property=\"og:url\" content=\"https:\/\/www.e-kern.com\/de\/kern-welten\/karriere\/werkstudenten-uebersetzungsbereich\/\" \/>\n<meta property=\"og:site_name\" content=\"\u00dcbersetzen und Dolmetschen in allen Weltsprachen | KERN AG\" \/>\n<meta property=\"article:publisher\" content=\"https:\/\/www.facebook.com\/KernAG\/\" \/>\n<meta property=\"article:modified_time\" content=\"2026-02-16T15:48:06+00:00\" \/>\n<meta name=\"twitter:card\" content=\"summary_large_image\" \/>\n<meta name=\"twitter:label1\" content=\"Gesch\u00e4tzte Lesezeit\" \/>\n\t<meta name=\"twitter:data1\" content=\"2\u00a0Minuten\" \/>\n<script type=\"application\/ld+json\" class=\"yoast-schema-graph\">{\"@context\":\"https:\\\/\\\/schema.org\",\"@graph\":[{\"@type\":\"WebPage\",\"@id\":\"https:\\\/\\\/www.e-kern.com\\\/de\\\/kern-welten\\\/karriere\\\/werkstudenten-uebersetzungsbereich\\\/\",\"url\":\"https:\\\/\\\/www.e-kern.com\\\/de\\\/kern-welten\\\/karriere\\\/werkstudenten-uebersetzungsbereich\\\/\",\"name\":\"Werkstudenten \u00dcbersetzungsbereich | KERN AG\",\"isPartOf\":{\"@id\":\"https:\\\/\\\/www.e-kern.com\\\/de\\\/#website\"},\"datePublished\":\"2026-01-30T13:39:40+00:00\",\"dateModified\":\"2026-02-16T15:48:06+00:00\",\"description\":\"Werkstudent im \u00dcbersetzungsbereich: Unterst\u00fctzung im Projektmanagement, Koordination von \u00dcbersetzungen & Kommunikation. Jetzt bewerben!\",\"breadcrumb\":{\"@id\":\"https:\\\/\\\/www.e-kern.com\\\/de\\\/kern-welten\\\/karriere\\\/werkstudenten-uebersetzungsbereich\\\/#breadcrumb\"},\"inLanguage\":\"de\",\"potentialAction\":[{\"@type\":\"ReadAction\",\"target\":[\"https:\\\/\\\/www.e-kern.com\\\/de\\\/kern-welten\\\/karriere\\\/werkstudenten-uebersetzungsbereich\\\/\"]}]},{\"@type\":\"BreadcrumbList\",\"@id\":\"https:\\\/\\\/www.e-kern.com\\\/de\\\/kern-welten\\\/karriere\\\/werkstudenten-uebersetzungsbereich\\\/#breadcrumb\",\"itemListElement\":[{\"@type\":\"ListItem\",\"position\":1,\"name\":\"Startseite\",\"item\":\"https:\\\/\\\/www.e-kern.com\\\/de\\\/\"},{\"@type\":\"ListItem\",\"position\":2,\"name\":\"KERN Welten\",\"item\":\"https:\\\/\\\/www.e-kern.com\\\/de\\\/kern-welten\\\/\"},{\"@type\":\"ListItem\",\"position\":3,\"name\":\"Karriere\",\"item\":\"https:\\\/\\\/www.e-kern.com\\\/de\\\/kern-welten\\\/karriere\\\/\"},{\"@type\":\"ListItem\",\"position\":4,\"name\":\"Werkstudenten \u00dcbersetzungsbereich\"}]},{\"@type\":\"WebSite\",\"@id\":\"https:\\\/\\\/www.e-kern.com\\\/de\\\/#website\",\"url\":\"https:\\\/\\\/www.e-kern.com\\\/de\\\/\",\"name\":\"\u00dcbersetzen und Dolmetschen in allen Weltsprachen | KERN AG\",\"description\":\"\",\"publisher\":{\"@id\":\"https:\\\/\\\/www.e-kern.com\\\/de\\\/#organization\"},\"potentialAction\":[{\"@type\":\"SearchAction\",\"target\":{\"@type\":\"EntryPoint\",\"urlTemplate\":\"https:\\\/\\\/www.e-kern.com\\\/de\\\/?s={search_term_string}\"},\"query-input\":{\"@type\":\"PropertyValueSpecification\",\"valueRequired\":true,\"valueName\":\"search_term_string\"}}],\"inLanguage\":\"de\"},{\"@type\":\"Organization\",\"@id\":\"https:\\\/\\\/www.e-kern.com\\\/de\\\/#organization\",\"name\":\"Kern AG\",\"alternateName\":\"Kern Global Language Services\",\"url\":\"https:\\\/\\\/www.e-kern.com\\\/de\\\/\",\"logo\":{\"@type\":\"ImageObject\",\"inLanguage\":\"de\",\"@id\":\"https:\\\/\\\/www.e-kern.com\\\/de\\\/#\\\/schema\\\/logo\\\/image\\\/\",\"url\":\"https:\\\/\\\/www.e-kern.com\\\/wp-content\\\/uploads\\\/2025\\\/10\\\/kern-ag-logo.svg\",\"contentUrl\":\"https:\\\/\\\/www.e-kern.com\\\/wp-content\\\/uploads\\\/2025\\\/10\\\/kern-ag-logo.svg\",\"width\":668,\"height\":181,\"caption\":\"Kern AG\"},\"image\":{\"@id\":\"https:\\\/\\\/www.e-kern.com\\\/de\\\/#\\\/schema\\\/logo\\\/image\\\/\"},\"sameAs\":[\"https:\\\/\\\/www.facebook.com\\\/KernAG\\\/\",\"https:\\\/\\\/www.linkedin.com\\\/company\\\/kern-global-language-services\\\/\",\"https:\\\/\\\/www.xing.com\\\/pages\\\/kernagsprachendienste\",\"https:\\\/\\\/www.youtube.com\\\/user\\\/KernLanguageServices\",\"https:\\\/\\\/www.instagram.com\\\/kern_ag\\\/\"]}]}<\/script>\n<!-- \/ Yoast SEO plugin. -->","yoast_head_json":{"title":"Werkstudenten \u00dcbersetzungsbereich | KERN AG","description":"Werkstudent im \u00dcbersetzungsbereich: Unterst\u00fctzung im Projektmanagement, Koordination von \u00dcbersetzungen & Kommunikation. Jetzt bewerben!","robots":{"index":"index","follow":"follow","max-snippet":"max-snippet:-1","max-image-preview":"max-image-preview:large","max-video-preview":"max-video-preview:-1"},"canonical":"https:\/\/www.e-kern.com\/de\/kern-welten\/karriere\/werkstudenten-uebersetzungsbereich\/","og_locale":"de_DE","og_type":"article","og_title":"Werkstudenten \u00dcbersetzungsbereich | KERN AG","og_description":"Werkstudent im \u00dcbersetzungsbereich: Unterst\u00fctzung im Projektmanagement, Koordination von \u00dcbersetzungen & Kommunikation. Jetzt bewerben!","og_url":"https:\/\/www.e-kern.com\/de\/kern-welten\/karriere\/werkstudenten-uebersetzungsbereich\/","og_site_name":"\u00dcbersetzen und Dolmetschen in allen Weltsprachen | KERN AG","article_publisher":"https:\/\/www.facebook.com\/KernAG\/","article_modified_time":"2026-02-16T15:48:06+00:00","twitter_card":"summary_large_image","twitter_misc":{"Gesch\u00e4tzte Lesezeit":"2\u00a0Minuten"},"schema":{"@context":"https:\/\/schema.org","@graph":[{"@type":"WebPage","@id":"https:\/\/www.e-kern.com\/de\/kern-welten\/karriere\/werkstudenten-uebersetzungsbereich\/","url":"https:\/\/www.e-kern.com\/de\/kern-welten\/karriere\/werkstudenten-uebersetzungsbereich\/","name":"Werkstudenten \u00dcbersetzungsbereich | KERN AG","isPartOf":{"@id":"https:\/\/www.e-kern.com\/de\/#website"},"datePublished":"2026-01-30T13:39:40+00:00","dateModified":"2026-02-16T15:48:06+00:00","description":"Werkstudent im \u00dcbersetzungsbereich: Unterst\u00fctzung im Projektmanagement, Koordination von \u00dcbersetzungen & Kommunikation. Jetzt bewerben!","breadcrumb":{"@id":"https:\/\/www.e-kern.com\/de\/kern-welten\/karriere\/werkstudenten-uebersetzungsbereich\/#breadcrumb"},"inLanguage":"de","potentialAction":[{"@type":"ReadAction","target":["https:\/\/www.e-kern.com\/de\/kern-welten\/karriere\/werkstudenten-uebersetzungsbereich\/"]}]},{"@type":"BreadcrumbList","@id":"https:\/\/www.e-kern.com\/de\/kern-welten\/karriere\/werkstudenten-uebersetzungsbereich\/#breadcrumb","itemListElement":[{"@type":"ListItem","position":1,"name":"Startseite","item":"https:\/\/www.e-kern.com\/de\/"},{"@type":"ListItem","position":2,"name":"KERN Welten","item":"https:\/\/www.e-kern.com\/de\/kern-welten\/"},{"@type":"ListItem","position":3,"name":"Karriere","item":"https:\/\/www.e-kern.com\/de\/kern-welten\/karriere\/"},{"@type":"ListItem","position":4,"name":"Werkstudenten \u00dcbersetzungsbereich"}]},{"@type":"WebSite","@id":"https:\/\/www.e-kern.com\/de\/#website","url":"https:\/\/www.e-kern.com\/de\/","name":"\u00dcbersetzen und Dolmetschen in allen Weltsprachen | KERN AG","description":"","publisher":{"@id":"https:\/\/www.e-kern.com\/de\/#organization"},"potentialAction":[{"@type":"SearchAction","target":{"@type":"EntryPoint","urlTemplate":"https:\/\/www.e-kern.com\/de\/?s={search_term_string}"},"query-input":{"@type":"PropertyValueSpecification","valueRequired":true,"valueName":"search_term_string"}}],"inLanguage":"de"},{"@type":"Organization","@id":"https:\/\/www.e-kern.com\/de\/#organization","name":"Kern AG","alternateName":"Kern Global Language Services","url":"https:\/\/www.e-kern.com\/de\/","logo":{"@type":"ImageObject","inLanguage":"de","@id":"https:\/\/www.e-kern.com\/de\/#\/schema\/logo\/image\/","url":"https:\/\/www.e-kern.com\/wp-content\/uploads\/2025\/10\/kern-ag-logo.svg","contentUrl":"https:\/\/www.e-kern.com\/wp-content\/uploads\/2025\/10\/kern-ag-logo.svg","width":668,"height":181,"caption":"Kern AG"},"image":{"@id":"https:\/\/www.e-kern.com\/de\/#\/schema\/logo\/image\/"},"sameAs":["https:\/\/www.facebook.com\/KernAG\/","https:\/\/www.linkedin.com\/company\/kern-global-language-services\/","https:\/\/www.xing.com\/pages\/kernagsprachendienste","https:\/\/www.youtube.com\/user\/KernLanguageServices","https:\/\/www.instagram.com\/kern_ag\/"]}]}},"_links":{"self":[{"href":"https:\/\/www.e-kern.com\/de\/wp-json\/wp\/v2\/pages\/9175","targetHints":{"allow":["GET"]}}],"collection":[{"href":"https:\/\/www.e-kern.com\/de\/wp-json\/wp\/v2\/pages"}],"about":[{"href":"https:\/\/www.e-kern.com\/de\/wp-json\/wp\/v2\/types\/page"}],"author":[{"embeddable":true,"href":"https:\/\/www.e-kern.com\/de\/wp-json\/wp\/v2\/users\/9"}],"replies":[{"embeddable":true,"href":"https:\/\/www.e-kern.com\/de\/wp-json\/wp\/v2\/comments?post=9175"}],"version-history":[{"count":10,"href":"https:\/\/www.e-kern.com\/de\/wp-json\/wp\/v2\/pages\/9175\/revisions"}],"predecessor-version":[{"id":28719,"href":"https:\/\/www.e-kern.com\/de\/wp-json\/wp\/v2\/pages\/9175\/revisions\/28719"}],"up":[{"embeddable":true,"href":"https:\/\/www.e-kern.com\/de\/wp-json\/wp\/v2\/pages\/8179"}],"wp:attachment":[{"href":"https:\/\/www.e-kern.com\/de\/wp-json\/wp\/v2\/media?parent=9175"}],"wp:term":[{"taxonomy":"folder","embeddable":true,"href":"https:\/\/www.e-kern.com\/de\/wp-json\/wp\/v2\/folder?post=9175"}],"curies":[{"name":"wp","href":"https:\/\/api.w.org\/{rel}","templated":true}]}}