{"id":9149,"date":"2026-01-30T14:39:21","date_gmt":"2026-01-30T13:39:21","guid":{"rendered":"https:\/\/www.e-kern.com\/?page_id=9149"},"modified":"2026-02-11T17:56:44","modified_gmt":"2026-02-11T16:56:44","slug":"aushilfe-trainingsbereich","status":"publish","type":"page","link":"https:\/\/www.e-kern.com\/de\/kern-welten\/karriere\/aushilfe-trainingsbereich\/","title":{"rendered":"Aushilfe Trainingsbereich"},"content":{"rendered":"\t\t<div data-elementor-type=\"wp-page\" data-elementor-id=\"9149\" class=\"elementor elementor-9149\" data-elementor-post-type=\"page\">\n\t\t\t\t<div class=\"elementor-element elementor-element-422ce74 elementor-hidden-laptop elementor-hidden-tablet elementor-hidden-mobile e-flex e-con-boxed e-con e-parent\" data-id=\"422ce74\" data-element_type=\"container\" data-e-type=\"container\" data-settings=\"{&quot;background_background&quot;:&quot;classic&quot;}\">\n\t\t\t\t\t<div class=\"e-con-inner\">\n\t\t\t\t\t<\/div>\n\t\t\t\t<\/div>\n\t\t<div class=\"elementor-element elementor-element-a1ae6c7 e-flex e-con-boxed e-con e-parent\" data-id=\"a1ae6c7\" data-element_type=\"container\" data-e-type=\"container\" data-settings=\"{&quot;background_background&quot;:&quot;classic&quot;}\">\n\t\t\t\t\t<div class=\"e-con-inner\">\n\t\t\t\t<div class=\"elementor-element elementor-element-ca91036 elementor-widget elementor-widget-breadcrumbs\" data-id=\"ca91036\" data-element_type=\"widget\" data-e-type=\"widget\" data-widget_type=\"breadcrumbs.default\">\n\t\t\t\t\t<p id=\"breadcrumbs\"><span><span><a href=\"https:\/\/www.e-kern.com\/de\/\">Startseite<\/a><\/span><\/span><\/p>\t\t\t\t<\/div>\n\t\t\t\t\t<\/div>\n\t\t\t\t<\/div>\n\t\t<div class=\"elementor-element elementor-element-1e4233e e-flex e-con-boxed e-con e-parent\" data-id=\"1e4233e\" data-element_type=\"container\" data-e-type=\"container\">\n\t\t\t\t\t<div class=\"e-con-inner\">\n\t\t<div class=\"elementor-element elementor-element-5b83f1f e-con-full e-flex e-con e-child\" data-id=\"5b83f1f\" data-element_type=\"container\" data-e-type=\"container\">\n\t\t<div class=\"elementor-element elementor-element-51fabb7 e-con-full e-flex e-con e-child\" data-id=\"51fabb7\" data-element_type=\"container\" data-e-type=\"container\" data-settings=\"{&quot;background_background&quot;:&quot;gradient&quot;}\">\n\t\t\t\t<\/div>\n\t\t\t\t<div class=\"elementor-element elementor-element-7740b70 elementor-widget elementor-widget-heading\" data-id=\"7740b70\" data-element_type=\"widget\" data-e-type=\"widget\" data-widget_type=\"heading.default\">\n\t\t\t\t\t<h1 class=\"elementor-heading-title elementor-size-default\">Aushilfe (m\/w\/d) f\u00fcr das Projektmanage&shy;ment im Trainingsbereich<\/h1>\t\t\t\t<\/div>\n\t\t\t\t<div class=\"elementor-element elementor-element-cf01f85 elementor-widget elementor-widget-heading\" data-id=\"cf01f85\" data-element_type=\"widget\" data-e-type=\"widget\" data-widget_type=\"heading.default\">\n\t\t\t\t\t<h2 class=\"elementor-heading-title elementor-size-default\">Arbeitgeber<\/h2>\t\t\t\t<\/div>\n\t\t\t\t<div class=\"elementor-element elementor-element-8955c66 elementor-widget elementor-widget-text-editor\" data-id=\"8955c66\" data-element_type=\"widget\" data-e-type=\"widget\" data-widget_type=\"text-editor.default\">\n\t\t\t\t\t\t\t\t\t<p>KERN AG Training<\/p>\t\t\t\t\t\t\t\t<\/div>\n\t\t\t\t<\/div>\n\t\t\t\t\t<\/div>\n\t\t\t\t<\/div>\n\t\t<div class=\"elementor-element elementor-element-1a6d812 e-flex e-con-boxed e-con e-parent\" data-id=\"1a6d812\" data-element_type=\"container\" data-e-type=\"container\">\n\t\t\t\t\t<div class=\"e-con-inner\">\n\t\t<div class=\"elementor-element elementor-element-2d3f111 e-con-full e-flex e-con e-child\" data-id=\"2d3f111\" data-element_type=\"container\" data-e-type=\"container\">\n\t\t\t\t<div class=\"elementor-element elementor-element-ac263fb elementor-widget elementor-widget-heading\" data-id=\"ac263fb\" data-element_type=\"widget\" data-e-type=\"widget\" data-widget_type=\"heading.default\">\n\t\t\t\t\t<h2 class=\"elementor-heading-title elementor-size-default\">Arbeitgeberbeschreibung<\/h2>\t\t\t\t<\/div>\n\t\t\t\t<div class=\"elementor-element elementor-element-167b05b elementor-widget elementor-widget-text-editor\" data-id=\"167b05b\" data-element_type=\"widget\" data-e-type=\"widget\" data-widget_type=\"text-editor.default\">\n\t\t\t\t\t\t\t\t\t<p>Als international etablierter Weiterbildungsdienstleister mit Schulungszentren weltweit bietet die KERN AG Training ma\u00dfgeschneidertes Sprachentraining \u00fcber Business- und Kommunikationstraining bis hin zu Interkulturellem Training. Dabei liegt der Fokus auf dem Einsatz modernster Technologien, die das Lernen noch flexibler und effizienter gestalten: egal ob Pr\u00e4senztraining, Lernen via App, Micro Learning, Coaching, Blended Learning oder Live-Unterricht im KERN Virtual\u2122: Sowohl der Inhalt als auch die Form jedes Trainings richten sich nach dem individuellen Bedarf der Teilnehmer. Die KERN AG Training ist staatlich anerkannter Bildungstr\u00e4ger und zertifiziert nach DIN EN ISO 9001:2015, ISO 27001:2017, TISAX sowie AZAV.<\/p>\t\t\t\t\t\t\t\t<\/div>\n\t\t\t\t<\/div>\n\t\t\t\t\t<\/div>\n\t\t\t\t<\/div>\n\t\t<div class=\"elementor-element elementor-element-5ac1fdf e-flex e-con-boxed e-con e-parent\" data-id=\"5ac1fdf\" data-element_type=\"container\" data-e-type=\"container\">\n\t\t\t\t\t<div class=\"e-con-inner\">\n\t\t<div class=\"elementor-element elementor-element-45e25fb e-con-full e-flex e-con e-child\" data-id=\"45e25fb\" data-element_type=\"container\" data-e-type=\"container\">\n\t\t\t\t<div class=\"elementor-element elementor-element-cc273a4 elementor-widget elementor-widget-heading\" data-id=\"cc273a4\" data-element_type=\"widget\" data-e-type=\"widget\" data-widget_type=\"heading.default\">\n\t\t\t\t\t<h2 class=\"elementor-heading-title elementor-size-default\">Stellenbeschreibung<\/h2>\t\t\t\t<\/div>\n\t\t\t\t<div class=\"elementor-element elementor-element-52a71b6 elementor-widget elementor-widget-text-editor\" data-id=\"52a71b6\" data-element_type=\"widget\" data-e-type=\"widget\" data-widget_type=\"text-editor.default\">\n\t\t\t\t\t\t\t\t\t<p>F\u00fcr unsere Niederlassung suchen wir zum n\u00e4chstm\u00f6glichen Termin studentische Aushilfen f\u00fcr den Bereich Kundenbetreutung, Projektmanagement &#8222;Sprachentraining&#8220;<\/p><p><strong>KEIN Homeoffice!<\/strong><\/p><ul><li><strong>f\u00fcr eine l\u00e4ngere Zusammenarbeit<\/strong><\/li><li><strong>Kurzbesch\u00e4ftigung<\/strong> (Vertragsmodell wird je nach Lebenssituation abgestimmt Minijob oder 70 Tg. Vertrag)<\/li><li>oder <strong>Freiberufliche T\u00e4tigkeit<\/strong><\/li><\/ul><p>Einsatzzeit: nach Vereinbarung, f\u00fcr Krankheits- und Urlaubsvertretung sowie Stunden-\/Tage-\/Wochenweise<\/p><p>Stundensatz: <strong>14 \u20ac\/h<\/strong><\/p><p>Aufgaben:<\/p><ul><li>Projektmanagement: Mithilfe bei der Organisation von Sprachkursen, interkulturellen Trainingsma\u00dfnahmen und Kompetenztrainings f\u00fcr Privat- und Firmenkunden<\/li><li>Korrespondenz mit Trainern auf Deutsch und Englisch<\/li><li>Umfassende Datenpflege im Kursmanagementsystem Semco<\/li><li>Unterst\u00fctzung bei der Trainersuche, Pflege der Trainerdatenbank (Semco)<\/li><li>Erstellung von internationalen Sprachzertifikaten und Teilnahmebescheinigungen sowie Dokumentation des Kursverlaufs und der Pr\u00fcfungsergebnisse in Trainingsberichten auf Deutsch und Englisch<\/li><li>Buchbestellungen, Vorbereitung und Versand von Unterrichtsmaterialien, Pflege des Bibliotheksbestands<\/li><li>Allgemeine B\u00fcrot\u00e4tigkeiten wie Ablage, Pflege von Teilnehmerlisten, Versand von Werbematerialien, Trainingsmaterial vorbereiten \/ versenden, Pr\u00fcfung von Rechnungen<\/li><\/ul>\t\t\t\t\t\t\t\t<\/div>\n\t\t\t\t<\/div>\n\t\t\t\t\t<\/div>\n\t\t\t\t<\/div>\n\t\t<div class=\"elementor-element elementor-element-02f97cd e-flex e-con-boxed e-con e-parent\" data-id=\"02f97cd\" data-element_type=\"container\" data-e-type=\"container\">\n\t\t\t\t\t<div class=\"e-con-inner\">\n\t\t<div class=\"elementor-element elementor-element-fb577a6 e-con-full e-flex e-con e-child\" data-id=\"fb577a6\" data-element_type=\"container\" data-e-type=\"container\">\n\t\t\t\t<div class=\"elementor-element elementor-element-aa9ebaa elementor-widget elementor-widget-heading\" data-id=\"aa9ebaa\" data-element_type=\"widget\" data-e-type=\"widget\" data-widget_type=\"heading.default\">\n\t\t\t\t\t<h2 class=\"elementor-heading-title elementor-size-default\">Stellenanforderung<\/h2>\t\t\t\t<\/div>\n\t\t\t\t<div class=\"elementor-element elementor-element-23d7865 elementor-widget elementor-widget-text-editor\" data-id=\"23d7865\" data-element_type=\"widget\" data-e-type=\"widget\" data-widget_type=\"text-editor.default\">\n\t\t\t\t\t\t\t\t\t<ul><li>Bevorzugt Student\/-in aus den sprachwissenschaftlichen Fachbereichen<\/li><li>Muttersprache Deutsch oder sehr gute Deutschkenntnisse<\/li><li>Sie haben gute Kenntnisse der MS-Office-Programme und E-Mail und sind sicher im Umgang mit Computern<\/li><li>kaufm\u00e4nnische Erfahrung erw\u00fcnscht<\/li><li>Selbst\u00e4ndige Arbeitsweise<\/li><li>Abgeschlossenes Grundstudium erw\u00fcnscht oder flexible Einsatzzeiten<\/li><li>Sie k\u00f6nnen regelm\u00e4\u00dfig und dauerhaft Zeit f\u00fcr Ihre Mitarbeit einplanen<\/li><li>Sie arbeiten gerne im Team und sind es gewohnt, Ihre Aufgaben termingerecht zu erledigen<\/li><li>Flexibilit\u00e4t und Verantwortungsbewusstsein z\u00e4hlen zu Ihren besonderen F\u00e4higkeiten<\/li><\/ul>\t\t\t\t\t\t\t\t<\/div>\n\t\t\t\t<\/div>\n\t\t\t\t\t<\/div>\n\t\t\t\t<\/div>\n\t\t<div class=\"elementor-element elementor-element-43d8bc0 e-flex e-con-boxed e-con e-parent\" data-id=\"43d8bc0\" data-element_type=\"container\" data-e-type=\"container\">\n\t\t\t\t\t<div class=\"e-con-inner\">\n\t\t<div class=\"elementor-element elementor-element-eb46127 e-con-full e-flex e-con e-child\" data-id=\"eb46127\" data-element_type=\"container\" data-e-type=\"container\">\n\t\t\t\t<div class=\"elementor-element elementor-element-e097a07 elementor-widget elementor-widget-text-editor\" data-id=\"e097a07\" data-element_type=\"widget\" data-e-type=\"widget\" data-widget_type=\"text-editor.default\">\n\t\t\t\t\t\t\t\t\t<p><strong>Gebiet\/Ort<\/strong>:<\/p><p>Saarbr\u00fccken, Hamburg, K\u00f6ln<\/p><p><strong>Kontakt<\/strong>:<\/p><p>KERN AG, Sprachendienste<br \/>Personalabteilung<br \/>Kurf\u00fcrstenstra\u00dfe 1<br \/>60486 Frankfurt am Main<br \/>Tel.: (069) 75 60 73-70<br \/><a href=\"mailto:helen.buebl@e-kern.com\">helen.buebl@e-kern.com<\/a><\/p><p><strong>Branche:<\/strong><\/p><p>Sprachendienste, Projektmanagement<\/p><p><strong>Fachgebiet<\/strong>:<\/p><p>Projektmanagement, Sprachentraining<\/p><p><strong>Bildungsabschluss<\/strong>:<\/p><p>\u00dcbersetzer- und Fremdsprachenstudenten (m\/w), Quereinsteiger\/in, Allgemeine Hochschulreife<\/p>\t\t\t\t\t\t\t\t<\/div>\n\t\t\t\t<\/div>\n\t\t\t\t\t<\/div>\n\t\t\t\t<\/div>\n\t\t<div class=\"elementor-element elementor-element-a5ec871 e-flex e-con-boxed e-con e-parent\" data-id=\"a5ec871\" data-element_type=\"container\" data-e-type=\"container\">\n\t\t\t\t\t<div class=\"e-con-inner\">\n\t\t<div class=\"elementor-element elementor-element-10ff219 e-con-full e-flex e-con e-child\" data-id=\"10ff219\" data-element_type=\"container\" data-e-type=\"container\">\n\t\t\t\t<div class=\"elementor-element elementor-element-e19f4fe elementor-widget elementor-widget-text-editor\" data-id=\"e19f4fe\" data-element_type=\"widget\" data-e-type=\"widget\" data-widget_type=\"text-editor.default\">\n\t\t\t\t\t\t\t\t\t<p><a href=\"https:\/\/www.e-kern.com\/stellenangebote\/\">Zur\u00fcck zu den Stellenangeboten<\/a><\/p>\t\t\t\t\t\t\t\t<\/div>\n\t\t\t\t<\/div>\n\t\t\t\t\t<\/div>\n\t\t\t\t<\/div>\n\t\t\t\t<\/div>\n\t\t","protected":false},"excerpt":{"rendered":"<p>Studentische Aushilfe im Trainingsbereich: Unterst\u00fctzung in Kundenbetreuung &#038; Projektmanagement, Organisation von Kursen etc.<\/p>\n","protected":false},"author":9,"featured_media":0,"parent":8179,"menu_order":0,"comment_status":"closed","ping_status":"closed","template":"","meta":{"_relevanssi_hide_post":"","_relevanssi_hide_content":"","_relevanssi_pin_for_all":"","_relevanssi_pin_keywords":"","_relevanssi_unpin_keywords":"","_relevanssi_related_keywords":"","_relevanssi_related_include_ids":"","_relevanssi_related_exclude_ids":"","_relevanssi_related_no_append":"","_relevanssi_related_not_related":"","_relevanssi_related_posts":"2194,2973,2676,2454,2802,2688","_relevanssi_noindex_reason":"","footnotes":""},"folder":[246],"class_list":["post-9149","page","type-page","status-publish","hentry"],"yoast_head":"<!-- This site is optimized with the Yoast SEO plugin v27.3 - https:\/\/yoast.com\/product\/yoast-seo-wordpress\/ -->\n<title>Aushilfe Trainingsbereich | KERN AG<\/title>\n<meta name=\"description\" content=\"Studentische Aushilfe im Trainingsbereich: Unterst\u00fctzung in Kundenbetreuung &amp; Projektmanagement, Organisation von Kursen etc. Hier bewerben!\" \/>\n<meta name=\"robots\" content=\"index, follow, max-snippet:-1, max-image-preview:large, max-video-preview:-1\" \/>\n<link rel=\"canonical\" href=\"https:\/\/www.e-kern.com\/de\/kern-welten\/karriere\/aushilfe-trainingsbereich\/\" \/>\n<meta property=\"og:locale\" content=\"de_DE\" \/>\n<meta property=\"og:type\" content=\"article\" \/>\n<meta property=\"og:title\" content=\"Aushilfe Trainingsbereich | KERN AG\" \/>\n<meta property=\"og:description\" content=\"Studentische Aushilfe im Trainingsbereich: Unterst\u00fctzung in Kundenbetreuung &amp; Projektmanagement, Organisation von Kursen etc. Hier bewerben!\" \/>\n<meta property=\"og:url\" content=\"https:\/\/www.e-kern.com\/de\/kern-welten\/karriere\/aushilfe-trainingsbereich\/\" \/>\n<meta property=\"og:site_name\" content=\"\u00dcbersetzen und Dolmetschen in allen Weltsprachen | KERN AG\" \/>\n<meta property=\"article:publisher\" content=\"https:\/\/www.facebook.com\/KernAG\/\" \/>\n<meta property=\"article:modified_time\" content=\"2026-02-11T16:56:44+00:00\" \/>\n<meta name=\"twitter:card\" content=\"summary_large_image\" \/>\n<meta name=\"twitter:label1\" content=\"Gesch\u00e4tzte Lesezeit\" \/>\n\t<meta name=\"twitter:data1\" content=\"2\u00a0Minuten\" \/>\n<script type=\"application\/ld+json\" class=\"yoast-schema-graph\">{\"@context\":\"https:\\\/\\\/schema.org\",\"@graph\":[{\"@type\":\"WebPage\",\"@id\":\"https:\\\/\\\/www.e-kern.com\\\/de\\\/kern-welten\\\/karriere\\\/aushilfe-trainingsbereich\\\/\",\"url\":\"https:\\\/\\\/www.e-kern.com\\\/de\\\/kern-welten\\\/karriere\\\/aushilfe-trainingsbereich\\\/\",\"name\":\"Aushilfe Trainingsbereich | KERN AG\",\"isPartOf\":{\"@id\":\"https:\\\/\\\/www.e-kern.com\\\/de\\\/#website\"},\"datePublished\":\"2026-01-30T13:39:21+00:00\",\"dateModified\":\"2026-02-11T16:56:44+00:00\",\"description\":\"Studentische Aushilfe im Trainingsbereich: Unterst\u00fctzung in Kundenbetreuung & Projektmanagement, Organisation von Kursen etc. Hier bewerben!\",\"breadcrumb\":{\"@id\":\"https:\\\/\\\/www.e-kern.com\\\/de\\\/kern-welten\\\/karriere\\\/aushilfe-trainingsbereich\\\/#breadcrumb\"},\"inLanguage\":\"de\",\"potentialAction\":[{\"@type\":\"ReadAction\",\"target\":[\"https:\\\/\\\/www.e-kern.com\\\/de\\\/kern-welten\\\/karriere\\\/aushilfe-trainingsbereich\\\/\"]}]},{\"@type\":\"BreadcrumbList\",\"@id\":\"https:\\\/\\\/www.e-kern.com\\\/de\\\/kern-welten\\\/karriere\\\/aushilfe-trainingsbereich\\\/#breadcrumb\",\"itemListElement\":[{\"@type\":\"ListItem\",\"position\":1,\"name\":\"Startseite\",\"item\":\"https:\\\/\\\/www.e-kern.com\\\/de\\\/\"},{\"@type\":\"ListItem\",\"position\":2,\"name\":\"KERN Welten\",\"item\":\"https:\\\/\\\/www.e-kern.com\\\/de\\\/kern-welten\\\/\"},{\"@type\":\"ListItem\",\"position\":3,\"name\":\"Karriere\",\"item\":\"https:\\\/\\\/www.e-kern.com\\\/de\\\/kern-welten\\\/karriere\\\/\"},{\"@type\":\"ListItem\",\"position\":4,\"name\":\"Aushilfe Trainingsbereich\"}]},{\"@type\":\"WebSite\",\"@id\":\"https:\\\/\\\/www.e-kern.com\\\/de\\\/#website\",\"url\":\"https:\\\/\\\/www.e-kern.com\\\/de\\\/\",\"name\":\"\u00dcbersetzen und Dolmetschen in allen Weltsprachen | KERN AG\",\"description\":\"\",\"publisher\":{\"@id\":\"https:\\\/\\\/www.e-kern.com\\\/de\\\/#organization\"},\"potentialAction\":[{\"@type\":\"SearchAction\",\"target\":{\"@type\":\"EntryPoint\",\"urlTemplate\":\"https:\\\/\\\/www.e-kern.com\\\/de\\\/?s={search_term_string}\"},\"query-input\":{\"@type\":\"PropertyValueSpecification\",\"valueRequired\":true,\"valueName\":\"search_term_string\"}}],\"inLanguage\":\"de\"},{\"@type\":\"Organization\",\"@id\":\"https:\\\/\\\/www.e-kern.com\\\/de\\\/#organization\",\"name\":\"Kern AG\",\"alternateName\":\"Kern Global Language Services\",\"url\":\"https:\\\/\\\/www.e-kern.com\\\/de\\\/\",\"logo\":{\"@type\":\"ImageObject\",\"inLanguage\":\"de\",\"@id\":\"https:\\\/\\\/www.e-kern.com\\\/de\\\/#\\\/schema\\\/logo\\\/image\\\/\",\"url\":\"https:\\\/\\\/www.e-kern.com\\\/wp-content\\\/uploads\\\/2025\\\/10\\\/kern-ag-logo.svg\",\"contentUrl\":\"https:\\\/\\\/www.e-kern.com\\\/wp-content\\\/uploads\\\/2025\\\/10\\\/kern-ag-logo.svg\",\"width\":668,\"height\":181,\"caption\":\"Kern AG\"},\"image\":{\"@id\":\"https:\\\/\\\/www.e-kern.com\\\/de\\\/#\\\/schema\\\/logo\\\/image\\\/\"},\"sameAs\":[\"https:\\\/\\\/www.facebook.com\\\/KernAG\\\/\",\"https:\\\/\\\/www.linkedin.com\\\/company\\\/kern-global-language-services\\\/\",\"https:\\\/\\\/www.xing.com\\\/pages\\\/kernagsprachendienste\",\"https:\\\/\\\/www.youtube.com\\\/user\\\/KernLanguageServices\",\"https:\\\/\\\/www.instagram.com\\\/kern_ag\\\/\"]}]}<\/script>\n<!-- \/ Yoast SEO plugin. -->","yoast_head_json":{"title":"Aushilfe Trainingsbereich | KERN AG","description":"Studentische Aushilfe im Trainingsbereich: Unterst\u00fctzung in Kundenbetreuung & Projektmanagement, Organisation von Kursen etc. Hier bewerben!","robots":{"index":"index","follow":"follow","max-snippet":"max-snippet:-1","max-image-preview":"max-image-preview:large","max-video-preview":"max-video-preview:-1"},"canonical":"https:\/\/www.e-kern.com\/de\/kern-welten\/karriere\/aushilfe-trainingsbereich\/","og_locale":"de_DE","og_type":"article","og_title":"Aushilfe Trainingsbereich | KERN AG","og_description":"Studentische Aushilfe im Trainingsbereich: Unterst\u00fctzung in Kundenbetreuung & Projektmanagement, Organisation von Kursen etc. Hier bewerben!","og_url":"https:\/\/www.e-kern.com\/de\/kern-welten\/karriere\/aushilfe-trainingsbereich\/","og_site_name":"\u00dcbersetzen und Dolmetschen in allen Weltsprachen | KERN AG","article_publisher":"https:\/\/www.facebook.com\/KernAG\/","article_modified_time":"2026-02-11T16:56:44+00:00","twitter_card":"summary_large_image","twitter_misc":{"Gesch\u00e4tzte Lesezeit":"2\u00a0Minuten"},"schema":{"@context":"https:\/\/schema.org","@graph":[{"@type":"WebPage","@id":"https:\/\/www.e-kern.com\/de\/kern-welten\/karriere\/aushilfe-trainingsbereich\/","url":"https:\/\/www.e-kern.com\/de\/kern-welten\/karriere\/aushilfe-trainingsbereich\/","name":"Aushilfe Trainingsbereich | KERN AG","isPartOf":{"@id":"https:\/\/www.e-kern.com\/de\/#website"},"datePublished":"2026-01-30T13:39:21+00:00","dateModified":"2026-02-11T16:56:44+00:00","description":"Studentische Aushilfe im Trainingsbereich: Unterst\u00fctzung in Kundenbetreuung & Projektmanagement, Organisation von Kursen etc. Hier bewerben!","breadcrumb":{"@id":"https:\/\/www.e-kern.com\/de\/kern-welten\/karriere\/aushilfe-trainingsbereich\/#breadcrumb"},"inLanguage":"de","potentialAction":[{"@type":"ReadAction","target":["https:\/\/www.e-kern.com\/de\/kern-welten\/karriere\/aushilfe-trainingsbereich\/"]}]},{"@type":"BreadcrumbList","@id":"https:\/\/www.e-kern.com\/de\/kern-welten\/karriere\/aushilfe-trainingsbereich\/#breadcrumb","itemListElement":[{"@type":"ListItem","position":1,"name":"Startseite","item":"https:\/\/www.e-kern.com\/de\/"},{"@type":"ListItem","position":2,"name":"KERN Welten","item":"https:\/\/www.e-kern.com\/de\/kern-welten\/"},{"@type":"ListItem","position":3,"name":"Karriere","item":"https:\/\/www.e-kern.com\/de\/kern-welten\/karriere\/"},{"@type":"ListItem","position":4,"name":"Aushilfe Trainingsbereich"}]},{"@type":"WebSite","@id":"https:\/\/www.e-kern.com\/de\/#website","url":"https:\/\/www.e-kern.com\/de\/","name":"\u00dcbersetzen und Dolmetschen in allen Weltsprachen | KERN AG","description":"","publisher":{"@id":"https:\/\/www.e-kern.com\/de\/#organization"},"potentialAction":[{"@type":"SearchAction","target":{"@type":"EntryPoint","urlTemplate":"https:\/\/www.e-kern.com\/de\/?s={search_term_string}"},"query-input":{"@type":"PropertyValueSpecification","valueRequired":true,"valueName":"search_term_string"}}],"inLanguage":"de"},{"@type":"Organization","@id":"https:\/\/www.e-kern.com\/de\/#organization","name":"Kern AG","alternateName":"Kern Global Language Services","url":"https:\/\/www.e-kern.com\/de\/","logo":{"@type":"ImageObject","inLanguage":"de","@id":"https:\/\/www.e-kern.com\/de\/#\/schema\/logo\/image\/","url":"https:\/\/www.e-kern.com\/wp-content\/uploads\/2025\/10\/kern-ag-logo.svg","contentUrl":"https:\/\/www.e-kern.com\/wp-content\/uploads\/2025\/10\/kern-ag-logo.svg","width":668,"height":181,"caption":"Kern AG"},"image":{"@id":"https:\/\/www.e-kern.com\/de\/#\/schema\/logo\/image\/"},"sameAs":["https:\/\/www.facebook.com\/KernAG\/","https:\/\/www.linkedin.com\/company\/kern-global-language-services\/","https:\/\/www.xing.com\/pages\/kernagsprachendienste","https:\/\/www.youtube.com\/user\/KernLanguageServices","https:\/\/www.instagram.com\/kern_ag\/"]}]}},"_links":{"self":[{"href":"https:\/\/www.e-kern.com\/de\/wp-json\/wp\/v2\/pages\/9149","targetHints":{"allow":["GET"]}}],"collection":[{"href":"https:\/\/www.e-kern.com\/de\/wp-json\/wp\/v2\/pages"}],"about":[{"href":"https:\/\/www.e-kern.com\/de\/wp-json\/wp\/v2\/types\/page"}],"author":[{"embeddable":true,"href":"https:\/\/www.e-kern.com\/de\/wp-json\/wp\/v2\/users\/9"}],"replies":[{"embeddable":true,"href":"https:\/\/www.e-kern.com\/de\/wp-json\/wp\/v2\/comments?post=9149"}],"version-history":[{"count":10,"href":"https:\/\/www.e-kern.com\/de\/wp-json\/wp\/v2\/pages\/9149\/revisions"}],"predecessor-version":[{"id":14093,"href":"https:\/\/www.e-kern.com\/de\/wp-json\/wp\/v2\/pages\/9149\/revisions\/14093"}],"up":[{"embeddable":true,"href":"https:\/\/www.e-kern.com\/de\/wp-json\/wp\/v2\/pages\/8179"}],"wp:attachment":[{"href":"https:\/\/www.e-kern.com\/de\/wp-json\/wp\/v2\/media?parent=9149"}],"wp:term":[{"taxonomy":"folder","embeddable":true,"href":"https:\/\/www.e-kern.com\/de\/wp-json\/wp\/v2\/folder?post=9149"}],"curies":[{"name":"wp","href":"https:\/\/api.w.org\/{rel}","templated":true}]}}