{"id":8912,"date":"2026-01-30T14:39:29","date_gmt":"2026-01-30T13:39:29","guid":{"rendered":"https:\/\/www.e-kern.com\/?page_id=8912"},"modified":"2026-02-11T17:57:37","modified_gmt":"2026-02-11T16:57:37","slug":"aushilfe-uebersetzungsbereich","status":"publish","type":"page","link":"https:\/\/www.e-kern.com\/de\/kern-welten\/karriere\/aushilfe-uebersetzungsbereich\/","title":{"rendered":"Aushilfe \u00dcbersetzungsbereich"},"content":{"rendered":"\t\t<div data-elementor-type=\"wp-page\" data-elementor-id=\"8912\" class=\"elementor elementor-8912\" data-elementor-post-type=\"page\">\n\t\t\t\t<div class=\"elementor-element elementor-element-41963418 elementor-hidden-laptop elementor-hidden-tablet elementor-hidden-mobile e-flex e-con-boxed e-con e-parent\" data-id=\"41963418\" data-element_type=\"container\" data-e-type=\"container\" data-settings=\"{&quot;background_background&quot;:&quot;classic&quot;}\">\n\t\t\t\t\t<div class=\"e-con-inner\">\n\t\t\t\t\t<\/div>\n\t\t\t\t<\/div>\n\t\t<div class=\"elementor-element elementor-element-86fec9b e-flex e-con-boxed e-con e-parent\" data-id=\"86fec9b\" data-element_type=\"container\" data-e-type=\"container\" data-settings=\"{&quot;background_background&quot;:&quot;classic&quot;}\">\n\t\t\t\t\t<div class=\"e-con-inner\">\n\t\t\t\t<div class=\"elementor-element elementor-element-31db3d70 elementor-widget elementor-widget-breadcrumbs\" data-id=\"31db3d70\" data-element_type=\"widget\" data-e-type=\"widget\" data-widget_type=\"breadcrumbs.default\">\n\t\t\t\t\t<p id=\"breadcrumbs\"><span><span><a href=\"https:\/\/www.e-kern.com\/de\/\">Startseite<\/a><\/span><\/span><\/p>\t\t\t\t<\/div>\n\t\t\t\t\t<\/div>\n\t\t\t\t<\/div>\n\t\t<div class=\"elementor-element elementor-element-eb91588 e-flex e-con-boxed e-con e-parent\" data-id=\"eb91588\" data-element_type=\"container\" data-e-type=\"container\">\n\t\t\t\t\t<div class=\"e-con-inner\">\n\t\t<div class=\"elementor-element elementor-element-a90a7a3 e-con-full e-flex e-con e-child\" data-id=\"a90a7a3\" data-element_type=\"container\" data-e-type=\"container\">\n\t\t<div class=\"elementor-element elementor-element-70d7df5 e-con-full e-flex e-con e-child\" data-id=\"70d7df5\" data-element_type=\"container\" data-e-type=\"container\" data-settings=\"{&quot;background_background&quot;:&quot;gradient&quot;}\">\n\t\t\t\t<\/div>\n\t\t\t\t<div class=\"elementor-element elementor-element-1dfacd9 elementor-widget elementor-widget-heading\" data-id=\"1dfacd9\" data-element_type=\"widget\" data-e-type=\"widget\" data-widget_type=\"heading.default\">\n\t\t\t\t\t<h1 class=\"elementor-heading-title elementor-size-default\">Aushilfen - Studenten\/ Freiberufler (m\/w\/d) - 70-Tage\/ Minijob\/ freiberuflich - \u00dcbersetzungs&shy;bereich<\/h1>\t\t\t\t<\/div>\n\t\t\t\t<div class=\"elementor-element elementor-element-b663a01 elementor-widget elementor-widget-heading\" data-id=\"b663a01\" data-element_type=\"widget\" data-e-type=\"widget\" data-widget_type=\"heading.default\">\n\t\t\t\t\t<h2 class=\"elementor-heading-title elementor-size-default\">Arbeitgeber<\/h2>\t\t\t\t<\/div>\n\t\t\t\t<div class=\"elementor-element elementor-element-fb9aef0 elementor-widget elementor-widget-text-editor\" data-id=\"fb9aef0\" data-element_type=\"widget\" data-e-type=\"widget\" data-widget_type=\"text-editor.default\">\n\t\t\t\t\t\t\t\t\t<p>KERN AG, Sprachendienste<\/p>\t\t\t\t\t\t\t\t<\/div>\n\t\t\t\t<\/div>\n\t\t\t\t\t<\/div>\n\t\t\t\t<\/div>\n\t\t<div class=\"elementor-element elementor-element-4d387c9 e-flex e-con-boxed e-con e-parent\" data-id=\"4d387c9\" data-element_type=\"container\" data-e-type=\"container\">\n\t\t\t\t\t<div class=\"e-con-inner\">\n\t\t<div class=\"elementor-element elementor-element-a8f1819 e-con-full e-flex e-con e-child\" data-id=\"a8f1819\" data-element_type=\"container\" data-e-type=\"container\">\n\t\t\t\t<div class=\"elementor-element elementor-element-c9ddd2c elementor-widget elementor-widget-heading\" data-id=\"c9ddd2c\" data-element_type=\"widget\" data-e-type=\"widget\" data-widget_type=\"heading.default\">\n\t\t\t\t\t<h2 class=\"elementor-heading-title elementor-size-default\">Arbeitgeberbeschreibung<\/h2>\t\t\t\t<\/div>\n\t\t\t\t<div class=\"elementor-element elementor-element-b5ab281 elementor-widget elementor-widget-text-editor\" data-id=\"b5ab281\" data-element_type=\"widget\" data-e-type=\"widget\" data-widget_type=\"text-editor.default\">\n\t\t\t\t\t\t\t\t\t<p>Die KERN AG ist ein f\u00fchrender Full-Service-Dienstleister im Bereich des globalen Sprachenmanagements mit \u00fcber 60 Gesch\u00e4ftsstellen in Deutschland, \u00d6sterreich, Frankreich, Gro\u00dfbritannien, Polen, den Niederlanden, den USA und China. Zu dem Portfolio der KERN AG geh\u00f6ren \u00dcbersetzen und Dolmetschen in allen Weltsprachen, Software- und Website-Lokalisierung, technische Redaktion und Dokumentation, Terminologie- und Translation-Memory-Management, Automatisierung sowie Prozessberatung. Die KERN AG agiert als zuverl\u00e4ssiger und innovativer Partner eines stetig wachsenden internationalen Kundenstamms aus Industrie und Wirtschaft.<\/p>\t\t\t\t\t\t\t\t<\/div>\n\t\t\t\t<\/div>\n\t\t\t\t\t<\/div>\n\t\t\t\t<\/div>\n\t\t<div class=\"elementor-element elementor-element-385b19f e-flex e-con-boxed e-con e-parent\" data-id=\"385b19f\" data-element_type=\"container\" data-e-type=\"container\">\n\t\t\t\t\t<div class=\"e-con-inner\">\n\t\t<div class=\"elementor-element elementor-element-d8afcad e-con-full e-flex e-con e-child\" data-id=\"d8afcad\" data-element_type=\"container\" data-e-type=\"container\">\n\t\t\t\t<div class=\"elementor-element elementor-element-a8af8e9 elementor-widget elementor-widget-heading\" data-id=\"a8af8e9\" data-element_type=\"widget\" data-e-type=\"widget\" data-widget_type=\"heading.default\">\n\t\t\t\t\t<h2 class=\"elementor-heading-title elementor-size-default\">Stellenbeschreibung<\/h2>\t\t\t\t<\/div>\n\t\t\t\t<div class=\"elementor-element elementor-element-8cb073b elementor-widget elementor-widget-text-editor\" data-id=\"8cb073b\" data-element_type=\"widget\" data-e-type=\"widget\" data-widget_type=\"text-editor.default\">\n\t\t\t\t\t\t\t\t\t<p>F\u00fcr unsere Niederlassungen suchen wir Unterst\u00fctzung in der Kundenbetreuung und im Projektmanagement im Bereich &#8222;\u00dcbersetzen &amp; Dolmetschen&#8220; f\u00fcr eine l\u00e4ngere Zusammenarbeit.<\/p><ul><li><em><strong>kein Homeoffice !<\/strong><\/em><\/li><li><strong>Freiberufliche T\u00e4tigkeit oder Kurzbesch\u00e4ftigungs-Vertragsmodell wird je nach Lebenssituation abgestimmt (70-Tage-Vertrag \/ Minijob)<\/strong><\/li><\/ul><p>Sie unterst\u00fctzen in der der Kundenbetreuung und im Projektmanagement und sorgen daf\u00fcr, dass die Kunden mit unseren Leistungen zufrieden sind. Sie helfen bei der Erstellung von Angeboten, der Anlage von Auftr\u00e4gen und Bestellungen, dem Einsatz und Briefing unserer \u00dcbersetzer, Dolmetscher und weiterer Personen, der Bearbeitung von Kundendaten und unseren Daten, der Qualit\u00e4tssicherung, der Rechnungspr\u00fcfung- und Rechnungsstellung. Dazu nutzen Sie s\u00e4mtliche Medien, unter anderem Telefon, E-mail und Video.<\/p><p><strong>Einsatzzeit<\/strong>: nach Vereinbarung, f\u00fcr Krankheits- und Urlaubsvertretung<\/p><p><strong>Ihr Profil<\/strong><\/p><ul><li>Sie studieren an einer Hochschule, Betriebswirtschaft, Geisteswissenschaften, Sprachwissenschaften oder \u00e4hnliche Fachgebiete<\/li><li>Sie zeichnen sich durch einen sicheren Umgang mit g\u00e4ngigen Internet- und PC- Anwendungen (MS Office) aus<\/li><li>Ihre Deutschkenntnisse in Wort und Schrift sind auf muttersprachlichem Niveau<\/li><li>Sie arbeiten gerne im Team und sind es gewohnt, Ihre Aufgaben termingerecht zu erledigen.<\/li><\/ul><p><strong>Wir bieten<\/strong>:<\/p><ul><li>Ein attraktives und internationales Firmenumfeld mit einer offenen und kommunikativen Unternehmenskultur<\/li><li>Zugang zu diversen Trainings- und Weiterbildungsm\u00f6glichkeiten.<\/li><li>Selbst\u00e4ndiges, eigenverantwortliches Arbeiten<\/li><li>Subventionierte oder kostenlose Business- oder Sprachkurse<\/li><li>Flexible Arbeitszeiten im Team<\/li><li>M\u00f6gliche \u00dcbernahme in eine Festanstellung<\/li><\/ul><p>Stundensatz: 14 \u20ac\/h (oder nach Vereinbarung)<\/p><p>Sind Sie vielleicht selbst schon \u00dcbersetzerIn \/ DolmetscherIn oder haben viel mit Sprachen zu tun? Oder waren Sie schon mal in einem Sprachendienst, einer Sprachschule t\u00e4tig? Dann bringen Sie schon ganz viel Erfahrung f\u00fcr unsere vielseitige Aushilfst\u00e4tigkeit mit.<\/p><p>Interessenten bitten wir um Zusendung von Bewerbungsunterlagen (tabellarischer Lebenslauf, Zeugniskopien und fr\u00fchestm\u00f6glicher Eintrittstermin).<\/p>\t\t\t\t\t\t\t\t<\/div>\n\t\t\t\t<\/div>\n\t\t\t\t\t<\/div>\n\t\t\t\t<\/div>\n\t\t<div class=\"elementor-element elementor-element-96308c0 e-flex e-con-boxed e-con e-parent\" data-id=\"96308c0\" data-element_type=\"container\" data-e-type=\"container\">\n\t\t\t\t\t<div class=\"e-con-inner\">\n\t\t<div class=\"elementor-element elementor-element-f6b171d e-con-full e-flex e-con e-child\" data-id=\"f6b171d\" data-element_type=\"container\" data-e-type=\"container\">\n\t\t\t\t<div class=\"elementor-element elementor-element-297153c elementor-widget elementor-widget-heading\" data-id=\"297153c\" data-element_type=\"widget\" data-e-type=\"widget\" data-widget_type=\"heading.default\">\n\t\t\t\t\t<h2 class=\"elementor-heading-title elementor-size-default\">Stellenanforderung<\/h2>\t\t\t\t<\/div>\n\t\t\t\t<div class=\"elementor-element elementor-element-465daa9 elementor-widget elementor-widget-text-editor\" data-id=\"465daa9\" data-element_type=\"widget\" data-e-type=\"widget\" data-widget_type=\"text-editor.default\">\n\t\t\t\t\t\t\t\t\t<ul><li>Bevorzugt Student\/-in aus den sprachwissenschaftlichen Fachbereichen<\/li><li>Muttersprache Deutsch und \/ oder sehr gute Deutsch-\/Englischkenntnisse<\/li><li>Sie haben gute Kenntnisse der MS-Office-Programme und E-Mail und sind sicher im Umgang mit Computern<\/li><li>kaufm\u00e4nnische Erfahrung erw\u00fcnscht<\/li><li>Selbst\u00e4ndige Arbeitsweise<\/li><li>Abgeschlossenes Grundstudium erw\u00fcnscht oder Freiberufler mit flexiblen Einsatzzeiten<\/li><li>Sie k\u00f6nnen regelm\u00e4\u00dfig und dauerhaft Zeit f\u00fcr Ihre Mitarbeit einplanen<\/li><li>Sie arbeiten gerne im Team und sind es gewohnt, Ihre Aufgaben termingerecht zu erledigen<\/li><li>Flexibilit\u00e4t und Verantwortungsbewusstsein z\u00e4hlen zu Ihren besonderen F\u00e4higkeiten<\/li><\/ul>\t\t\t\t\t\t\t\t<\/div>\n\t\t\t\t<\/div>\n\t\t\t\t\t<\/div>\n\t\t\t\t<\/div>\n\t\t<div class=\"elementor-element elementor-element-844c859 e-flex e-con-boxed e-con e-parent\" data-id=\"844c859\" data-element_type=\"container\" data-e-type=\"container\">\n\t\t\t\t\t<div class=\"e-con-inner\">\n\t\t<div class=\"elementor-element elementor-element-0fc0b13 e-con-full e-flex e-con e-child\" data-id=\"0fc0b13\" data-element_type=\"container\" data-e-type=\"container\">\n\t\t\t\t<div class=\"elementor-element elementor-element-4fc858a elementor-widget elementor-widget-text-editor\" data-id=\"4fc858a\" data-element_type=\"widget\" data-e-type=\"widget\" data-widget_type=\"text-editor.default\">\n\t\t\t\t\t\t\t\t\t<p><strong>Gebiet\/Ort<\/strong>:<\/p><p>Wiesbaden, Saarbr\u00fccken, Freiburg, Bonn, Hamburg, Dortmund, Heilbronn<\/p><p><strong>Kontakt<\/strong>:<\/p><p>KERN AG, Sprachendienste<br \/>Personalabteilung<br \/>Kurf\u00fcrstenstra\u00dfe 1<br \/>60486 Frankfurt am Main<br \/>Tel.: (069) 75 60 73-70<br \/><a href=\"mailto:helen.buebl@e-kern.com\">helen.buebl@e-kern.com<\/a><\/p><p><strong>Fachgebiet<\/strong>:<\/p><p>Projektmanagement, Sprachentraining<\/p><p><strong>Bildungsabschluss<\/strong>:<\/p><p>\u00dcbersetzer- und Fremdsprachenstudenten (m\/w)<\/p>\t\t\t\t\t\t\t\t<\/div>\n\t\t\t\t<\/div>\n\t\t\t\t\t<\/div>\n\t\t\t\t<\/div>\n\t\t<div class=\"elementor-element elementor-element-8478579 e-flex e-con-boxed e-con e-parent\" data-id=\"8478579\" data-element_type=\"container\" data-e-type=\"container\">\n\t\t\t\t\t<div class=\"e-con-inner\">\n\t\t<div class=\"elementor-element elementor-element-b2fc225 e-con-full e-flex e-con e-child\" data-id=\"b2fc225\" data-element_type=\"container\" data-e-type=\"container\">\n\t\t\t\t<div class=\"elementor-element elementor-element-7a26c2b elementor-widget elementor-widget-heading\" data-id=\"7a26c2b\" data-element_type=\"widget\" data-e-type=\"widget\" data-widget_type=\"heading.default\">\n\t\t\t\t\t<h2 class=\"elementor-heading-title elementor-size-default\">Bewerbungsinformationen<\/h2>\t\t\t\t<\/div>\n\t\t\t\t<div class=\"elementor-element elementor-element-7a96dca elementor-widget elementor-widget-text-editor\" data-id=\"7a96dca\" data-element_type=\"widget\" data-e-type=\"widget\" data-widget_type=\"text-editor.default\">\n\t\t\t\t\t\t\t\t\t<p>Interessenten bitten wir um Zusendung von Bewerbungsunterlagen (tabellarischer Lebenslauf, Zeugniskopien, Lichtbild und fr\u00fchestm\u00f6glicher Eintrittstermin) per E-Mail.<\/p><p><a href=\"https:\/\/www.e-kern.com\/stellenangebote\/\">Zur\u00fcck zu den Stellenangeboten<\/a><\/p>\t\t\t\t\t\t\t\t<\/div>\n\t\t\t\t<\/div>\n\t\t\t\t\t<\/div>\n\t\t\t\t<\/div>\n\t\t\t\t<\/div>\n\t\t","protected":false},"excerpt":{"rendered":"<p>Aushilfe im \u00dcbersetzungsbereich: Unterst\u00fctzung im Projektmanagement, Koordination von \u00dcbersetzungsauftr\u00e4gen, Kommunikation etc.<\/p>\n","protected":false},"author":9,"featured_media":0,"parent":8179,"menu_order":0,"comment_status":"closed","ping_status":"closed","template":"","meta":{"_relevanssi_hide_post":"","_relevanssi_hide_content":"","_relevanssi_pin_for_all":"","_relevanssi_pin_keywords":"","_relevanssi_unpin_keywords":"","_relevanssi_related_keywords":"","_relevanssi_related_include_ids":"","_relevanssi_related_exclude_ids":"","_relevanssi_related_no_append":"","_relevanssi_related_not_related":"","_relevanssi_related_posts":"2388,2745,2463,2296,2244,2253","_relevanssi_noindex_reason":"","footnotes":""},"folder":[246],"class_list":["post-8912","page","type-page","status-publish","hentry"],"yoast_head":"<!-- This site is optimized with the Yoast SEO plugin v27.3 - https:\/\/yoast.com\/product\/yoast-seo-wordpress\/ -->\n<title>Aushilfe \u00dcbersetzungsbereich | KERN AG<\/title>\n<meta name=\"description\" content=\"Aushilfe im \u00dcbersetzungsbereich: Unterst\u00fctzung im Projektmanagement, Koordination von \u00dcbersetzungsauftr\u00e4gen, Kommunikation etc. Hier bewerben!\" \/>\n<meta name=\"robots\" content=\"index, follow, max-snippet:-1, max-image-preview:large, max-video-preview:-1\" \/>\n<link rel=\"canonical\" href=\"https:\/\/www.e-kern.com\/de\/kern-welten\/karriere\/aushilfe-uebersetzungsbereich\/\" \/>\n<meta property=\"og:locale\" content=\"de_DE\" \/>\n<meta property=\"og:type\" content=\"article\" \/>\n<meta property=\"og:title\" content=\"Aushilfe \u00dcbersetzungsbereich | KERN AG\" \/>\n<meta property=\"og:description\" content=\"Aushilfe im \u00dcbersetzungsbereich: Unterst\u00fctzung im Projektmanagement, Koordination von \u00dcbersetzungsauftr\u00e4gen, Kommunikation etc. Hier bewerben!\" \/>\n<meta property=\"og:url\" content=\"https:\/\/www.e-kern.com\/de\/kern-welten\/karriere\/aushilfe-uebersetzungsbereich\/\" \/>\n<meta property=\"og:site_name\" content=\"\u00dcbersetzen und Dolmetschen in allen Weltsprachen | KERN AG\" \/>\n<meta property=\"article:publisher\" content=\"https:\/\/www.facebook.com\/KernAG\/\" \/>\n<meta property=\"article:modified_time\" content=\"2026-02-11T16:57:37+00:00\" \/>\n<meta name=\"twitter:card\" content=\"summary_large_image\" \/>\n<meta name=\"twitter:label1\" content=\"Gesch\u00e4tzte Lesezeit\" \/>\n\t<meta name=\"twitter:data1\" content=\"3\u00a0Minuten\" \/>\n<script type=\"application\/ld+json\" class=\"yoast-schema-graph\">{\"@context\":\"https:\\\/\\\/schema.org\",\"@graph\":[{\"@type\":\"WebPage\",\"@id\":\"https:\\\/\\\/www.e-kern.com\\\/de\\\/kern-welten\\\/karriere\\\/aushilfe-uebersetzungsbereich\\\/\",\"url\":\"https:\\\/\\\/www.e-kern.com\\\/de\\\/kern-welten\\\/karriere\\\/aushilfe-uebersetzungsbereich\\\/\",\"name\":\"Aushilfe \u00dcbersetzungsbereich | KERN AG\",\"isPartOf\":{\"@id\":\"https:\\\/\\\/www.e-kern.com\\\/de\\\/#website\"},\"datePublished\":\"2026-01-30T13:39:29+00:00\",\"dateModified\":\"2026-02-11T16:57:37+00:00\",\"description\":\"Aushilfe im \u00dcbersetzungsbereich: Unterst\u00fctzung im Projektmanagement, Koordination von \u00dcbersetzungsauftr\u00e4gen, Kommunikation etc. Hier bewerben!\",\"breadcrumb\":{\"@id\":\"https:\\\/\\\/www.e-kern.com\\\/de\\\/kern-welten\\\/karriere\\\/aushilfe-uebersetzungsbereich\\\/#breadcrumb\"},\"inLanguage\":\"de\",\"potentialAction\":[{\"@type\":\"ReadAction\",\"target\":[\"https:\\\/\\\/www.e-kern.com\\\/de\\\/kern-welten\\\/karriere\\\/aushilfe-uebersetzungsbereich\\\/\"]}]},{\"@type\":\"BreadcrumbList\",\"@id\":\"https:\\\/\\\/www.e-kern.com\\\/de\\\/kern-welten\\\/karriere\\\/aushilfe-uebersetzungsbereich\\\/#breadcrumb\",\"itemListElement\":[{\"@type\":\"ListItem\",\"position\":1,\"name\":\"Startseite\",\"item\":\"https:\\\/\\\/www.e-kern.com\\\/de\\\/\"},{\"@type\":\"ListItem\",\"position\":2,\"name\":\"KERN Welten\",\"item\":\"https:\\\/\\\/www.e-kern.com\\\/de\\\/kern-welten\\\/\"},{\"@type\":\"ListItem\",\"position\":3,\"name\":\"Karriere\",\"item\":\"https:\\\/\\\/www.e-kern.com\\\/de\\\/kern-welten\\\/karriere\\\/\"},{\"@type\":\"ListItem\",\"position\":4,\"name\":\"Aushilfe \u00dcbersetzungsbereich\"}]},{\"@type\":\"WebSite\",\"@id\":\"https:\\\/\\\/www.e-kern.com\\\/de\\\/#website\",\"url\":\"https:\\\/\\\/www.e-kern.com\\\/de\\\/\",\"name\":\"\u00dcbersetzen und Dolmetschen in allen Weltsprachen | KERN AG\",\"description\":\"\",\"publisher\":{\"@id\":\"https:\\\/\\\/www.e-kern.com\\\/de\\\/#organization\"},\"potentialAction\":[{\"@type\":\"SearchAction\",\"target\":{\"@type\":\"EntryPoint\",\"urlTemplate\":\"https:\\\/\\\/www.e-kern.com\\\/de\\\/?s={search_term_string}\"},\"query-input\":{\"@type\":\"PropertyValueSpecification\",\"valueRequired\":true,\"valueName\":\"search_term_string\"}}],\"inLanguage\":\"de\"},{\"@type\":\"Organization\",\"@id\":\"https:\\\/\\\/www.e-kern.com\\\/de\\\/#organization\",\"name\":\"Kern AG\",\"alternateName\":\"Kern Global Language Services\",\"url\":\"https:\\\/\\\/www.e-kern.com\\\/de\\\/\",\"logo\":{\"@type\":\"ImageObject\",\"inLanguage\":\"de\",\"@id\":\"https:\\\/\\\/www.e-kern.com\\\/de\\\/#\\\/schema\\\/logo\\\/image\\\/\",\"url\":\"https:\\\/\\\/www.e-kern.com\\\/wp-content\\\/uploads\\\/2025\\\/10\\\/kern-ag-logo.svg\",\"contentUrl\":\"https:\\\/\\\/www.e-kern.com\\\/wp-content\\\/uploads\\\/2025\\\/10\\\/kern-ag-logo.svg\",\"width\":668,\"height\":181,\"caption\":\"Kern AG\"},\"image\":{\"@id\":\"https:\\\/\\\/www.e-kern.com\\\/de\\\/#\\\/schema\\\/logo\\\/image\\\/\"},\"sameAs\":[\"https:\\\/\\\/www.facebook.com\\\/KernAG\\\/\",\"https:\\\/\\\/www.linkedin.com\\\/company\\\/kern-global-language-services\\\/\",\"https:\\\/\\\/www.xing.com\\\/pages\\\/kernagsprachendienste\",\"https:\\\/\\\/www.youtube.com\\\/user\\\/KernLanguageServices\",\"https:\\\/\\\/www.instagram.com\\\/kern_ag\\\/\"]}]}<\/script>\n<!-- \/ Yoast SEO plugin. -->","yoast_head_json":{"title":"Aushilfe \u00dcbersetzungsbereich | KERN AG","description":"Aushilfe im \u00dcbersetzungsbereich: Unterst\u00fctzung im Projektmanagement, Koordination von \u00dcbersetzungsauftr\u00e4gen, Kommunikation etc. Hier bewerben!","robots":{"index":"index","follow":"follow","max-snippet":"max-snippet:-1","max-image-preview":"max-image-preview:large","max-video-preview":"max-video-preview:-1"},"canonical":"https:\/\/www.e-kern.com\/de\/kern-welten\/karriere\/aushilfe-uebersetzungsbereich\/","og_locale":"de_DE","og_type":"article","og_title":"Aushilfe \u00dcbersetzungsbereich | KERN AG","og_description":"Aushilfe im \u00dcbersetzungsbereich: Unterst\u00fctzung im Projektmanagement, Koordination von \u00dcbersetzungsauftr\u00e4gen, Kommunikation etc. Hier bewerben!","og_url":"https:\/\/www.e-kern.com\/de\/kern-welten\/karriere\/aushilfe-uebersetzungsbereich\/","og_site_name":"\u00dcbersetzen und Dolmetschen in allen Weltsprachen | KERN AG","article_publisher":"https:\/\/www.facebook.com\/KernAG\/","article_modified_time":"2026-02-11T16:57:37+00:00","twitter_card":"summary_large_image","twitter_misc":{"Gesch\u00e4tzte Lesezeit":"3\u00a0Minuten"},"schema":{"@context":"https:\/\/schema.org","@graph":[{"@type":"WebPage","@id":"https:\/\/www.e-kern.com\/de\/kern-welten\/karriere\/aushilfe-uebersetzungsbereich\/","url":"https:\/\/www.e-kern.com\/de\/kern-welten\/karriere\/aushilfe-uebersetzungsbereich\/","name":"Aushilfe \u00dcbersetzungsbereich | KERN AG","isPartOf":{"@id":"https:\/\/www.e-kern.com\/de\/#website"},"datePublished":"2026-01-30T13:39:29+00:00","dateModified":"2026-02-11T16:57:37+00:00","description":"Aushilfe im \u00dcbersetzungsbereich: Unterst\u00fctzung im Projektmanagement, Koordination von \u00dcbersetzungsauftr\u00e4gen, Kommunikation etc. Hier bewerben!","breadcrumb":{"@id":"https:\/\/www.e-kern.com\/de\/kern-welten\/karriere\/aushilfe-uebersetzungsbereich\/#breadcrumb"},"inLanguage":"de","potentialAction":[{"@type":"ReadAction","target":["https:\/\/www.e-kern.com\/de\/kern-welten\/karriere\/aushilfe-uebersetzungsbereich\/"]}]},{"@type":"BreadcrumbList","@id":"https:\/\/www.e-kern.com\/de\/kern-welten\/karriere\/aushilfe-uebersetzungsbereich\/#breadcrumb","itemListElement":[{"@type":"ListItem","position":1,"name":"Startseite","item":"https:\/\/www.e-kern.com\/de\/"},{"@type":"ListItem","position":2,"name":"KERN Welten","item":"https:\/\/www.e-kern.com\/de\/kern-welten\/"},{"@type":"ListItem","position":3,"name":"Karriere","item":"https:\/\/www.e-kern.com\/de\/kern-welten\/karriere\/"},{"@type":"ListItem","position":4,"name":"Aushilfe \u00dcbersetzungsbereich"}]},{"@type":"WebSite","@id":"https:\/\/www.e-kern.com\/de\/#website","url":"https:\/\/www.e-kern.com\/de\/","name":"\u00dcbersetzen und Dolmetschen in allen Weltsprachen | KERN AG","description":"","publisher":{"@id":"https:\/\/www.e-kern.com\/de\/#organization"},"potentialAction":[{"@type":"SearchAction","target":{"@type":"EntryPoint","urlTemplate":"https:\/\/www.e-kern.com\/de\/?s={search_term_string}"},"query-input":{"@type":"PropertyValueSpecification","valueRequired":true,"valueName":"search_term_string"}}],"inLanguage":"de"},{"@type":"Organization","@id":"https:\/\/www.e-kern.com\/de\/#organization","name":"Kern AG","alternateName":"Kern Global Language Services","url":"https:\/\/www.e-kern.com\/de\/","logo":{"@type":"ImageObject","inLanguage":"de","@id":"https:\/\/www.e-kern.com\/de\/#\/schema\/logo\/image\/","url":"https:\/\/www.e-kern.com\/wp-content\/uploads\/2025\/10\/kern-ag-logo.svg","contentUrl":"https:\/\/www.e-kern.com\/wp-content\/uploads\/2025\/10\/kern-ag-logo.svg","width":668,"height":181,"caption":"Kern AG"},"image":{"@id":"https:\/\/www.e-kern.com\/de\/#\/schema\/logo\/image\/"},"sameAs":["https:\/\/www.facebook.com\/KernAG\/","https:\/\/www.linkedin.com\/company\/kern-global-language-services\/","https:\/\/www.xing.com\/pages\/kernagsprachendienste","https:\/\/www.youtube.com\/user\/KernLanguageServices","https:\/\/www.instagram.com\/kern_ag\/"]}]}},"_links":{"self":[{"href":"https:\/\/www.e-kern.com\/de\/wp-json\/wp\/v2\/pages\/8912","targetHints":{"allow":["GET"]}}],"collection":[{"href":"https:\/\/www.e-kern.com\/de\/wp-json\/wp\/v2\/pages"}],"about":[{"href":"https:\/\/www.e-kern.com\/de\/wp-json\/wp\/v2\/types\/page"}],"author":[{"embeddable":true,"href":"https:\/\/www.e-kern.com\/de\/wp-json\/wp\/v2\/users\/9"}],"replies":[{"embeddable":true,"href":"https:\/\/www.e-kern.com\/de\/wp-json\/wp\/v2\/comments?post=8912"}],"version-history":[{"count":10,"href":"https:\/\/www.e-kern.com\/de\/wp-json\/wp\/v2\/pages\/8912\/revisions"}],"predecessor-version":[{"id":14102,"href":"https:\/\/www.e-kern.com\/de\/wp-json\/wp\/v2\/pages\/8912\/revisions\/14102"}],"up":[{"embeddable":true,"href":"https:\/\/www.e-kern.com\/de\/wp-json\/wp\/v2\/pages\/8179"}],"wp:attachment":[{"href":"https:\/\/www.e-kern.com\/de\/wp-json\/wp\/v2\/media?parent=8912"}],"wp:term":[{"taxonomy":"folder","embeddable":true,"href":"https:\/\/www.e-kern.com\/de\/wp-json\/wp\/v2\/folder?post=8912"}],"curies":[{"name":"wp","href":"https:\/\/api.w.org\/{rel}","templated":true}]}}