{"id":8833,"date":"2026-01-26T10:28:11","date_gmt":"2026-01-26T09:28:11","guid":{"rendered":"https:\/\/www.e-kern.com\/?page_id=8833"},"modified":"2026-02-26T10:39:28","modified_gmt":"2026-02-26T09:39:28","slug":"freelancer","status":"publish","type":"page","link":"https:\/\/www.e-kern.com\/de\/kern-welten\/karriere\/freelancer\/","title":{"rendered":"Freelancer"},"content":{"rendered":"\t\t<div data-elementor-type=\"wp-page\" data-elementor-id=\"8833\" class=\"elementor elementor-8833\" data-elementor-post-type=\"page\">\n\t\t\t\t<div class=\"elementor-element elementor-element-291fbc82 elementor-hidden-laptop elementor-hidden-tablet elementor-hidden-mobile e-flex e-con-boxed e-con e-parent\" data-id=\"291fbc82\" data-element_type=\"container\" data-e-type=\"container\" data-settings=\"{&quot;background_background&quot;:&quot;classic&quot;}\">\n\t\t\t\t\t<div class=\"e-con-inner\">\n\t\t\t\t\t<\/div>\n\t\t\t\t<\/div>\n\t\t<div class=\"elementor-element elementor-element-70291725 e-flex e-con-boxed e-con e-parent\" data-id=\"70291725\" data-element_type=\"container\" data-e-type=\"container\" data-settings=\"{&quot;background_background&quot;:&quot;classic&quot;}\">\n\t\t\t\t\t<div class=\"e-con-inner\">\n\t\t\t\t<div class=\"elementor-element elementor-element-b551d3f elementor-widget elementor-widget-breadcrumbs\" data-id=\"b551d3f\" data-element_type=\"widget\" data-e-type=\"widget\" data-widget_type=\"breadcrumbs.default\">\n\t\t\t\t\t<p id=\"breadcrumbs\"><span><span><a href=\"https:\/\/www.e-kern.com\/de\/\">Startseite<\/a><\/span><\/span><\/p>\t\t\t\t<\/div>\n\t\t\t\t\t<\/div>\n\t\t\t\t<\/div>\n\t\t<div class=\"elementor-element elementor-element-c610c25 e-flex e-con-boxed e-con e-parent\" data-id=\"c610c25\" data-element_type=\"container\" data-e-type=\"container\">\n\t\t\t\t\t<div class=\"e-con-inner\">\n\t\t<div class=\"elementor-element elementor-element-59279cf e-con-full e-flex e-con e-child\" data-id=\"59279cf\" data-element_type=\"container\" data-e-type=\"container\">\n\t\t<div class=\"elementor-element elementor-element-d36286a e-con-full e-flex e-con e-child\" data-id=\"d36286a\" data-element_type=\"container\" data-e-type=\"container\" data-settings=\"{&quot;background_background&quot;:&quot;gradient&quot;}\">\n\t\t\t\t<\/div>\n\t\t\t\t<div class=\"elementor-element elementor-element-fdc3890 elementor-widget elementor-widget-heading\" data-id=\"fdc3890\" data-element_type=\"widget\" data-e-type=\"widget\" data-widget_type=\"heading.default\">\n\t\t\t\t\t<h1 class=\"elementor-heading-title elementor-size-default\">Freie Mitarbeiter<\/h1>\t\t\t\t<\/div>\n\t\t\t\t<div class=\"elementor-element elementor-element-e76972b elementor-widget elementor-widget-heading\" data-id=\"e76972b\" data-element_type=\"widget\" data-e-type=\"widget\" data-widget_type=\"heading.default\">\n\t\t\t\t\t<div class=\"elementor-heading-title elementor-size-default\">Freelancer f\u00fcr \u00dcbersetzung, Dolmetschen und Technische Dokumentation<\/div>\t\t\t\t<\/div>\n\t\t\t\t<\/div>\n\t\t\t\t\t<\/div>\n\t\t\t\t<\/div>\n\t\t<div class=\"elementor-element elementor-element-e1e9dd6 e-flex e-con-boxed e-con e-parent\" data-id=\"e1e9dd6\" data-element_type=\"container\" data-e-type=\"container\">\n\t\t\t\t\t<div class=\"e-con-inner\">\n\t\t<div class=\"elementor-element elementor-element-446b7ba e-con-full e-flex elementor-invisible e-con e-child\" data-id=\"446b7ba\" data-element_type=\"container\" data-e-type=\"container\" data-settings=\"{&quot;animation&quot;:&quot;fadeInLeft&quot;}\">\n\t\t\t\t<div class=\"elementor-element elementor-element-64df230 elementor-widget elementor-widget-text-editor\" data-id=\"64df230\" data-element_type=\"widget\" data-e-type=\"widget\" data-widget_type=\"text-editor.default\">\n\t\t\t\t\t\t\t\t\t<p>Als globaler Sprachdienstleister suchen wir st\u00e4ndig nach qualifizierten und passionierten Fachkr\u00e4ften, die unser freiberufliches Team erweitern. Bei der KERN AG, Sprachendienste bieten wir Ihnen die M\u00f6glichkeit, an einer Vielzahl von spannenden und herausfordernden Projekten zu arbeiten, die Ihre F\u00e4higkeiten optimal nutzen und weiterentwickeln.<\/p>\t\t\t\t\t\t\t\t<\/div>\n\t\t\t\t<\/div>\n\t\t<div class=\"elementor-element elementor-element-c096c4c e-con-full e-flex elementor-invisible e-con e-child\" data-id=\"c096c4c\" data-element_type=\"container\" data-e-type=\"container\" data-settings=\"{&quot;animation&quot;:&quot;fadeInRight&quot;}\">\n\t\t\t\t<div class=\"elementor-element elementor-element-53369dc elementor-widget elementor-widget-image\" data-id=\"53369dc\" data-element_type=\"widget\" data-e-type=\"widget\" data-widget_type=\"image.default\">\n\t\t\t\t\t\t\t\t\t\t\t\t\t\t\t<img fetchpriority=\"high\" decoding=\"async\" width=\"1024\" height=\"768\" src=\"https:\/\/www.e-kern.com\/wp-content\/uploads\/2026\/01\/lokalisierung-e-learning.webp\" class=\"attachment-full size-full wp-image-5280\" alt=\"\" srcset=\"https:\/\/www.e-kern.com\/wp-content\/uploads\/2026\/01\/lokalisierung-e-learning.webp 1024w, https:\/\/www.e-kern.com\/wp-content\/uploads\/2026\/01\/lokalisierung-e-learning-300x225.webp 300w, https:\/\/www.e-kern.com\/wp-content\/uploads\/2026\/01\/lokalisierung-e-learning-768x576.webp 768w\" sizes=\"(max-width: 1024px) 100vw, 1024px\" \/>\t\t\t\t\t\t\t\t\t\t\t\t\t\t\t<\/div>\n\t\t\t\t<\/div>\n\t\t\t\t\t<\/div>\n\t\t\t\t<\/div>\n\t\t<div class=\"elementor-element elementor-element-182bfea e-flex e-con-boxed e-con e-parent\" data-id=\"182bfea\" data-element_type=\"container\" data-e-type=\"container\">\n\t\t\t\t\t<div class=\"e-con-inner\">\n\t\t<div class=\"elementor-element elementor-element-221316f e-con-full e-flex elementor-invisible e-con e-child\" data-id=\"221316f\" data-element_type=\"container\" data-e-type=\"container\" data-settings=\"{&quot;animation&quot;:&quot;fadeInLeft&quot;}\">\n\t\t\t\t<div class=\"elementor-element elementor-element-6c56fdb elementor-widget elementor-widget-image\" data-id=\"6c56fdb\" data-element_type=\"widget\" data-e-type=\"widget\" data-widget_type=\"image.default\">\n\t\t\t\t\t\t\t\t\t\t\t\t\t\t\t<img decoding=\"async\" width=\"1024\" height=\"768\" src=\"https:\/\/www.e-kern.com\/wp-content\/uploads\/2025\/12\/RSI-VoiceApp.webp\" class=\"attachment-full size-full wp-image-2628\" alt=\"KERN AG pr\u00e4sentiert innovatives Update f\u00fcr die RSI VoiceApp\u2122\" srcset=\"https:\/\/www.e-kern.com\/wp-content\/uploads\/2025\/12\/RSI-VoiceApp.webp 1024w, https:\/\/www.e-kern.com\/wp-content\/uploads\/2025\/12\/RSI-VoiceApp-300x225.webp 300w, https:\/\/www.e-kern.com\/wp-content\/uploads\/2025\/12\/RSI-VoiceApp-768x576.webp 768w\" sizes=\"(max-width: 1024px) 100vw, 1024px\" \/>\t\t\t\t\t\t\t\t\t\t\t\t\t\t\t<\/div>\n\t\t\t\t<\/div>\n\t\t<div class=\"elementor-element elementor-element-ff238d6 e-con-full e-flex elementor-invisible e-con e-child\" data-id=\"ff238d6\" data-element_type=\"container\" data-e-type=\"container\" data-settings=\"{&quot;animation&quot;:&quot;fadeInRight&quot;}\">\n\t\t\t\t<div class=\"elementor-element elementor-element-1efc0ba elementor-widget elementor-widget-text-editor\" data-id=\"1efc0ba\" data-element_type=\"widget\" data-e-type=\"widget\" data-widget_type=\"text-editor.default\">\n\t\t\t\t\t\t\t\t\t<p>Wir sch\u00e4tzen die Vielfalt und das Engagement unserer Freelancer und bieten Ihnen eine Plattform, auf der Sie Ihre beruflichen F\u00e4higkeiten in einem professionellen Umfeld unter Beweis stellen k\u00f6nnen. Unsere Projekte reichen von gro\u00dfen internationalen Auftr\u00e4gen bis hin zu spezialisierten kleinen Aufgaben, die pr\u00e4zise Kenntnisse erfordern.<\/p><p><strong>Werden Sie Teil unseres freiberuflichen Teams!<\/strong><br \/><strong>Wir freuen uns auf Ihre Bewerbungsunterlagen per E-Mail!<\/strong><\/p>\t\t\t\t\t\t\t\t<\/div>\n\t\t\t\t<div class=\"elementor-element elementor-element-88d5194 elementor-widget elementor-widget-button\" data-id=\"88d5194\" data-element_type=\"widget\" data-e-type=\"widget\" data-widget_type=\"button.default\">\n\t\t\t\t\t\t\t\t\t\t<a class=\"elementor-button elementor-button-link elementor-size-sm\" href=\"mailto:lieferanten@e-kern.com\">\n\t\t\t\t\t\t<span class=\"elementor-button-content-wrapper\">\n\t\t\t\t\t\t<span class=\"elementor-button-icon\">\n\t\t\t\t<svg aria-hidden=\"true\" class=\"e-font-icon-svg e-fas-arrow-right\" viewBox=\"0 0 448 512\" xmlns=\"http:\/\/www.w3.org\/2000\/svg\"><path d=\"M190.5 66.9l22.2-22.2c9.4-9.4 24.6-9.4 33.9 0L441 239c9.4 9.4 9.4 24.6 0 33.9L246.6 467.3c-9.4 9.4-24.6 9.4-33.9 0l-22.2-22.2c-9.5-9.5-9.3-25 .4-34.3L311.4 296H24c-13.3 0-24-10.7-24-24v-32c0-13.3 10.7-24 24-24h287.4L190.9 101.2c-9.8-9.3-10-24.8-.4-34.3z\"><\/path><\/svg>\t\t\t<\/span>\n\t\t\t\t\t\t\t\t\t<span class=\"elementor-button-text\">E-Mail schreiben<\/span>\n\t\t\t\t\t<\/span>\n\t\t\t\t\t<\/a>\n\t\t\t\t\t\t\t\t<\/div>\n\t\t\t\t<\/div>\n\t\t\t\t\t<\/div>\n\t\t\t\t<\/div>\n\t\t\t\t<\/div>\n\t\t","protected":false},"excerpt":{"rendered":"<p>Werden Sie Teil unseres Freelancer-Teams: \u00dcbersetzung, Dolmetschen und Technische Dokumentation in spannenden Projekten.<\/p>\n","protected":false},"author":9,"featured_media":4071,"parent":8179,"menu_order":0,"comment_status":"closed","ping_status":"closed","template":"","meta":{"_relevanssi_hide_post":"","_relevanssi_hide_content":"","_relevanssi_pin_for_all":"","_relevanssi_pin_keywords":"","_relevanssi_unpin_keywords":"","_relevanssi_related_keywords":"","_relevanssi_related_include_ids":"","_relevanssi_related_exclude_ids":"","_relevanssi_related_no_append":"","_relevanssi_related_not_related":"","_relevanssi_related_posts":"2225,2417,2688,2710,2676,2797","_relevanssi_noindex_reason":"","footnotes":""},"folder":[246],"class_list":["post-8833","page","type-page","status-publish","has-post-thumbnail","hentry"],"yoast_head":"<!-- This site is optimized with the Yoast SEO plugin v27.3 - https:\/\/yoast.com\/product\/yoast-seo-wordpress\/ -->\n<title>Freelancer f\u00fcr \u00dcbersetzung, Dolmetschen &amp; TechDoc<\/title>\n<meta name=\"description\" content=\"Werden Sie Teil unseres Freelancer-Teams: \u00dcbersetzung, Dolmetschen und Technische Dokumentation in spannenden Projekten. Hier mehr!\" \/>\n<meta name=\"robots\" content=\"index, follow, max-snippet:-1, max-image-preview:large, max-video-preview:-1\" \/>\n<link rel=\"canonical\" href=\"https:\/\/www.e-kern.com\/de\/kern-welten\/karriere\/freelancer\/\" \/>\n<meta property=\"og:locale\" content=\"de_DE\" \/>\n<meta property=\"og:type\" content=\"article\" \/>\n<meta property=\"og:title\" content=\"Freelancer f\u00fcr \u00dcbersetzung, Dolmetschen &amp; TechDoc\" \/>\n<meta property=\"og:description\" content=\"Werden Sie Teil unseres Freelancer-Teams: \u00dcbersetzung, Dolmetschen und Technische Dokumentation in spannenden Projekten. Hier mehr!\" \/>\n<meta property=\"og:url\" content=\"https:\/\/www.e-kern.com\/de\/kern-welten\/karriere\/freelancer\/\" \/>\n<meta property=\"og:site_name\" content=\"\u00dcbersetzen und Dolmetschen in allen Weltsprachen | KERN AG\" \/>\n<meta property=\"article:publisher\" content=\"https:\/\/www.facebook.com\/KernAG\/\" \/>\n<meta property=\"article:modified_time\" content=\"2026-02-26T09:39:28+00:00\" \/>\n<meta property=\"og:image\" content=\"https:\/\/www.e-kern.com\/wp-content\/uploads\/2025\/12\/lektorat-korrekturlesen.webp\" \/>\n\t<meta property=\"og:image:width\" content=\"1920\" \/>\n\t<meta property=\"og:image:height\" content=\"1080\" \/>\n\t<meta property=\"og:image:type\" content=\"image\/webp\" \/>\n<meta name=\"twitter:card\" content=\"summary_large_image\" \/>\n<meta name=\"twitter:label1\" content=\"Gesch\u00e4tzte Lesezeit\" \/>\n\t<meta name=\"twitter:data1\" content=\"1\u00a0Minute\" \/>\n<script type=\"application\/ld+json\" class=\"yoast-schema-graph\">{\"@context\":\"https:\\\/\\\/schema.org\",\"@graph\":[{\"@type\":\"WebPage\",\"@id\":\"https:\\\/\\\/www.e-kern.com\\\/de\\\/kern-welten\\\/karriere\\\/freelancer\\\/\",\"url\":\"https:\\\/\\\/www.e-kern.com\\\/de\\\/kern-welten\\\/karriere\\\/freelancer\\\/\",\"name\":\"Freelancer f\u00fcr \u00dcbersetzung, Dolmetschen & TechDoc\",\"isPartOf\":{\"@id\":\"https:\\\/\\\/www.e-kern.com\\\/de\\\/#website\"},\"primaryImageOfPage\":{\"@id\":\"https:\\\/\\\/www.e-kern.com\\\/de\\\/kern-welten\\\/karriere\\\/freelancer\\\/#primaryimage\"},\"image\":{\"@id\":\"https:\\\/\\\/www.e-kern.com\\\/de\\\/kern-welten\\\/karriere\\\/freelancer\\\/#primaryimage\"},\"thumbnailUrl\":\"https:\\\/\\\/www.e-kern.com\\\/wp-content\\\/uploads\\\/2025\\\/12\\\/lektorat-korrekturlesen.webp\",\"datePublished\":\"2026-01-26T09:28:11+00:00\",\"dateModified\":\"2026-02-26T09:39:28+00:00\",\"description\":\"Werden Sie Teil unseres Freelancer-Teams: \u00dcbersetzung, Dolmetschen und Technische Dokumentation in spannenden Projekten. Hier mehr!\",\"breadcrumb\":{\"@id\":\"https:\\\/\\\/www.e-kern.com\\\/de\\\/kern-welten\\\/karriere\\\/freelancer\\\/#breadcrumb\"},\"inLanguage\":\"de\",\"potentialAction\":[{\"@type\":\"ReadAction\",\"target\":[\"https:\\\/\\\/www.e-kern.com\\\/de\\\/kern-welten\\\/karriere\\\/freelancer\\\/\"]}]},{\"@type\":\"ImageObject\",\"inLanguage\":\"de\",\"@id\":\"https:\\\/\\\/www.e-kern.com\\\/de\\\/kern-welten\\\/karriere\\\/freelancer\\\/#primaryimage\",\"url\":\"https:\\\/\\\/www.e-kern.com\\\/wp-content\\\/uploads\\\/2025\\\/12\\\/lektorat-korrekturlesen.webp\",\"contentUrl\":\"https:\\\/\\\/www.e-kern.com\\\/wp-content\\\/uploads\\\/2025\\\/12\\\/lektorat-korrekturlesen.webp\",\"width\":1920,\"height\":1080},{\"@type\":\"BreadcrumbList\",\"@id\":\"https:\\\/\\\/www.e-kern.com\\\/de\\\/kern-welten\\\/karriere\\\/freelancer\\\/#breadcrumb\",\"itemListElement\":[{\"@type\":\"ListItem\",\"position\":1,\"name\":\"Startseite\",\"item\":\"https:\\\/\\\/www.e-kern.com\\\/de\\\/\"},{\"@type\":\"ListItem\",\"position\":2,\"name\":\"KERN Welten\",\"item\":\"https:\\\/\\\/www.e-kern.com\\\/de\\\/kern-welten\\\/\"},{\"@type\":\"ListItem\",\"position\":3,\"name\":\"Karriere\",\"item\":\"https:\\\/\\\/www.e-kern.com\\\/de\\\/kern-welten\\\/karriere\\\/\"},{\"@type\":\"ListItem\",\"position\":4,\"name\":\"Freelancer\"}]},{\"@type\":\"WebSite\",\"@id\":\"https:\\\/\\\/www.e-kern.com\\\/de\\\/#website\",\"url\":\"https:\\\/\\\/www.e-kern.com\\\/de\\\/\",\"name\":\"\u00dcbersetzen und Dolmetschen in allen Weltsprachen | KERN AG\",\"description\":\"\",\"publisher\":{\"@id\":\"https:\\\/\\\/www.e-kern.com\\\/de\\\/#organization\"},\"potentialAction\":[{\"@type\":\"SearchAction\",\"target\":{\"@type\":\"EntryPoint\",\"urlTemplate\":\"https:\\\/\\\/www.e-kern.com\\\/de\\\/?s={search_term_string}\"},\"query-input\":{\"@type\":\"PropertyValueSpecification\",\"valueRequired\":true,\"valueName\":\"search_term_string\"}}],\"inLanguage\":\"de\"},{\"@type\":\"Organization\",\"@id\":\"https:\\\/\\\/www.e-kern.com\\\/de\\\/#organization\",\"name\":\"Kern AG\",\"alternateName\":\"Kern Global Language Services\",\"url\":\"https:\\\/\\\/www.e-kern.com\\\/de\\\/\",\"logo\":{\"@type\":\"ImageObject\",\"inLanguage\":\"de\",\"@id\":\"https:\\\/\\\/www.e-kern.com\\\/de\\\/#\\\/schema\\\/logo\\\/image\\\/\",\"url\":\"https:\\\/\\\/www.e-kern.com\\\/wp-content\\\/uploads\\\/2025\\\/10\\\/kern-ag-logo.svg\",\"contentUrl\":\"https:\\\/\\\/www.e-kern.com\\\/wp-content\\\/uploads\\\/2025\\\/10\\\/kern-ag-logo.svg\",\"width\":668,\"height\":181,\"caption\":\"Kern AG\"},\"image\":{\"@id\":\"https:\\\/\\\/www.e-kern.com\\\/de\\\/#\\\/schema\\\/logo\\\/image\\\/\"},\"sameAs\":[\"https:\\\/\\\/www.facebook.com\\\/KernAG\\\/\",\"https:\\\/\\\/www.linkedin.com\\\/company\\\/kern-global-language-services\\\/\",\"https:\\\/\\\/www.xing.com\\\/pages\\\/kernagsprachendienste\",\"https:\\\/\\\/www.youtube.com\\\/user\\\/KernLanguageServices\",\"https:\\\/\\\/www.instagram.com\\\/kern_ag\\\/\"]}]}<\/script>\n<!-- \/ Yoast SEO plugin. -->","yoast_head_json":{"title":"Freelancer f\u00fcr \u00dcbersetzung, Dolmetschen & TechDoc","description":"Werden Sie Teil unseres Freelancer-Teams: \u00dcbersetzung, Dolmetschen und Technische Dokumentation in spannenden Projekten. Hier mehr!","robots":{"index":"index","follow":"follow","max-snippet":"max-snippet:-1","max-image-preview":"max-image-preview:large","max-video-preview":"max-video-preview:-1"},"canonical":"https:\/\/www.e-kern.com\/de\/kern-welten\/karriere\/freelancer\/","og_locale":"de_DE","og_type":"article","og_title":"Freelancer f\u00fcr \u00dcbersetzung, Dolmetschen & TechDoc","og_description":"Werden Sie Teil unseres Freelancer-Teams: \u00dcbersetzung, Dolmetschen und Technische Dokumentation in spannenden Projekten. Hier mehr!","og_url":"https:\/\/www.e-kern.com\/de\/kern-welten\/karriere\/freelancer\/","og_site_name":"\u00dcbersetzen und Dolmetschen in allen Weltsprachen | KERN AG","article_publisher":"https:\/\/www.facebook.com\/KernAG\/","article_modified_time":"2026-02-26T09:39:28+00:00","og_image":[{"width":1920,"height":1080,"url":"https:\/\/www.e-kern.com\/wp-content\/uploads\/2025\/12\/lektorat-korrekturlesen.webp","type":"image\/webp"}],"twitter_card":"summary_large_image","twitter_misc":{"Gesch\u00e4tzte Lesezeit":"1\u00a0Minute"},"schema":{"@context":"https:\/\/schema.org","@graph":[{"@type":"WebPage","@id":"https:\/\/www.e-kern.com\/de\/kern-welten\/karriere\/freelancer\/","url":"https:\/\/www.e-kern.com\/de\/kern-welten\/karriere\/freelancer\/","name":"Freelancer f\u00fcr \u00dcbersetzung, Dolmetschen & TechDoc","isPartOf":{"@id":"https:\/\/www.e-kern.com\/de\/#website"},"primaryImageOfPage":{"@id":"https:\/\/www.e-kern.com\/de\/kern-welten\/karriere\/freelancer\/#primaryimage"},"image":{"@id":"https:\/\/www.e-kern.com\/de\/kern-welten\/karriere\/freelancer\/#primaryimage"},"thumbnailUrl":"https:\/\/www.e-kern.com\/wp-content\/uploads\/2025\/12\/lektorat-korrekturlesen.webp","datePublished":"2026-01-26T09:28:11+00:00","dateModified":"2026-02-26T09:39:28+00:00","description":"Werden Sie Teil unseres Freelancer-Teams: \u00dcbersetzung, Dolmetschen und Technische Dokumentation in spannenden Projekten. Hier mehr!","breadcrumb":{"@id":"https:\/\/www.e-kern.com\/de\/kern-welten\/karriere\/freelancer\/#breadcrumb"},"inLanguage":"de","potentialAction":[{"@type":"ReadAction","target":["https:\/\/www.e-kern.com\/de\/kern-welten\/karriere\/freelancer\/"]}]},{"@type":"ImageObject","inLanguage":"de","@id":"https:\/\/www.e-kern.com\/de\/kern-welten\/karriere\/freelancer\/#primaryimage","url":"https:\/\/www.e-kern.com\/wp-content\/uploads\/2025\/12\/lektorat-korrekturlesen.webp","contentUrl":"https:\/\/www.e-kern.com\/wp-content\/uploads\/2025\/12\/lektorat-korrekturlesen.webp","width":1920,"height":1080},{"@type":"BreadcrumbList","@id":"https:\/\/www.e-kern.com\/de\/kern-welten\/karriere\/freelancer\/#breadcrumb","itemListElement":[{"@type":"ListItem","position":1,"name":"Startseite","item":"https:\/\/www.e-kern.com\/de\/"},{"@type":"ListItem","position":2,"name":"KERN Welten","item":"https:\/\/www.e-kern.com\/de\/kern-welten\/"},{"@type":"ListItem","position":3,"name":"Karriere","item":"https:\/\/www.e-kern.com\/de\/kern-welten\/karriere\/"},{"@type":"ListItem","position":4,"name":"Freelancer"}]},{"@type":"WebSite","@id":"https:\/\/www.e-kern.com\/de\/#website","url":"https:\/\/www.e-kern.com\/de\/","name":"\u00dcbersetzen und Dolmetschen in allen Weltsprachen | KERN AG","description":"","publisher":{"@id":"https:\/\/www.e-kern.com\/de\/#organization"},"potentialAction":[{"@type":"SearchAction","target":{"@type":"EntryPoint","urlTemplate":"https:\/\/www.e-kern.com\/de\/?s={search_term_string}"},"query-input":{"@type":"PropertyValueSpecification","valueRequired":true,"valueName":"search_term_string"}}],"inLanguage":"de"},{"@type":"Organization","@id":"https:\/\/www.e-kern.com\/de\/#organization","name":"Kern AG","alternateName":"Kern Global Language Services","url":"https:\/\/www.e-kern.com\/de\/","logo":{"@type":"ImageObject","inLanguage":"de","@id":"https:\/\/www.e-kern.com\/de\/#\/schema\/logo\/image\/","url":"https:\/\/www.e-kern.com\/wp-content\/uploads\/2025\/10\/kern-ag-logo.svg","contentUrl":"https:\/\/www.e-kern.com\/wp-content\/uploads\/2025\/10\/kern-ag-logo.svg","width":668,"height":181,"caption":"Kern AG"},"image":{"@id":"https:\/\/www.e-kern.com\/de\/#\/schema\/logo\/image\/"},"sameAs":["https:\/\/www.facebook.com\/KernAG\/","https:\/\/www.linkedin.com\/company\/kern-global-language-services\/","https:\/\/www.xing.com\/pages\/kernagsprachendienste","https:\/\/www.youtube.com\/user\/KernLanguageServices","https:\/\/www.instagram.com\/kern_ag\/"]}]}},"_links":{"self":[{"href":"https:\/\/www.e-kern.com\/de\/wp-json\/wp\/v2\/pages\/8833","targetHints":{"allow":["GET"]}}],"collection":[{"href":"https:\/\/www.e-kern.com\/de\/wp-json\/wp\/v2\/pages"}],"about":[{"href":"https:\/\/www.e-kern.com\/de\/wp-json\/wp\/v2\/types\/page"}],"author":[{"embeddable":true,"href":"https:\/\/www.e-kern.com\/de\/wp-json\/wp\/v2\/users\/9"}],"replies":[{"embeddable":true,"href":"https:\/\/www.e-kern.com\/de\/wp-json\/wp\/v2\/comments?post=8833"}],"version-history":[{"count":10,"href":"https:\/\/www.e-kern.com\/de\/wp-json\/wp\/v2\/pages\/8833\/revisions"}],"predecessor-version":[{"id":28141,"href":"https:\/\/www.e-kern.com\/de\/wp-json\/wp\/v2\/pages\/8833\/revisions\/28141"}],"up":[{"embeddable":true,"href":"https:\/\/www.e-kern.com\/de\/wp-json\/wp\/v2\/pages\/8179"}],"wp:featuredmedia":[{"embeddable":true,"href":"https:\/\/www.e-kern.com\/de\/wp-json\/wp\/v2\/media\/4071"}],"wp:attachment":[{"href":"https:\/\/www.e-kern.com\/de\/wp-json\/wp\/v2\/media?parent=8833"}],"wp:term":[{"taxonomy":"folder","embeddable":true,"href":"https:\/\/www.e-kern.com\/de\/wp-json\/wp\/v2\/folder?post=8833"}],"curies":[{"name":"wp","href":"https:\/\/api.w.org\/{rel}","templated":true}]}}