{"id":4944,"date":"2026-01-06T15:06:32","date_gmt":"2026-01-06T14:06:32","guid":{"rendered":"https:\/\/www.e-kern.com\/?page_id=4944"},"modified":"2026-04-02T11:58:54","modified_gmt":"2026-04-02T09:58:54","slug":"datenschutz","status":"publish","type":"page","link":"https:\/\/www.e-kern.com\/de\/datenschutz\/","title":{"rendered":"Datenschutzerkl\u00e4rung"},"content":{"rendered":"\t\t<div data-elementor-type=\"wp-page\" data-elementor-id=\"4944\" class=\"elementor elementor-4944\" data-elementor-post-type=\"page\">\n\t\t\t\t<div class=\"elementor-element elementor-element-25778d6d e-flex e-con-boxed e-con e-parent\" data-id=\"25778d6d\" data-element_type=\"container\" data-e-type=\"container\">\n\t\t\t\t\t<div class=\"e-con-inner\">\n\t\t<div class=\"elementor-element elementor-element-25a82199 e-con-full e-flex e-con e-child\" data-id=\"25a82199\" data-element_type=\"container\" data-e-type=\"container\">\n\t\t<div class=\"elementor-element elementor-element-330ff08b e-con-full e-flex e-con e-child\" data-id=\"330ff08b\" data-element_type=\"container\" data-e-type=\"container\" data-settings=\"{&quot;background_background&quot;:&quot;gradient&quot;}\">\n\t\t\t\t<\/div>\n\t\t\t\t<div class=\"elementor-element elementor-element-19b31d52 elementor-widget elementor-widget-heading\" data-id=\"19b31d52\" data-element_type=\"widget\" data-e-type=\"widget\" data-widget_type=\"heading.default\">\n\t\t\t\t\t<h1 class=\"elementor-heading-title elementor-size-default\">Datenschutzerkl\u00e4rung der KERN AG, Sprachendienste<\/h1>\t\t\t\t<\/div>\n\t\t\t\t<div class=\"elementor-element elementor-element-78bd9d5c elementor-widget elementor-widget-heading\" data-id=\"78bd9d5c\" data-element_type=\"widget\" data-e-type=\"widget\" data-widget_type=\"heading.default\">\n\t\t\t\t\t<div class=\"elementor-heading-title elementor-size-default\">Stand: Januar 2026<\/div>\t\t\t\t<\/div>\n\t\t\t\t<div class=\"elementor-element elementor-element-b3d7dbc elementor-widget elementor-widget-text-editor\" data-id=\"b3d7dbc\" data-element_type=\"widget\" data-e-type=\"widget\" data-widget_type=\"text-editor.default\">\n\t\t\t\t\t\t\t\t\t<h2>1. Datenschutz auf einen Blick<\/h2>\n<p><b>Allgemeine Hinweise<\/b><\/p>\n<p>Die folgenden Hinweise geben einen einfachen \u00dcberblick dar\u00fcber, was mit Ihren personenbezogenen Daten passiert, wenn Sie unsere Website besuchen. Personenbezogene Daten sind alle Daten, mit denen Sie pers\u00f6nlich identifiziert werden k\u00f6nnen.&nbsp;<\/p>\n<p><b>Verantwortlich f\u00fcr die Datenerfassung auf dieser Website<\/b><\/p>\n<p>Die Datenverarbeitung auf dieser Website erfolgt durch den Websitebetreiber:<\/p>\n<p><b>KERN AG, Sprachendienste<br>\n<\/b>Kurf\u00fcrstenstra\u00dfe 1<br>\n60486 Frankfurt am Main<\/p>\n<p>Tel:&nbsp;<a href=\"tel:+49697560730\" target=\"_blank\" rel=\"noopener\">(069) 75 60 73-0<\/a><br>\nE-Mail:&nbsp;<a href=\"mailto:info@e-kern.com\" target=\"_blank\" rel=\"noopener\">info@e-kern.com<\/a><br>\nWeb:&nbsp;<a style=\"background-color: #ffffff; font-size: 1.25rem;\" href=\"https:\/\/www.e-kern.com\" target=\"_blank\" rel=\"noopener\">www.e-kern.com<\/a><\/p>\n<p><b>Unser Datenschutzbeauftragter:<\/b><\/p>\n<p>RA Ilja Jordy<br>\nE-Mail: <a href=\"mailto:datenschutz@e-kern.com\">datenschutz@e-kern.com<\/a><\/p>\n<p><b>Wie erfassen wir Ihre Daten?<\/b><\/p>\n<p>Ihre Daten werden zum einen dadurch erhoben, dass Sie uns diese mitteilen. Hierbei kann es sich z. B. um Daten handeln, die Sie in ein Kontaktformular eingeben oder bei einer Newsletter-Anmeldung \u00fcbermitteln.<\/p>\n<p>Andere Daten werden automatisch oder nach Ihrer Einwilligung beim Besuch der Website durch unsere IT-Systeme erfasst. Das sind vor allem technische Daten (z. B. Internetbrowser, Betriebssystem oder Uhrzeit des Seitenaufrufs) sowie Daten zu Ihrem Nutzungsverhalten.<\/p>\t\t\t\t\t\t\t\t<\/div>\n\t\t\t\t<div class=\"elementor-element elementor-element-78f549a elementor-widget elementor-widget-text-editor\" data-id=\"78f549a\" data-element_type=\"widget\" data-e-type=\"widget\" data-widget_type=\"text-editor.default\">\n\t\t\t\t\t\t\t\t\t<h2>2. Hosting<\/h2><p>Wir hosten unsere Website bei unserem Dienstleister:<\/p><p><b>Plutex GmbH<br \/><\/b>Hermann-Ritter-Str. 110<br \/>28197 Bremen<br \/>(nachfolgend \u201ePlutex\u201c)<\/p><p>Wenn Sie unsere Website besuchen, erfasst Plutex verschiedene Logfiles inkl. Ihrer IP-Adressen.<br \/>Details zur Datenverarbeitung entnehmen Sie der Datenschutzerkl\u00e4rung von Plutex:\u00a0<a href=\"https:\/\/www.plutex.de\/datenschutz\" target=\"_blank\" rel=\"noopener\">https:\/\/www.plutex.de\/datenschutz<\/a>.<\/p><p>Die Verwendung von Plutex erfolgt auf Grundlage von Art. 6 Abs. 1 lit. f DSGVO. Wir haben ein berechtigtes Interesse an einer m\u00f6glichst zuverl\u00e4ssigen Darstellung unserer Website. Sofern eine entsprechende Einwilligung abgefragt wurde, erfolgt die Verarbeitung ausschlie\u00dflich auf Grundlage von Art. 6 Abs. 1 lit. a DSGVO; die Einwilligung ist jederzeit widerrufbar.<\/p><p>Auftragsverarbeitung<br \/>Wir haben einen Vertrag \u00fcber Auftragsverarbeitung (AVV) mit dem oben genannten Anbieter geschlossen. Hierbei handelt es sich um einen datenschutzrechtlich vorgeschriebenen Vertrag, der gew\u00e4hrleistet, dass dieser die personenbezogenen Daten unserer Websitebesucher nur nach unseren Weisungen und unter Einhaltung der DSGVO verarbeitet.<\/p>\t\t\t\t\t\t\t\t<\/div>\n\t\t\t\t<div class=\"elementor-element elementor-element-feabb15 elementor-widget elementor-widget-text-editor\" data-id=\"feabb15\" data-element_type=\"widget\" data-e-type=\"widget\" data-widget_type=\"text-editor.default\">\n\t\t\t\t\t\t\t\t\t<h2>3. Einwilligung und Cookie-Management<\/h2><p><b>Consentmanager<\/b><\/p><p>Unsere Website nutzt die Consent-Technologie von consentmanager.net, um Ihre Einwilligung zur Speicherung bestimmter Cookies auf Ihrem Endger\u00e4t oder zum Einsatz bestimmter Technologien einzuholen und diese datenschutzkonform zu dokumentieren. Anbieter dieser Technologie ist die Consentmanager AB, H\u00e5ltegelv\u00e4gen 1b, 72348 V\u00e4ster\u00e5s, Schweden (im Folgenden \u201eConsentmanager\u201c).<\/p><p>Wenn Sie unsere Website betreten, wird eine Verbindung zu den Servern von Consentmanager hergestellt, um Ihre Einwilligungen und sonstigen Erkl\u00e4rungen zur Cookie-Nutzung einzuholen. Anschlie\u00dfend speichert Consentmanager einen Cookie in Ihrem Browser, um Ihnen die erteilten Einwilligungen bzw. deren Widerruf zuordnen zu k\u00f6nnen. Die so erfassten Daten werden gespeichert, bis Sie uns zur L\u00f6schung auffordern, den Consentmanager-Cookie selbst l\u00f6schen oder der Zweck f\u00fcr die Datenspeicherung entf\u00e4llt. Zwingende gesetzliche Aufbewahrungspflichten bleiben unber\u00fchrt.<\/p><p>Der Einsatz von Consentmanager erfolgt, um die gesetzlich vorgeschriebenen Einwilligungen f\u00fcr den Einsatz von Cookies einzuholen. Rechtsgrundlage hierf\u00fcr ist Art. 6 Abs. 1 lit. c DSGVO.<\/p>\t\t\t\t\t\t\t\t<\/div>\n\t\t\t\t<div class=\"elementor-element elementor-element-8c15e97 elementor-widget elementor-widget-text-editor\" data-id=\"8c15e97\" data-element_type=\"widget\" data-e-type=\"widget\" data-widget_type=\"text-editor.default\">\n\t\t\t\t\t\t\t\t\t<h2>4. Analyse und Werbung<\/h2><p><b>Matomo (Cookieless)\u00a0<\/b><\/p><p>Wir nutzen auf dieser Website die Open-Source-Software Matomo zur Analyse des Surfverhaltens unserer Nutzer. Wir haben Matomo so konfiguriert, dass <b>keine Cookies<\/b> auf Ihrem Endger\u00e4t gespeichert werden. Die Analyse erfolgt mittels sog. Fingerprinting, das sich bei jedem Seitenaufruf \u00e4ndert und keine dauerhafte Identifizierung erm\u00f6glicht.<\/p><p>Ihre IP-Adresse wird bei der Verarbeitung umgehend anonymisiert (z. B. durch K\u00fcrzung der letzten Stellen), sodass Sie als Nutzer f\u00fcr uns anonym bleiben. Die durch Matomo erhobenen Daten werden auf unseren eigenen Servern (bzw. bei unserem Hoster Plutex in Deutschland) gespeichert und nicht an Dritte weitergegeben.<\/p><p>Die Nutzung dieses Analyse-Tools erfolgt auf Grundlage von Art. 6 Abs. 1 lit. f DSGVO. Der Websitebetreiber hat ein berechtigtes Interesse an der anonymisierten Analyse des Nutzerverhaltens, um sowohl sein Webangebot als auch seine Werbung zu optimieren. Da keine Cookies gesetzt werden und die IP anonymisiert wird, ist f\u00fcr diese Form der Reichweitenmessung keine Einwilligung erforderlich.<\/p><p>Wenn Sie mit der Speicherung und Nutzung Ihrer Daten dennoch nicht einverstanden sind, k\u00f6nnen Sie die Speicherung und Nutzung hier deaktivieren:<\/p>\t\t\t\t\t\t\t\t<\/div>\n\t\t\t\t<div class=\"elementor-element elementor-element-3bcc423 elementor-widget elementor-widget-wp-widget-custom_html\" data-id=\"3bcc423\" data-element_type=\"widget\" data-e-type=\"widget\" data-widget_type=\"wp-widget-custom_html.default\">\n\t\t\t\t<div class=\"elementor-widget-container\">\n\t\t\t\t\t<div class=\"textwidget custom-html-widget\"><div id=\"matomo-opt-out\"><\/div>\r\n\r\n      <\/div>\t\t\t\t<\/div>\n\t\t\t\t<\/div>\n\t\t\t\t<div class=\"elementor-element elementor-element-6db47d6 elementor-widget elementor-widget-text-editor\" data-id=\"6db47d6\" data-element_type=\"widget\" data-e-type=\"widget\" data-widget_type=\"text-editor.default\">\n\t\t\t\t\t\t\t\t\t<p><b>Google Analytics 4 (GA4)\u00a0<\/b><\/p><p>Soweit Sie Ihre Einwilligung erkl\u00e4rt haben, wird auf dieser Website zus\u00e4tzlich Google Analytics 4 eingesetzt, ein Webanalysedienst der Google LLC. Verantwortliche Stelle f\u00fcr Nutzer in der EU\/dem EWR und der Schweiz ist Google Ireland Limited, Google Building Gordon House, 4 Barrow St, Dublin, D04 E5W5, Irland (\u201eGoogle\u201c).<\/p><p><b>Art und Zweck der Verarbeitung\u00a0<\/b><\/p><p>Google Analytics verwendet Cookies, die eine Analyse der Benutzung unserer Webseiten durch Sie erm\u00f6glichen. Die mittels der Cookies erhobenen Informationen werden in der Regel an einen Server von Google in den USA \u00fcbertragen und dort gespeichert. Bei Google Analytics 4 ist die Anonymisierung von IP-Adressen standardm\u00e4\u00dfig aktiviert. Aufgrund der IP-Anonymisierung wird Ihre IP-Adresse von Google innerhalb von Mitgliedstaaten der Europ\u00e4ischen Union oder in anderen Vertragsstaaten des Abkommens \u00fcber den Europ\u00e4ischen Wirtschaftsraum gek\u00fcrzt.<\/p><p><b>Rechtsgrundlage und Widerruf<\/b><\/p><p>Rechtsgrundlage f\u00fcr diese Datenverarbeitung ist Ihre Einwilligung gem\u00e4\u00df Art. 6 Abs. 1 lit. a DSGVO. Sie k\u00f6nnen Ihre Einwilligung jederzeit mit Wirkung f\u00fcr die Zukunft widerrufen, indem Sie die Cookie-Einstellungen \u00fcber unseren Consentmanager aufrufen.<\/p><p><b style=\"font-size: 1.25rem;\">Daten\u00fcbermittlung in die USA\u00a0<\/b><\/p><p>Google verarbeitet Daten auch in den USA. Wir weisen darauf hin, dass Google nach dem \u201eEU-US Data Privacy Framework\u201c (DPF) zertifiziert ist. Das DPF ist ein \u00dcbereinkommen zwischen der Europ\u00e4ischen Union und den USA, das die Einhaltung europ\u00e4ischer Datenschutzstandards bei Datenverarbeitungen in den USA gew\u00e4hrleisten soll.<\/p><p><span style=\"font-size: 1.25rem;\"><b>Speicherdauer\u00a0<\/b><\/span><\/p><p><span style=\"font-size: 1.25rem;\">Die von uns gesendeten und mit Cookies verkn\u00fcpften Daten werden nach 14 Monaten automatisch gel\u00f6scht.<\/span><\/p>\t\t\t\t\t\t\t\t<\/div>\n\t\t\t\t<div class=\"elementor-element elementor-element-9be6dc2 elementor-widget elementor-widget-text-editor\" data-id=\"9be6dc2\" data-element_type=\"widget\" data-e-type=\"widget\" data-widget_type=\"text-editor.default\">\n\t\t\t\t\t\t\t\t\t<h2>5. Newsletter und Kontakt<\/h2><p><b>Kontaktformular\u00a0<\/b><\/p><p>Wenn Sie uns per Kontaktformular Anfragen zukommen lassen, werden Ihre Angaben aus dem Anfrageformular inklusive der von Ihnen dort angegebenen Kontaktdaten zwecks Bearbeitung der Anfrage und f\u00fcr den Fall von Anschlussfragen bei uns gespeichert. Diese Daten geben wir nicht ohne Ihre Einwilligung weiter. Die Verarbeitung dieser Daten erfolgt auf Grundlage von Art. 6 Abs. 1 lit. b DSGVO (Vertragserf\u00fcllung\/Anbahnung) oder Art. 6 Abs. 1 lit. f DSGVO (berechtigtes Interesse an der Bearbeitung).<\/p><p><b>Newsletter &amp; Versanddienstleister (Brevo)\u00a0<\/b><\/p><p>Diese Website nutzt Brevo (ehemals Sendinblue \/ Newsletter2Go) f\u00fcr den Versand von Newslettern. Anbieter ist die Sendinblue GmbH, K\u00f6penicker Stra\u00dfe 126, 10179 Berlin bzw. die Muttergesellschaft Brevo SAS, Paris.<\/p><p>Die von Ihnen eingegebenen Daten werden auf den Servern von Brevo (Standort i.d.R. Deutschland oder EU) gespeichert. Mit Hilfe von Brevo k\u00f6nnen wir unsere Newsletter-Kampagnen analysieren (\u00d6ffnungsraten, Klicks). Die Datenverarbeitung erfolgt auf Grundlage Ihrer Einwilligung (Art. 6 Abs. 1 lit. a DSGVO). Sie k\u00f6nnen diese Einwilligung jederzeit widerrufen, indem Sie den Newsletter abbestellen.<\/p><p><b>Auftragsverarbeitung\u00a0<\/b><\/p><p>Wir haben mit Brevo einen Vertrag zur Auftragsverarbeitung (AVV) abgeschlossen, der die Einhaltung der DSGVO gew\u00e4hrleistet.<\/p>\t\t\t\t\t\t\t\t<\/div>\n\t\t\t\t<div class=\"elementor-element elementor-element-bfea63d elementor-widget elementor-widget-text-editor\" data-id=\"bfea63d\" data-element_type=\"widget\" data-e-type=\"widget\" data-widget_type=\"text-editor.default\">\n\t\t\t\t\t\t\t\t\t<h2>6. Kundenkonto und Bestellungen<\/h2><p><strong>Kundenkonto\u00a0<\/strong><\/p><p>Mit Er\u00f6ffnung eines Kundenkontos willigen Sie darin ein, dass Ihre Bestandsdaten (Name, Adresse, E-Mail-Adresse, Bankverbindung) sowie Ihre Nutzerdaten (Benutzername, Passwort) gespeichert werden. Diese Daten werden genutzt, um Sie als Kunden zu identifizieren und Ihnen die M\u00f6glichkeit zu geben, Ihre Daten zu verwalten. Die Verarbeitung erfolgt auf Grundlage Ihrer Einwilligung gem\u00e4\u00df Art. 6 Abs. 1 lit. a DSGVO.<\/p><p><strong>Verarbeitung von Daten (Kunden- und Vertragsdaten)\u00a0<\/strong><\/p><p>Wir erheben, verarbeiten und nutzen personenbezogene Daten nur, soweit sie f\u00fcr die Begr\u00fcndung, inhaltliche Ausgestaltung oder \u00c4nderung des Rechtsverh\u00e4ltnisses erforderlich sind (Bestandsdaten). Dies erfolgt auf Grundlage von Art. 6 Abs. 1 lit. b DSGVO.<\/p>\t\t\t\t\t\t\t\t<\/div>\n\t\t\t\t<div class=\"elementor-element elementor-element-64e0b01 elementor-widget elementor-widget-text-editor\" data-id=\"64e0b01\" data-element_type=\"widget\" data-e-type=\"widget\" data-widget_type=\"text-editor.default\">\n\t\t\t\t\t\t\t\t\t<h2>7. Karrierebereich (Bewerbungen)<\/h2><p>Wenn Sie uns Ihre Bewerbung \u00fcbersenden, verarbeiten wir Ihre damit verbundenen personenbezogenen Daten (z. B. Kontakt- und Kommunikationsdaten, Bewerbungsunterlagen), soweit dies zur Entscheidung \u00fcber die Begr\u00fcndung eines Besch\u00e4ftigungsverh\u00e4ltnisses erforderlich ist. Rechtsgrundlage hierf\u00fcr ist \u00a7 26 BDSG sowie Art. 6 Abs. 1 lit. b DSGVO.<\/p>\t\t\t\t\t\t\t\t<\/div>\n\t\t\t\t<div class=\"elementor-element elementor-element-8e941ff elementor-widget elementor-widget-text-editor\" data-id=\"8e941ff\" data-element_type=\"widget\" data-e-type=\"widget\" data-widget_type=\"text-editor.default\">\n\t\t\t\t\t\t\t\t\t<h2>8. Ihre Rechte als Betroffener<\/h2><p>Sie haben jederzeit das Recht auf unentgeltliche <strong>Auskunft<\/strong> \u00fcber Ihre gespeicherten personenbezogenen Daten, deren Herkunft und Empf\u00e4nger und den Zweck der Datenverarbeitung sowie ein Recht auf <strong>Berichtigung<\/strong> oder <strong>L\u00f6schung<\/strong> dieser Daten. Wenn Sie eine Einwilligung zur Datenverarbeitung erteilt haben, k\u00f6nnen Sie diese jederzeit f\u00fcr die Zukunft widerrufen. Au\u00dferdem haben Sie das Recht, die <strong>Einschr\u00e4nkung der Verarbeitung<\/strong> zu verlangen, sowie ein <strong>Beschwerderecht<\/strong> bei der zust\u00e4ndigen Aufsichtsbeh\u00f6rde.<\/p><p>Zur Aus\u00fcbung dieser Rechte wenden Sie sich bitte an unseren Datenschutzbeauftragten (<a href=\"mailto:datenschutz@e-kern.com\">datenschutz@e-kern.com<\/a>).<\/p>\t\t\t\t\t\t\t\t<\/div>\n\t\t\t\t<\/div>\n\t\t\t\t\t<\/div>\n\t\t\t\t<\/div>\n\t\t\t\t<\/div>\n\t\t","protected":false},"excerpt":{"rendered":"<p>Erfahren Sie hier mehr \u00fcber den Datenschutz der KERN AG, Sprachdienste.<\/p>\n","protected":false},"author":7,"featured_media":4956,"parent":0,"menu_order":0,"comment_status":"closed","ping_status":"closed","template":"","meta":{"_relevanssi_hide_post":"","_relevanssi_hide_content":"","_relevanssi_pin_for_all":"","_relevanssi_pin_keywords":"","_relevanssi_unpin_keywords":"","_relevanssi_related_keywords":"","_relevanssi_related_include_ids":"","_relevanssi_related_exclude_ids":"","_relevanssi_related_no_append":"","_relevanssi_related_not_related":"","_relevanssi_related_posts":"2296,2253,2225,2745,2676,2802","_relevanssi_noindex_reason":"","footnotes":""},"folder":[241],"class_list":["post-4944","page","type-page","status-publish","has-post-thumbnail","hentry"],"yoast_head":"<!-- This site is optimized with the Yoast SEO plugin v27.3 - https:\/\/yoast.com\/product\/yoast-seo-wordpress\/ -->\n<title>Datenschutz der KERN AG, Sprachdienste<\/title>\n<meta name=\"description\" content=\"Erfahren Sie hier mehr \u00fcber den Datenschutz der KERN AG, Sprachdienste.\" \/>\n<meta name=\"robots\" content=\"index, follow, max-snippet:-1, max-image-preview:large, max-video-preview:-1\" \/>\n<link rel=\"canonical\" href=\"https:\/\/www.e-kern.com\/de\/datenschutz\/\" \/>\n<meta property=\"og:locale\" content=\"de_DE\" \/>\n<meta property=\"og:type\" content=\"article\" \/>\n<meta property=\"og:title\" content=\"Datenschutz der KERN AG, Sprachdienste\" \/>\n<meta property=\"og:description\" content=\"Erfahren Sie hier mehr \u00fcber den Datenschutz der KERN AG, Sprachdienste.\" \/>\n<meta property=\"og:url\" content=\"https:\/\/www.e-kern.com\/de\/datenschutz\/\" \/>\n<meta property=\"og:site_name\" content=\"\u00dcbersetzen und Dolmetschen in allen Weltsprachen | KERN AG\" \/>\n<meta property=\"article:publisher\" content=\"https:\/\/www.facebook.com\/KernAG\/\" \/>\n<meta property=\"article:modified_time\" content=\"2026-04-02T09:58:54+00:00\" \/>\n<meta property=\"og:image\" content=\"https:\/\/www.e-kern.com\/wp-content\/uploads\/2026\/01\/datenschutzerklaerung.webp\" \/>\n\t<meta property=\"og:image:width\" content=\"1024\" \/>\n\t<meta property=\"og:image:height\" content=\"768\" \/>\n\t<meta property=\"og:image:type\" content=\"image\/webp\" \/>\n<meta name=\"twitter:card\" content=\"summary_large_image\" \/>\n<meta name=\"twitter:label1\" content=\"Gesch\u00e4tzte Lesezeit\" \/>\n\t<meta name=\"twitter:data1\" content=\"1\u00a0Minute\" \/>\n<script type=\"application\/ld+json\" class=\"yoast-schema-graph\">{\"@context\":\"https:\\\/\\\/schema.org\",\"@graph\":[{\"@type\":\"WebPage\",\"@id\":\"https:\\\/\\\/www.e-kern.com\\\/de\\\/datenschutz\\\/\",\"url\":\"https:\\\/\\\/www.e-kern.com\\\/de\\\/datenschutz\\\/\",\"name\":\"Datenschutz der KERN AG, Sprachdienste\",\"isPartOf\":{\"@id\":\"https:\\\/\\\/www.e-kern.com\\\/de\\\/#website\"},\"primaryImageOfPage\":{\"@id\":\"https:\\\/\\\/www.e-kern.com\\\/de\\\/datenschutz\\\/#primaryimage\"},\"image\":{\"@id\":\"https:\\\/\\\/www.e-kern.com\\\/de\\\/datenschutz\\\/#primaryimage\"},\"thumbnailUrl\":\"https:\\\/\\\/www.e-kern.com\\\/wp-content\\\/uploads\\\/2026\\\/01\\\/datenschutzerklaerung.webp\",\"datePublished\":\"2026-01-06T14:06:32+00:00\",\"dateModified\":\"2026-04-02T09:58:54+00:00\",\"description\":\"Erfahren Sie hier mehr \u00fcber den Datenschutz der KERN AG, Sprachdienste.\",\"breadcrumb\":{\"@id\":\"https:\\\/\\\/www.e-kern.com\\\/de\\\/datenschutz\\\/#breadcrumb\"},\"inLanguage\":\"de\",\"potentialAction\":[{\"@type\":\"ReadAction\",\"target\":[\"https:\\\/\\\/www.e-kern.com\\\/de\\\/datenschutz\\\/\"]}]},{\"@type\":\"ImageObject\",\"inLanguage\":\"de\",\"@id\":\"https:\\\/\\\/www.e-kern.com\\\/de\\\/datenschutz\\\/#primaryimage\",\"url\":\"https:\\\/\\\/www.e-kern.com\\\/wp-content\\\/uploads\\\/2026\\\/01\\\/datenschutzerklaerung.webp\",\"contentUrl\":\"https:\\\/\\\/www.e-kern.com\\\/wp-content\\\/uploads\\\/2026\\\/01\\\/datenschutzerklaerung.webp\",\"width\":1024,\"height\":768},{\"@type\":\"BreadcrumbList\",\"@id\":\"https:\\\/\\\/www.e-kern.com\\\/de\\\/datenschutz\\\/#breadcrumb\",\"itemListElement\":[{\"@type\":\"ListItem\",\"position\":1,\"name\":\"Startseite\",\"item\":\"https:\\\/\\\/www.e-kern.com\\\/de\\\/\"},{\"@type\":\"ListItem\",\"position\":2,\"name\":\"Datenschutzerkl\u00e4rung\"}]},{\"@type\":\"WebSite\",\"@id\":\"https:\\\/\\\/www.e-kern.com\\\/de\\\/#website\",\"url\":\"https:\\\/\\\/www.e-kern.com\\\/de\\\/\",\"name\":\"\u00dcbersetzen und Dolmetschen in allen Weltsprachen | KERN AG\",\"description\":\"\",\"publisher\":{\"@id\":\"https:\\\/\\\/www.e-kern.com\\\/de\\\/#organization\"},\"potentialAction\":[{\"@type\":\"SearchAction\",\"target\":{\"@type\":\"EntryPoint\",\"urlTemplate\":\"https:\\\/\\\/www.e-kern.com\\\/de\\\/?s={search_term_string}\"},\"query-input\":{\"@type\":\"PropertyValueSpecification\",\"valueRequired\":true,\"valueName\":\"search_term_string\"}}],\"inLanguage\":\"de\"},{\"@type\":\"Organization\",\"@id\":\"https:\\\/\\\/www.e-kern.com\\\/de\\\/#organization\",\"name\":\"Kern AG\",\"alternateName\":\"Kern Global Language Services\",\"url\":\"https:\\\/\\\/www.e-kern.com\\\/de\\\/\",\"logo\":{\"@type\":\"ImageObject\",\"inLanguage\":\"de\",\"@id\":\"https:\\\/\\\/www.e-kern.com\\\/de\\\/#\\\/schema\\\/logo\\\/image\\\/\",\"url\":\"https:\\\/\\\/www.e-kern.com\\\/wp-content\\\/uploads\\\/2025\\\/10\\\/kern-ag-logo.svg\",\"contentUrl\":\"https:\\\/\\\/www.e-kern.com\\\/wp-content\\\/uploads\\\/2025\\\/10\\\/kern-ag-logo.svg\",\"width\":668,\"height\":181,\"caption\":\"Kern AG\"},\"image\":{\"@id\":\"https:\\\/\\\/www.e-kern.com\\\/de\\\/#\\\/schema\\\/logo\\\/image\\\/\"},\"sameAs\":[\"https:\\\/\\\/www.facebook.com\\\/KernAG\\\/\",\"https:\\\/\\\/www.linkedin.com\\\/company\\\/kern-global-language-services\\\/\",\"https:\\\/\\\/www.xing.com\\\/pages\\\/kernagsprachendienste\",\"https:\\\/\\\/www.youtube.com\\\/user\\\/KernLanguageServices\",\"https:\\\/\\\/www.instagram.com\\\/kern_ag\\\/\"]}]}<\/script>\n<!-- \/ Yoast SEO plugin. -->","yoast_head_json":{"title":"Datenschutz der KERN AG, Sprachdienste","description":"Erfahren Sie hier mehr \u00fcber den Datenschutz der KERN AG, Sprachdienste.","robots":{"index":"index","follow":"follow","max-snippet":"max-snippet:-1","max-image-preview":"max-image-preview:large","max-video-preview":"max-video-preview:-1"},"canonical":"https:\/\/www.e-kern.com\/de\/datenschutz\/","og_locale":"de_DE","og_type":"article","og_title":"Datenschutz der KERN AG, Sprachdienste","og_description":"Erfahren Sie hier mehr \u00fcber den Datenschutz der KERN AG, Sprachdienste.","og_url":"https:\/\/www.e-kern.com\/de\/datenschutz\/","og_site_name":"\u00dcbersetzen und Dolmetschen in allen Weltsprachen | KERN AG","article_publisher":"https:\/\/www.facebook.com\/KernAG\/","article_modified_time":"2026-04-02T09:58:54+00:00","og_image":[{"width":1024,"height":768,"url":"https:\/\/www.e-kern.com\/wp-content\/uploads\/2026\/01\/datenschutzerklaerung.webp","type":"image\/webp"}],"twitter_card":"summary_large_image","twitter_misc":{"Gesch\u00e4tzte Lesezeit":"1\u00a0Minute"},"schema":{"@context":"https:\/\/schema.org","@graph":[{"@type":"WebPage","@id":"https:\/\/www.e-kern.com\/de\/datenschutz\/","url":"https:\/\/www.e-kern.com\/de\/datenschutz\/","name":"Datenschutz der KERN AG, Sprachdienste","isPartOf":{"@id":"https:\/\/www.e-kern.com\/de\/#website"},"primaryImageOfPage":{"@id":"https:\/\/www.e-kern.com\/de\/datenschutz\/#primaryimage"},"image":{"@id":"https:\/\/www.e-kern.com\/de\/datenschutz\/#primaryimage"},"thumbnailUrl":"https:\/\/www.e-kern.com\/wp-content\/uploads\/2026\/01\/datenschutzerklaerung.webp","datePublished":"2026-01-06T14:06:32+00:00","dateModified":"2026-04-02T09:58:54+00:00","description":"Erfahren Sie hier mehr \u00fcber den Datenschutz der KERN AG, Sprachdienste.","breadcrumb":{"@id":"https:\/\/www.e-kern.com\/de\/datenschutz\/#breadcrumb"},"inLanguage":"de","potentialAction":[{"@type":"ReadAction","target":["https:\/\/www.e-kern.com\/de\/datenschutz\/"]}]},{"@type":"ImageObject","inLanguage":"de","@id":"https:\/\/www.e-kern.com\/de\/datenschutz\/#primaryimage","url":"https:\/\/www.e-kern.com\/wp-content\/uploads\/2026\/01\/datenschutzerklaerung.webp","contentUrl":"https:\/\/www.e-kern.com\/wp-content\/uploads\/2026\/01\/datenschutzerklaerung.webp","width":1024,"height":768},{"@type":"BreadcrumbList","@id":"https:\/\/www.e-kern.com\/de\/datenschutz\/#breadcrumb","itemListElement":[{"@type":"ListItem","position":1,"name":"Startseite","item":"https:\/\/www.e-kern.com\/de\/"},{"@type":"ListItem","position":2,"name":"Datenschutzerkl\u00e4rung"}]},{"@type":"WebSite","@id":"https:\/\/www.e-kern.com\/de\/#website","url":"https:\/\/www.e-kern.com\/de\/","name":"\u00dcbersetzen und Dolmetschen in allen Weltsprachen | KERN AG","description":"","publisher":{"@id":"https:\/\/www.e-kern.com\/de\/#organization"},"potentialAction":[{"@type":"SearchAction","target":{"@type":"EntryPoint","urlTemplate":"https:\/\/www.e-kern.com\/de\/?s={search_term_string}"},"query-input":{"@type":"PropertyValueSpecification","valueRequired":true,"valueName":"search_term_string"}}],"inLanguage":"de"},{"@type":"Organization","@id":"https:\/\/www.e-kern.com\/de\/#organization","name":"Kern AG","alternateName":"Kern Global Language Services","url":"https:\/\/www.e-kern.com\/de\/","logo":{"@type":"ImageObject","inLanguage":"de","@id":"https:\/\/www.e-kern.com\/de\/#\/schema\/logo\/image\/","url":"https:\/\/www.e-kern.com\/wp-content\/uploads\/2025\/10\/kern-ag-logo.svg","contentUrl":"https:\/\/www.e-kern.com\/wp-content\/uploads\/2025\/10\/kern-ag-logo.svg","width":668,"height":181,"caption":"Kern AG"},"image":{"@id":"https:\/\/www.e-kern.com\/de\/#\/schema\/logo\/image\/"},"sameAs":["https:\/\/www.facebook.com\/KernAG\/","https:\/\/www.linkedin.com\/company\/kern-global-language-services\/","https:\/\/www.xing.com\/pages\/kernagsprachendienste","https:\/\/www.youtube.com\/user\/KernLanguageServices","https:\/\/www.instagram.com\/kern_ag\/"]}]}},"_links":{"self":[{"href":"https:\/\/www.e-kern.com\/de\/wp-json\/wp\/v2\/pages\/4944","targetHints":{"allow":["GET"]}}],"collection":[{"href":"https:\/\/www.e-kern.com\/de\/wp-json\/wp\/v2\/pages"}],"about":[{"href":"https:\/\/www.e-kern.com\/de\/wp-json\/wp\/v2\/types\/page"}],"author":[{"embeddable":true,"href":"https:\/\/www.e-kern.com\/de\/wp-json\/wp\/v2\/users\/7"}],"replies":[{"embeddable":true,"href":"https:\/\/www.e-kern.com\/de\/wp-json\/wp\/v2\/comments?post=4944"}],"version-history":[{"count":10,"href":"https:\/\/www.e-kern.com\/de\/wp-json\/wp\/v2\/pages\/4944\/revisions"}],"predecessor-version":[{"id":38473,"href":"https:\/\/www.e-kern.com\/de\/wp-json\/wp\/v2\/pages\/4944\/revisions\/38473"}],"wp:featuredmedia":[{"embeddable":true,"href":"https:\/\/www.e-kern.com\/de\/wp-json\/wp\/v2\/media\/4956"}],"wp:attachment":[{"href":"https:\/\/www.e-kern.com\/de\/wp-json\/wp\/v2\/media?parent=4944"}],"wp:term":[{"taxonomy":"folder","embeddable":true,"href":"https:\/\/www.e-kern.com\/de\/wp-json\/wp\/v2\/folder?post=4944"}],"curies":[{"name":"wp","href":"https:\/\/api.w.org\/{rel}","templated":true}]}}