{"id":4924,"date":"2026-01-05T16:23:52","date_gmt":"2026-01-05T15:23:52","guid":{"rendered":"https:\/\/www.e-kern.com\/?page_id=4924"},"modified":"2026-03-12T16:05:55","modified_gmt":"2026-03-12T15:05:55","slug":"impressum","status":"publish","type":"page","link":"https:\/\/www.e-kern.com\/de\/impressum\/","title":{"rendered":"Impressum"},"content":{"rendered":"\t\t<div data-elementor-type=\"wp-page\" data-elementor-id=\"4924\" class=\"elementor elementor-4924\" data-elementor-post-type=\"page\">\n\t\t\t\t<div class=\"elementor-element elementor-element-a7a9aca e-flex e-con-boxed e-con e-parent\" data-id=\"a7a9aca\" data-element_type=\"container\" data-e-type=\"container\">\n\t\t\t\t\t<div class=\"e-con-inner\">\n\t\t<div class=\"elementor-element elementor-element-31ce844 e-con-full e-flex e-con e-child\" data-id=\"31ce844\" data-element_type=\"container\" data-e-type=\"container\">\n\t\t<div class=\"elementor-element elementor-element-364fcf5 e-con-full e-flex e-con e-child\" data-id=\"364fcf5\" data-element_type=\"container\" data-e-type=\"container\" data-settings=\"{&quot;background_background&quot;:&quot;gradient&quot;}\">\n\t\t\t\t<\/div>\n\t\t\t\t<div class=\"elementor-element elementor-element-c23c3b7 elementor-widget elementor-widget-heading\" data-id=\"c23c3b7\" data-element_type=\"widget\" data-e-type=\"widget\" data-widget_type=\"heading.default\">\n\t\t\t\t\t<h1 class=\"elementor-heading-title elementor-size-default\">Impressum<\/h1>\t\t\t\t<\/div>\n\t\t<div class=\"elementor-element elementor-element-4e88530 e-con-full e-flex e-con e-child\" data-id=\"4e88530\" data-element_type=\"container\" data-e-type=\"container\">\n\t\t<div class=\"elementor-element elementor-element-8417c7b e-con-full e-flex e-con e-child\" data-id=\"8417c7b\" data-element_type=\"container\" data-e-type=\"container\">\n\t\t\t\t<div class=\"elementor-element elementor-element-952a454 elementor-widget elementor-widget-heading\" data-id=\"952a454\" data-element_type=\"widget\" data-e-type=\"widget\" data-widget_type=\"heading.default\">\n\t\t\t\t\t<h2 class=\"elementor-heading-title elementor-size-default\">Anschrift<\/h2>\t\t\t\t<\/div>\n\t\t\t\t<div class=\"elementor-element elementor-element-3bd8192 elementor-widget elementor-widget-text-editor\" data-id=\"3bd8192\" data-element_type=\"widget\" data-e-type=\"widget\" data-widget_type=\"text-editor.default\">\n\t\t\t\t\t\t\t\t\t<p>KERN AG, Sprachendienste\u00a0<br \/>Kurf\u00fcrstenstra\u00dfe 1<br \/>60486 Frankfurt am Main<\/p>\t\t\t\t\t\t\t\t<\/div>\n\t\t\t\t<\/div>\n\t\t<div class=\"elementor-element elementor-element-1d00d99 e-con-full e-flex e-con e-child\" data-id=\"1d00d99\" data-element_type=\"container\" data-e-type=\"container\">\n\t\t\t\t<div class=\"elementor-element elementor-element-a4d496a elementor-widget elementor-widget-heading\" data-id=\"a4d496a\" data-element_type=\"widget\" data-e-type=\"widget\" data-widget_type=\"heading.default\">\n\t\t\t\t\t<h2 class=\"elementor-heading-title elementor-size-default\">Handelsregister<\/h2>\t\t\t\t<\/div>\n\t\t\t\t<div class=\"elementor-element elementor-element-964603a elementor-widget elementor-widget-text-editor\" data-id=\"964603a\" data-element_type=\"widget\" data-e-type=\"widget\" data-widget_type=\"text-editor.default\">\n\t\t\t\t\t\t\t\t\t<p>Amtsgericht<br \/>Frankfurt am Main\u00a0<br \/>HRB 48 94 5<\/p>\t\t\t\t\t\t\t\t<\/div>\n\t\t\t\t<\/div>\n\t\t<div class=\"elementor-element elementor-element-1e657b0 e-con-full e-flex e-con e-child\" data-id=\"1e657b0\" data-element_type=\"container\" data-e-type=\"container\">\n\t\t\t\t<div class=\"elementor-element elementor-element-593e61c elementor-widget elementor-widget-heading\" data-id=\"593e61c\" data-element_type=\"widget\" data-e-type=\"widget\" data-widget_type=\"heading.default\">\n\t\t\t\t\t<h2 class=\"elementor-heading-title elementor-size-default\">Kontaktdaten<\/h2>\t\t\t\t<\/div>\n\t\t\t\t<div class=\"elementor-element elementor-element-270c299 elementor-widget elementor-widget-text-editor\" data-id=\"270c299\" data-element_type=\"widget\" data-e-type=\"widget\" data-widget_type=\"text-editor.default\">\n\t\t\t\t\t\t\t\t\t<p>Tel.: <a href=\"tel:+49697560730\">+49 (0) 69 75 60 73 0<\/a><br \/>Fax: +49 (0) 69 75 13 53<br \/>E-Mail: <a href=\"mailto:info@e-kern.com\">info@e-kern.com<\/a><\/p>\t\t\t\t\t\t\t\t<\/div>\n\t\t\t\t<\/div>\n\t\t<div class=\"elementor-element elementor-element-ecc30dd e-con-full e-flex e-con e-child\" data-id=\"ecc30dd\" data-element_type=\"container\" data-e-type=\"container\">\n\t\t\t\t<div class=\"elementor-element elementor-element-e88ee46 elementor-widget elementor-widget-heading\" data-id=\"e88ee46\" data-element_type=\"widget\" data-e-type=\"widget\" data-widget_type=\"heading.default\">\n\t\t\t\t\t<h2 class=\"elementor-heading-title elementor-size-default\">Ust-IdNr.<\/h2>\t\t\t\t<\/div>\n\t\t\t\t<div class=\"elementor-element elementor-element-ac120c4 elementor-widget elementor-widget-text-editor\" data-id=\"ac120c4\" data-element_type=\"widget\" data-e-type=\"widget\" data-widget_type=\"text-editor.default\">\n\t\t\t\t\t\t\t\t\t<p>DE 811 15 33 81<\/p>\t\t\t\t\t\t\t\t<\/div>\n\t\t\t\t<\/div>\n\t\t<div class=\"elementor-element elementor-element-2602263 e-con-full e-flex e-con e-child\" data-id=\"2602263\" data-element_type=\"container\" data-e-type=\"container\">\n\t\t\t\t<div class=\"elementor-element elementor-element-6b5f26b elementor-widget elementor-widget-heading\" data-id=\"6b5f26b\" data-element_type=\"widget\" data-e-type=\"widget\" data-widget_type=\"heading.default\">\n\t\t\t\t\t<h2 class=\"elementor-heading-title elementor-size-default\">Sitz der Gesellschaft<\/h2>\t\t\t\t<\/div>\n\t\t\t\t<div class=\"elementor-element elementor-element-f498b77 elementor-widget elementor-widget-text-editor\" data-id=\"f498b77\" data-element_type=\"widget\" data-e-type=\"widget\" data-widget_type=\"text-editor.default\">\n\t\t\t\t\t\t\t\t\t<p>Frankfurt am Main<\/p>\t\t\t\t\t\t\t\t<\/div>\n\t\t\t\t<\/div>\n\t\t<div class=\"elementor-element elementor-element-0d08e42 e-con-full e-flex e-con e-child\" data-id=\"0d08e42\" data-element_type=\"container\" data-e-type=\"container\">\n\t\t\t\t<div class=\"elementor-element elementor-element-814505d elementor-widget elementor-widget-heading\" data-id=\"814505d\" data-element_type=\"widget\" data-e-type=\"widget\" data-widget_type=\"heading.default\">\n\t\t\t\t\t<h2 class=\"elementor-heading-title elementor-size-default\">Datenschutz&shy;beauftragter<\/h2>\t\t\t\t<\/div>\n\t\t\t\t<div class=\"elementor-element elementor-element-8c53ae0 elementor-widget elementor-widget-text-editor\" data-id=\"8c53ae0\" data-element_type=\"widget\" data-e-type=\"widget\" data-widget_type=\"text-editor.default\">\n\t\t\t\t\t\t\t\t\t<p>Ilja Alexander Jordy<\/p>\t\t\t\t\t\t\t\t<\/div>\n\t\t\t\t<\/div>\n\t\t<div class=\"elementor-element elementor-element-01b3bc2 e-con-full e-flex e-con e-child\" data-id=\"01b3bc2\" data-element_type=\"container\" data-e-type=\"container\">\n\t\t\t\t<div class=\"elementor-element elementor-element-7c978f8 elementor-widget elementor-widget-heading\" data-id=\"7c978f8\" data-element_type=\"widget\" data-e-type=\"widget\" data-widget_type=\"heading.default\">\n\t\t\t\t\t<h2 class=\"elementor-heading-title elementor-size-default\">Vorstand<\/h2>\t\t\t\t<\/div>\n\t\t\t\t<div class=\"elementor-element elementor-element-557bf65 elementor-widget elementor-widget-text-editor\" data-id=\"557bf65\" data-element_type=\"widget\" data-e-type=\"widget\" data-widget_type=\"text-editor.default\">\n\t\t\t\t\t\t\t\t\t<p>Manfred Kern<br \/>Michael Kern<br \/>Dr. Thomas Kern<\/p>\t\t\t\t\t\t\t\t<\/div>\n\t\t\t\t<\/div>\n\t\t\t\t<\/div>\n\t\t\t\t<div class=\"elementor-element elementor-element-1a328a8 elementor-widget elementor-widget-text-editor\" data-id=\"1a328a8\" data-element_type=\"widget\" data-e-type=\"widget\" data-widget_type=\"text-editor.default\">\n\t\t\t\t\t\t\t\t\t<h3>1. Haftungsbeschr\u00e4nkung<\/h3><p>Die Inhalte dieser Website werden mit gr\u00f6\u00dftm\u00f6glicher Sorgfalt erstellt. Der Anbieter \u00fcbernimmt jedoch keine Gew\u00e4hr f\u00fcr die Richtigkeit, Vollst\u00e4ndigkeit und Aktualit\u00e4t der bereitgestellten Inhalte. Die Nutzung der Inhalte der Website erfolgt auf eigene Gefahr des Nutzers. Namentlich gekennzeichnete Beitr\u00e4ge geben die Meinung des jeweiligen Autors und nicht immer die Meinung des Anbieters wieder. Mit der reinen Nutzung der Website des Anbieters kommt keinerlei Vertragsverh\u00e4ltnis zwischen dem Nutzer und dem Anbieter zustande.<\/p>\t\t\t\t\t\t\t\t<\/div>\n\t\t\t\t<div class=\"elementor-element elementor-element-a885055 elementor-widget elementor-widget-text-editor\" data-id=\"a885055\" data-element_type=\"widget\" data-e-type=\"widget\" data-widget_type=\"text-editor.default\">\n\t\t\t\t\t\t\t\t\t<h3>2. Externe Links<\/h3><p>Diese Website enth\u00e4lt Verkn\u00fcpfungen zu Websites Dritter (&#8222;externe Links&#8220;). Diese Websites unterliegen der Haftung der jeweiligen Betreiber. Der Anbieter hat bei der erstmaligen Verkn\u00fcpfung der externen Links die fremden Inhalte daraufhin \u00fcberpr\u00fcft, ob etwaige Rechtsverst\u00f6\u00dfe bestehen. Zu dem Zeitpunkt waren keine Rechtsverst\u00f6\u00dfe ersichtlich. Der Anbieter hat keinerlei Einfluss auf die aktuelle und zuk\u00fcnftige Gestaltung und auf die Inhalte der verkn\u00fcpften Seiten. Das Setzen von externen Links bedeutet nicht, dass sich der Anbieter die hinter dem Verweis oder Link liegenden Inhalte zu Eigen macht. Eine st\u00e4ndige Kontrolle der externen Links ist f\u00fcr den Anbieter ohne konkrete Hinweise auf Rechtsverst\u00f6\u00dfe nicht zumutbar. Bei Kenntnis von Rechtsverst\u00f6\u00dfen werden jedoch derartige externe Links unverz\u00fcglich gel\u00f6scht.<\/p>\t\t\t\t\t\t\t\t<\/div>\n\t\t\t\t<div class=\"elementor-element elementor-element-8f270df elementor-widget elementor-widget-text-editor\" data-id=\"8f270df\" data-element_type=\"widget\" data-e-type=\"widget\" data-widget_type=\"text-editor.default\">\n\t\t\t\t\t\t\t\t\t<h3>3. Urheber- und Leistungsschutzrechte<\/h3><p>Die auf dieser Website ver\u00f6ffentlichten Inhalte unterliegen dem deutschen Urheber- und Leistungsschutzrecht. Jede vom deutschen Urheber- und Leistungsschutzrecht nicht zugelassene Verwertung bedarf der vorherigen schriftlichen Zustimmung des Anbieters oder jeweiligen Rechteinhabers. Dies gilt insbesondere f\u00fcr Vervielf\u00e4ltigung, Bearbeitung, \u00dcbersetzung, Einspeicherung, Verarbeitung bzw. Wiedergabe von Inhalten in Datenbanken oder anderen elektronischen Medien und Systemen. Inhalte und Rechte Dritter sind dabei als solche gekennzeichnet. Die unerlaubte Vervielf\u00e4ltigung oder Weitergabe einzelner Inhalte oder kompletter Seiten ist nicht gestattet und strafbar. Lediglich die Herstellung von Kopien und Downloads f\u00fcr den pers\u00f6nlichen, privaten und nicht kommerziellen Gebrauch ist erlaubt.<br \/>Die Darstellung dieser Website in fremden Frames ist nur mit schriftlicher Erlaubnis zul\u00e4ssig.<\/p>\t\t\t\t\t\t\t\t<\/div>\n\t\t\t\t<div class=\"elementor-element elementor-element-2406df4 elementor-widget elementor-widget-text-editor\" data-id=\"2406df4\" data-element_type=\"widget\" data-e-type=\"widget\" data-widget_type=\"text-editor.default\">\n\t\t\t\t\t\t\t\t\t<h3>4. Datenschutz<\/h3><p>Durch den Besuch der Website des Anbieters k\u00f6nnen Informationen \u00fcber den Zugriff (Datum, Uhrzeit, betrachtete Seite) gespeichert werden. Diese Daten geh\u00f6ren nicht zu den personenbezogenen Daten, sondern sind anonymisiert. Sie werden ausschlie\u00dflich zu statistischen Zwecken ausgewertet. Eine Weitergabe an Dritte, zu kommerziellen oder nichtkommerziellen Zwecken, findet nicht statt.<br \/>Der Anbieter weist ausdr\u00fccklich darauf hin, dass die Daten\u00fcbertragung im Internet (z. B. bei der Kommunikation per E-Mail) Sicherheitsl\u00fccken aufweisen und nicht l\u00fcckenlos vor dem Zugriff durch Dritte gesch\u00fctzt werden kann.<br \/>Die Verwendung der Kontaktdaten des Impressums zur gewerblichen Werbung ist ausdr\u00fccklich nicht erw\u00fcnscht, es sei denn der Anbieter hatte zuvor seine schriftliche Einwilligung erteilt oder es besteht bereits eine Gesch\u00e4ftsbeziehung. Der Anbieter und alle auf dieser Website genannten Personen widersprechen hiermit jeder kommerziellen Verwendung und Weitergabe ihrer Daten.<\/p>\t\t\t\t\t\t\t\t<\/div>\n\t\t\t\t<div class=\"elementor-element elementor-element-d5ea36c elementor-widget elementor-widget-text-editor\" data-id=\"d5ea36c\" data-element_type=\"widget\" data-e-type=\"widget\" data-widget_type=\"text-editor.default\">\n\t\t\t\t\t\t\t\t\t<h3>5. Einsatz vom Google Analytics und Google Remarketing<\/h3><p>Diese Website benutzt Google Analytics und Google Remarketing. Dies sind Dienstleistungen der Google Inc. (&#8222;Google&#8220;). Google verwendet sog. &#8222;Cookies&#8220;, Textdateien, die auf Ihrem Computer gespeichert werden und die eine Analyse der Benutzung der Website durch Sie erm\u00f6glicht. Die durch den Cookie erzeugten Informationen \u00fcber Ihre Benutzung diese Website (einschlie\u00dflich Ihrer IP-Adresse) wird an einen Server von Google in den USA \u00fcbertragen und dort gespeichert. Die IP Adresse wird anschlie\u00dfend von Google um die letzten drei Stellen gek\u00fcrzt, eine eindeutige Zuordnung der IP Adresse ist somit nicht mehr m\u00f6glich. Google beachtet die Datenschutzbestimmungen des &#8222;US-Safe-Harbor&#8220;-Abkommens und ist beim &#8222;Safe Harbor&#8220;-Programm des US-Handelsministeriums registriert.<\/p><p>Google wird diese Informationen benutzen, um Ihre Nutzung der Website auszuwerten, um Reports \u00fcber die Websiteaktivit\u00e4ten f\u00fcr die Websitebetreiber zusammenzustellen und um weitere mit der Websitenutzung und der Internetnutzung verbundene Dienstleistungen zu erbringen. Auch wird Google diese Informationen gegebenenfalls an Dritte \u00fcbertragen, sofern dies gesetzlich vorgeschrieben oder soweit Dritte diese Daten im Auftrag von Google verarbeiten.<\/p><p>Drittanbieter, einschlie\u00dflich Google, schalten Anzeigen auf Websites im Internet. Drittanbieter, einschlie\u00dflich Google, verwenden gespeicherte Cookies zum Schalten von Anzeigen auf Grundlage vorheriger Besuche eines Nutzers auf dieser Website.<\/p><p>Google wird in keinem Fall Ihre IP-Adresse mit anderen Daten der Google in Verbindung bringen. Der Datenerhebung und -speicherung kann jederzeit mit Wirkung f\u00fcr die Zukunft widersprochen werden. Sie k\u00f6nnen die Verwendung von Cookies durch Google deaktivieren, indem sie die <a href=\"http:\/\/www.google.com\/policies\/technologies\/ads\/\">Seite zur Deaktivierung von Google-Werbung<\/a> aufrufen. Alternativ k\u00f6nnen Nutzer die Verwendung von Cookies durch Drittanbieter deaktivieren, indem sie die <a href=\"http:\/\/www.networkadvertising.org\/choices\/\">Deaktivierungsseite der Netzwerkwerbeinitiative<\/a> aufrufen.<\/p><p>Wir weisen Sie jedoch darauf hin, dass Sie in diesem Fall gegebenenfalls nicht s\u00e4mtliche Funktionen dieser Website voll umf\u00e4nglich nutzen k\u00f6nnen. Durch die Nutzung dieser Website erkl\u00e4ren Sie sich mit der Bearbeitung der \u00fcber Sie erhobenen Daten durch Google in der zuvor beschriebenen Art und Weise und zu dem zuvor benannten Zweck einverstanden.<\/p><p>Der Datenerhebung und -speicherung kann jederzeit mit Wirkung f\u00fcr die Zukunft widersprochen werden. Weitere Hinweise zu den Bestimmungen von Google finden Sie <a href=\"http:\/\/www.google.com\/intl\/de\/policies\/privacy\/\">hier<\/a>.<\/p>\t\t\t\t\t\t\t\t<\/div>\n\t\t\t\t<div class=\"elementor-element elementor-element-a0fcdfb elementor-widget elementor-widget-text-editor\" data-id=\"a0fcdfb\" data-element_type=\"widget\" data-e-type=\"widget\" data-widget_type=\"text-editor.default\">\n\t\t\t\t\t\t\t\t\t<h3>6. Streitschlichtung<\/h3><p>Die Europ\u00e4ische Kommission stellt eine Plattform zur Online-Streitbeilegung (OS) bereit, die Sie hier finden <a href=\"http:\/\/ec.europa.eu\/consumers\/odr\/\">http:\/\/ec.europa.eu\/consumers\/odr\/<\/a>. Verbraucher haben die M\u00f6glichkeit, diese Plattform f\u00fcr die Beilegung ihrer Streitigkeiten zu nutzen.<\/p>\t\t\t\t\t\t\t\t<\/div>\n\t\t\t\t<div class=\"elementor-element elementor-element-bb99d27 elementor-widget elementor-widget-text-editor\" data-id=\"bb99d27\" data-element_type=\"widget\" data-e-type=\"widget\" data-widget_type=\"text-editor.default\">\n\t\t\t\t\t\t\t\t\t<h3>7. Besondere Nutzungsbedingungen<\/h3><p>Soweit besondere Bedingungen f\u00fcr einzelne Nutzungen dieser Website von den vorgenannten Punkten 1. &#8211; 6. abweichen, wird an entsprechender Stelle ausdr\u00fccklich darauf hingewiesen. In diesem Falle gelten im jeweiligen Einzelfall die besonderen Nutzungsbedingungen.<\/p>\t\t\t\t\t\t\t\t<\/div>\n\t\t\t\t<\/div>\n\t\t\t\t\t<\/div>\n\t\t\t\t<\/div>\n\t\t\t\t<\/div>\n\t\t","protected":false},"excerpt":{"rendered":"<p>Impressum \u2713 Alle wichtigen Informationen zur KERN AG auf einen Blick. \u27a4 Kontakt &#038; rechtliche Hinweise hier einsehen!<\/p>\n","protected":false},"author":7,"featured_media":0,"parent":0,"menu_order":0,"comment_status":"closed","ping_status":"closed","template":"","meta":{"_relevanssi_hide_post":"","_relevanssi_hide_content":"","_relevanssi_pin_for_all":"","_relevanssi_pin_keywords":"","_relevanssi_unpin_keywords":"","_relevanssi_related_keywords":"","_relevanssi_related_include_ids":"","_relevanssi_related_exclude_ids":"","_relevanssi_related_no_append":"","_relevanssi_related_not_related":"","_relevanssi_related_posts":"2778,2204,2676,2745,2454,2357","_relevanssi_noindex_reason":"","footnotes":""},"folder":[241],"class_list":["post-4924","page","type-page","status-publish","hentry"],"yoast_head":"<!-- This site is optimized with the Yoast SEO plugin v27.3 - https:\/\/yoast.com\/product\/yoast-seo-wordpress\/ -->\n<title>Impressum der KERN AG, Sprachdienste<\/title>\n<meta name=\"description\" content=\"Impressum \u2713 Alle wichtigen Informationen zur KERN AG auf einen Blick. \u27a4 Kontakt &amp; rechtliche Hinweise hier einsehen!\" \/>\n<meta name=\"robots\" content=\"index, follow, max-snippet:-1, max-image-preview:large, max-video-preview:-1\" \/>\n<link rel=\"canonical\" href=\"https:\/\/www.e-kern.com\/de\/impressum\/\" \/>\n<meta property=\"og:locale\" content=\"de_DE\" \/>\n<meta property=\"og:type\" content=\"article\" \/>\n<meta property=\"og:title\" content=\"Impressum der KERN AG, Sprachdienste\" \/>\n<meta property=\"og:description\" content=\"Impressum \u2713 Alle wichtigen Informationen zur KERN AG auf einen Blick. \u27a4 Kontakt &amp; rechtliche Hinweise hier einsehen!\" \/>\n<meta property=\"og:url\" content=\"https:\/\/www.e-kern.com\/de\/impressum\/\" \/>\n<meta property=\"og:site_name\" content=\"\u00dcbersetzen und Dolmetschen in allen Weltsprachen | KERN AG\" \/>\n<meta property=\"article:publisher\" content=\"https:\/\/www.facebook.com\/KernAG\/\" \/>\n<meta property=\"article:modified_time\" content=\"2026-03-12T15:05:55+00:00\" \/>\n<meta name=\"twitter:card\" content=\"summary_large_image\" \/>\n<meta name=\"twitter:label1\" content=\"Gesch\u00e4tzte Lesezeit\" \/>\n\t<meta name=\"twitter:data1\" content=\"5\u00a0Minuten\" \/>\n<script type=\"application\/ld+json\" class=\"yoast-schema-graph\">{\"@context\":\"https:\\\/\\\/schema.org\",\"@graph\":[{\"@type\":\"WebPage\",\"@id\":\"https:\\\/\\\/www.e-kern.com\\\/de\\\/impressum\\\/\",\"url\":\"https:\\\/\\\/www.e-kern.com\\\/de\\\/impressum\\\/\",\"name\":\"Impressum der KERN AG, Sprachdienste\",\"isPartOf\":{\"@id\":\"https:\\\/\\\/www.e-kern.com\\\/de\\\/#website\"},\"datePublished\":\"2026-01-05T15:23:52+00:00\",\"dateModified\":\"2026-03-12T15:05:55+00:00\",\"description\":\"Impressum \u2713 Alle wichtigen Informationen zur KERN AG auf einen Blick. \u27a4 Kontakt & rechtliche Hinweise hier einsehen!\",\"breadcrumb\":{\"@id\":\"https:\\\/\\\/www.e-kern.com\\\/de\\\/impressum\\\/#breadcrumb\"},\"inLanguage\":\"de\",\"potentialAction\":[{\"@type\":\"ReadAction\",\"target\":[\"https:\\\/\\\/www.e-kern.com\\\/de\\\/impressum\\\/\"]}]},{\"@type\":\"BreadcrumbList\",\"@id\":\"https:\\\/\\\/www.e-kern.com\\\/de\\\/impressum\\\/#breadcrumb\",\"itemListElement\":[{\"@type\":\"ListItem\",\"position\":1,\"name\":\"Startseite\",\"item\":\"https:\\\/\\\/www.e-kern.com\\\/de\\\/\"},{\"@type\":\"ListItem\",\"position\":2,\"name\":\"Impressum\"}]},{\"@type\":\"WebSite\",\"@id\":\"https:\\\/\\\/www.e-kern.com\\\/de\\\/#website\",\"url\":\"https:\\\/\\\/www.e-kern.com\\\/de\\\/\",\"name\":\"\u00dcbersetzen und Dolmetschen in allen Weltsprachen | KERN AG\",\"description\":\"\",\"publisher\":{\"@id\":\"https:\\\/\\\/www.e-kern.com\\\/de\\\/#organization\"},\"potentialAction\":[{\"@type\":\"SearchAction\",\"target\":{\"@type\":\"EntryPoint\",\"urlTemplate\":\"https:\\\/\\\/www.e-kern.com\\\/de\\\/?s={search_term_string}\"},\"query-input\":{\"@type\":\"PropertyValueSpecification\",\"valueRequired\":true,\"valueName\":\"search_term_string\"}}],\"inLanguage\":\"de\"},{\"@type\":\"Organization\",\"@id\":\"https:\\\/\\\/www.e-kern.com\\\/de\\\/#organization\",\"name\":\"Kern AG\",\"alternateName\":\"Kern Global Language Services\",\"url\":\"https:\\\/\\\/www.e-kern.com\\\/de\\\/\",\"logo\":{\"@type\":\"ImageObject\",\"inLanguage\":\"de\",\"@id\":\"https:\\\/\\\/www.e-kern.com\\\/de\\\/#\\\/schema\\\/logo\\\/image\\\/\",\"url\":\"https:\\\/\\\/www.e-kern.com\\\/wp-content\\\/uploads\\\/2025\\\/10\\\/kern-ag-logo.svg\",\"contentUrl\":\"https:\\\/\\\/www.e-kern.com\\\/wp-content\\\/uploads\\\/2025\\\/10\\\/kern-ag-logo.svg\",\"width\":668,\"height\":181,\"caption\":\"Kern AG\"},\"image\":{\"@id\":\"https:\\\/\\\/www.e-kern.com\\\/de\\\/#\\\/schema\\\/logo\\\/image\\\/\"},\"sameAs\":[\"https:\\\/\\\/www.facebook.com\\\/KernAG\\\/\",\"https:\\\/\\\/www.linkedin.com\\\/company\\\/kern-global-language-services\\\/\",\"https:\\\/\\\/www.xing.com\\\/pages\\\/kernagsprachendienste\",\"https:\\\/\\\/www.youtube.com\\\/user\\\/KernLanguageServices\",\"https:\\\/\\\/www.instagram.com\\\/kern_ag\\\/\"]}]}<\/script>\n<!-- \/ Yoast SEO plugin. -->","yoast_head_json":{"title":"Impressum der KERN AG, Sprachdienste","description":"Impressum \u2713 Alle wichtigen Informationen zur KERN AG auf einen Blick. \u27a4 Kontakt & rechtliche Hinweise hier einsehen!","robots":{"index":"index","follow":"follow","max-snippet":"max-snippet:-1","max-image-preview":"max-image-preview:large","max-video-preview":"max-video-preview:-1"},"canonical":"https:\/\/www.e-kern.com\/de\/impressum\/","og_locale":"de_DE","og_type":"article","og_title":"Impressum der KERN AG, Sprachdienste","og_description":"Impressum \u2713 Alle wichtigen Informationen zur KERN AG auf einen Blick. \u27a4 Kontakt & rechtliche Hinweise hier einsehen!","og_url":"https:\/\/www.e-kern.com\/de\/impressum\/","og_site_name":"\u00dcbersetzen und Dolmetschen in allen Weltsprachen | KERN AG","article_publisher":"https:\/\/www.facebook.com\/KernAG\/","article_modified_time":"2026-03-12T15:05:55+00:00","twitter_card":"summary_large_image","twitter_misc":{"Gesch\u00e4tzte Lesezeit":"5\u00a0Minuten"},"schema":{"@context":"https:\/\/schema.org","@graph":[{"@type":"WebPage","@id":"https:\/\/www.e-kern.com\/de\/impressum\/","url":"https:\/\/www.e-kern.com\/de\/impressum\/","name":"Impressum der KERN AG, Sprachdienste","isPartOf":{"@id":"https:\/\/www.e-kern.com\/de\/#website"},"datePublished":"2026-01-05T15:23:52+00:00","dateModified":"2026-03-12T15:05:55+00:00","description":"Impressum \u2713 Alle wichtigen Informationen zur KERN AG auf einen Blick. \u27a4 Kontakt & rechtliche Hinweise hier einsehen!","breadcrumb":{"@id":"https:\/\/www.e-kern.com\/de\/impressum\/#breadcrumb"},"inLanguage":"de","potentialAction":[{"@type":"ReadAction","target":["https:\/\/www.e-kern.com\/de\/impressum\/"]}]},{"@type":"BreadcrumbList","@id":"https:\/\/www.e-kern.com\/de\/impressum\/#breadcrumb","itemListElement":[{"@type":"ListItem","position":1,"name":"Startseite","item":"https:\/\/www.e-kern.com\/de\/"},{"@type":"ListItem","position":2,"name":"Impressum"}]},{"@type":"WebSite","@id":"https:\/\/www.e-kern.com\/de\/#website","url":"https:\/\/www.e-kern.com\/de\/","name":"\u00dcbersetzen und Dolmetschen in allen Weltsprachen | KERN AG","description":"","publisher":{"@id":"https:\/\/www.e-kern.com\/de\/#organization"},"potentialAction":[{"@type":"SearchAction","target":{"@type":"EntryPoint","urlTemplate":"https:\/\/www.e-kern.com\/de\/?s={search_term_string}"},"query-input":{"@type":"PropertyValueSpecification","valueRequired":true,"valueName":"search_term_string"}}],"inLanguage":"de"},{"@type":"Organization","@id":"https:\/\/www.e-kern.com\/de\/#organization","name":"Kern AG","alternateName":"Kern Global Language Services","url":"https:\/\/www.e-kern.com\/de\/","logo":{"@type":"ImageObject","inLanguage":"de","@id":"https:\/\/www.e-kern.com\/de\/#\/schema\/logo\/image\/","url":"https:\/\/www.e-kern.com\/wp-content\/uploads\/2025\/10\/kern-ag-logo.svg","contentUrl":"https:\/\/www.e-kern.com\/wp-content\/uploads\/2025\/10\/kern-ag-logo.svg","width":668,"height":181,"caption":"Kern AG"},"image":{"@id":"https:\/\/www.e-kern.com\/de\/#\/schema\/logo\/image\/"},"sameAs":["https:\/\/www.facebook.com\/KernAG\/","https:\/\/www.linkedin.com\/company\/kern-global-language-services\/","https:\/\/www.xing.com\/pages\/kernagsprachendienste","https:\/\/www.youtube.com\/user\/KernLanguageServices","https:\/\/www.instagram.com\/kern_ag\/"]}]}},"_links":{"self":[{"href":"https:\/\/www.e-kern.com\/de\/wp-json\/wp\/v2\/pages\/4924","targetHints":{"allow":["GET"]}}],"collection":[{"href":"https:\/\/www.e-kern.com\/de\/wp-json\/wp\/v2\/pages"}],"about":[{"href":"https:\/\/www.e-kern.com\/de\/wp-json\/wp\/v2\/types\/page"}],"author":[{"embeddable":true,"href":"https:\/\/www.e-kern.com\/de\/wp-json\/wp\/v2\/users\/7"}],"replies":[{"embeddable":true,"href":"https:\/\/www.e-kern.com\/de\/wp-json\/wp\/v2\/comments?post=4924"}],"version-history":[{"count":10,"href":"https:\/\/www.e-kern.com\/de\/wp-json\/wp\/v2\/pages\/4924\/revisions"}],"predecessor-version":[{"id":37528,"href":"https:\/\/www.e-kern.com\/de\/wp-json\/wp\/v2\/pages\/4924\/revisions\/37528"}],"wp:attachment":[{"href":"https:\/\/www.e-kern.com\/de\/wp-json\/wp\/v2\/media?parent=4924"}],"wp:term":[{"taxonomy":"folder","embeddable":true,"href":"https:\/\/www.e-kern.com\/de\/wp-json\/wp\/v2\/folder?post=4924"}],"curies":[{"name":"wp","href":"https:\/\/api.w.org\/{rel}","templated":true}]}}