{"id":34289,"date":"2026-02-11T15:34:07","date_gmt":"2026-02-11T14:34:07","guid":{"rendered":"https:\/\/www.e-kern.com\/newsletter\/"},"modified":"2026-02-23T04:23:57","modified_gmt":"2026-02-23T03:23:57","slug":"newsletter","status":"publish","type":"page","link":"https:\/\/www.e-kern.com\/de-at\/newsletter\/","title":{"rendered":"Newsletter"},"content":{"rendered":"\t\t<div data-elementor-type=\"wp-page\" data-elementor-id=\"34289\" class=\"elementor elementor-34289 elementor-17711\" data-elementor-post-type=\"page\">\n\t\t\t\t<div class=\"elementor-element elementor-element-f8a2a8b e-con-full e-flex e-con e-parent\" data-id=\"f8a2a8b\" data-element_type=\"container\" data-e-type=\"container\" data-settings=\"{&quot;background_background&quot;:&quot;classic&quot;}\">\n\t\t<div class=\"elementor-element elementor-element-4e3b55e elementor-hidden-tablet elementor-hidden-mobile e-flex e-con-boxed e-con e-child\" data-id=\"4e3b55e\" data-element_type=\"container\" data-e-type=\"container\" data-settings=\"{&quot;background_background&quot;:&quot;classic&quot;,&quot;position&quot;:&quot;absolute&quot;}\">\n\t\t\t\t\t<div class=\"e-con-inner\">\n\t\t<div class=\"elementor-element elementor-element-b0c78e8 e-con-full e-flex e-con e-child\" data-id=\"b0c78e8\" data-element_type=\"container\" data-e-type=\"container\">\n\t\t\t\t<div class=\"elementor-element elementor-element-c624183 elementor-widget elementor-widget-heading\" data-id=\"c624183\" data-element_type=\"widget\" data-e-type=\"widget\" data-widget_type=\"heading.default\">\n\t\t\t\t\t<div class=\"elementor-heading-title elementor-size-default\">Newsletter<\/div>\t\t\t\t<\/div>\n\t\t\t\t<div class=\"elementor-element elementor-element-4f9ed47 elementor-widget elementor-widget-heading\" data-id=\"4f9ed47\" data-element_type=\"widget\" data-e-type=\"widget\" data-widget_type=\"heading.default\">\n\t\t\t\t\t<div class=\"elementor-heading-title elementor-size-default\">Melden Sie sich f\u00fcr die E-Mail-Newsletter von KERN an!<\/div>\t\t\t\t<\/div>\n\t\t\t\t<\/div>\n\t\t\t\t\t<\/div>\n\t\t\t\t<\/div>\n\t\t<div class=\"elementor-element elementor-element-dc6814a e-con-full e-flex e-con e-child\" data-id=\"dc6814a\" data-element_type=\"container\" data-e-type=\"container\" data-settings=\"{&quot;background_background&quot;:&quot;classic&quot;}\">\n\t\t<div class=\"elementor-element elementor-element-362e876 e-con-full elementor-hidden-tablet elementor-hidden-mobile e-flex e-con e-child\" data-id=\"362e876\" data-element_type=\"container\" data-e-type=\"container\" data-settings=\"{&quot;position&quot;:&quot;absolute&quot;}\">\n\t\t<div class=\"elementor-element elementor-element-cc6762e e-con-full e-flex e-con e-child\" data-id=\"cc6762e\" data-element_type=\"container\" data-e-type=\"container\" data-settings=\"{&quot;background_background&quot;:&quot;classic&quot;}\">\n\t\t\t\t<\/div>\n\t\t<div class=\"elementor-element elementor-element-92fc1df e-con-full e-flex e-con e-child\" data-id=\"92fc1df\" data-element_type=\"container\" data-e-type=\"container\" data-settings=\"{&quot;background_background&quot;:&quot;classic&quot;}\">\n\t\t\t\t<\/div>\n\t\t<div class=\"elementor-element elementor-element-cb185c0 e-con-full e-flex e-con e-child\" data-id=\"cb185c0\" data-element_type=\"container\" data-e-type=\"container\" data-settings=\"{&quot;background_background&quot;:&quot;classic&quot;}\">\n\t\t\t\t<\/div>\n\t\t<div class=\"elementor-element elementor-element-a8d3fae e-con-full e-flex e-con e-child\" data-id=\"a8d3fae\" data-element_type=\"container\" data-e-type=\"container\" data-settings=\"{&quot;background_background&quot;:&quot;classic&quot;}\">\n\t\t\t\t<\/div>\n\t\t\t\t<\/div>\n\t\t<div class=\"elementor-element elementor-element-8b5b752 e-con-full elementor-hidden-desktop elementor-hidden-laptop e-flex e-con e-child\" data-id=\"8b5b752\" data-element_type=\"container\" data-e-type=\"container\">\n\t\t<div class=\"elementor-element elementor-element-86f49ec e-con-full e-flex e-con e-child\" data-id=\"86f49ec\" data-element_type=\"container\" data-e-type=\"container\" data-settings=\"{&quot;background_background&quot;:&quot;classic&quot;}\">\n\t\t\t\t<\/div>\n\t\t<div class=\"elementor-element elementor-element-1d8d4db e-con-full e-flex e-con e-child\" data-id=\"1d8d4db\" data-element_type=\"container\" data-e-type=\"container\" data-settings=\"{&quot;background_background&quot;:&quot;classic&quot;}\">\n\t\t\t\t<\/div>\n\t\t<div class=\"elementor-element elementor-element-8dbd0d8 e-con-full e-flex e-con e-child\" data-id=\"8dbd0d8\" data-element_type=\"container\" data-e-type=\"container\" data-settings=\"{&quot;background_background&quot;:&quot;classic&quot;}\">\n\t\t\t\t<\/div>\n\t\t<div class=\"elementor-element elementor-element-371e5c6 e-con-full e-flex e-con e-child\" data-id=\"371e5c6\" data-element_type=\"container\" data-e-type=\"container\" data-settings=\"{&quot;background_background&quot;:&quot;classic&quot;}\">\n\t\t\t\t<\/div>\n\t\t\t\t<\/div>\n\t\t\t\t<div class=\"elementor-element elementor-element-abcc89f elementor-widget elementor-widget-image\" data-id=\"abcc89f\" data-element_type=\"widget\" data-e-type=\"widget\" data-widget_type=\"image.default\">\n\t\t\t\t\t\t\t\t\t\t\t\t\t\t\t<img fetchpriority=\"high\" decoding=\"async\" width=\"1920\" height=\"1080\" src=\"https:\/\/www.e-kern.com\/wp-content\/uploads\/2025\/11\/kern-ag-news-header.webp\" class=\"attachment-full size-full wp-image-32212\" alt=\"\" srcset=\"https:\/\/www.e-kern.com\/wp-content\/uploads\/2025\/11\/kern-ag-news-header.webp 1920w, https:\/\/www.e-kern.com\/wp-content\/uploads\/2025\/11\/kern-ag-news-header-300x169.webp 300w, https:\/\/www.e-kern.com\/wp-content\/uploads\/2025\/11\/kern-ag-news-header-1024x576.webp 1024w, https:\/\/www.e-kern.com\/wp-content\/uploads\/2025\/11\/kern-ag-news-header-768x432.webp 768w, https:\/\/www.e-kern.com\/wp-content\/uploads\/2025\/11\/kern-ag-news-header-1536x864.webp 1536w\" sizes=\"(max-width: 1920px) 100vw, 1920px\" \/>\t\t\t\t\t\t\t\t\t\t\t\t\t\t\t<\/div>\n\t\t\t\t<\/div>\n\t\t<div class=\"elementor-element elementor-element-9cfe3c5 elementor-hidden-desktop elementor-hidden-laptop e-flex e-con-boxed e-con e-child\" data-id=\"9cfe3c5\" data-element_type=\"container\" data-e-type=\"container\" data-settings=\"{&quot;background_background&quot;:&quot;classic&quot;}\">\n\t\t\t\t\t<div class=\"e-con-inner\">\n\t\t<div class=\"elementor-element elementor-element-8930bb3 e-con-full e-flex e-con e-child\" data-id=\"8930bb3\" data-element_type=\"container\" data-e-type=\"container\">\n\t\t\t\t<div class=\"elementor-element elementor-element-9e09aa9 elementor-widget elementor-widget-heading\" data-id=\"9e09aa9\" data-element_type=\"widget\" data-e-type=\"widget\" data-widget_type=\"heading.default\">\n\t\t\t\t\t<div class=\"elementor-heading-title elementor-size-default\">Newsletter<\/div>\t\t\t\t<\/div>\n\t\t\t\t<div class=\"elementor-element elementor-element-8bc8430 elementor-widget elementor-widget-heading\" data-id=\"8bc8430\" data-element_type=\"widget\" data-e-type=\"widget\" data-widget_type=\"heading.default\">\n\t\t\t\t\t<div class=\"elementor-heading-title elementor-size-default\">Melden Sie sich f\u00fcr die E-Mail-Newsletter von KERN an!<\/div>\t\t\t\t<\/div>\n\t\t\t\t<\/div>\n\t\t\t\t\t<\/div>\n\t\t\t\t<\/div>\n\t\t\t\t<\/div>\n\t\t<div class=\"elementor-element elementor-element-218c9b4 e-flex e-con-boxed e-con e-parent\" data-id=\"218c9b4\" data-element_type=\"container\" data-e-type=\"container\">\n\t\t\t\t\t<div class=\"e-con-inner\">\n\t\t\t\t<div class=\"elementor-element elementor-element-45e8179 elementor-widget elementor-widget-breadcrumbs\" data-id=\"45e8179\" data-element_type=\"widget\" data-e-type=\"widget\" data-widget_type=\"breadcrumbs.default\">\n\t\t\t\t\t<p id=\"breadcrumbs\"><span><span><a href=\"https:\/\/www.e-kern.com\/de-at\/\">Startseite<\/a><\/span><\/span><\/p>\t\t\t\t<\/div>\n\t\t\t\t\t<\/div>\n\t\t\t\t<\/div>\n\t\t<div class=\"elementor-element elementor-element-622ebfb e-flex e-con-boxed e-con e-parent\" data-id=\"622ebfb\" data-element_type=\"container\" data-e-type=\"container\">\n\t\t\t\t\t<div class=\"e-con-inner\">\n\t\t<div class=\"elementor-element elementor-element-3815792 e-con-full e-flex e-con e-child\" data-id=\"3815792\" data-element_type=\"container\" data-e-type=\"container\">\n\t\t<div class=\"elementor-element elementor-element-d0d1460 e-con-full e-flex e-con e-child\" data-id=\"d0d1460\" data-element_type=\"container\" data-e-type=\"container\" data-settings=\"{&quot;background_background&quot;:&quot;gradient&quot;}\">\n\t\t\t\t<\/div>\n\t\t\t\t<div class=\"elementor-element elementor-element-2d9ed31 elementor-widget elementor-widget-heading\" data-id=\"2d9ed31\" data-element_type=\"widget\" data-e-type=\"widget\" data-widget_type=\"heading.default\">\n\t\t\t\t\t<h1 class=\"elementor-heading-title elementor-size-default\">Anmeldung zum KERN Newsletter<\/h1>\t\t\t\t<\/div>\n\t\t<div class=\"elementor-element elementor-element-9b21690 e-con-full e-flex e-con e-child\" data-id=\"9b21690\" data-element_type=\"container\" data-e-type=\"container\" data-settings=\"{&quot;background_background&quot;:&quot;classic&quot;}\">\n\t\t\t\t<div class=\"elementor-element elementor-element-3699527 elementor-widget elementor-widget-html\" data-id=\"3699527\" data-element_type=\"widget\" data-e-type=\"widget\" data-widget_type=\"html.default\">\n\t\t\t\t\t<div id=\"newsletter2go\">\r\n  <script id=\"n2g_script\">\r\n    !function(e,t,n,c,r,a,i){e.Newsletter2GoTrackingObject=r,e[r]=e[r]||function(){(e[r].q=e[r].q||[]).push(arguments)},e[r].l=1*new Date,a=t.createElement(n),i=t.getElementsByTagName(n)[0],a.async=1,a.src=c,i.parentNode.insertBefore(a,i)}(window,document,\"script\",\"https:\/\/static.newsletter2go.com\/utils.js\",\"n2g\");\r\n    n2g('create', 'muwhh3vb-3x90emon-ejj');\r\n    n2g('subscribe:createForm');\r\n  <\/script>\r\n<\/div>\t\t\t\t<\/div>\n\t\t\t\t<\/div>\n\t\t\t\t<\/div>\n\t\t\t\t\t<\/div>\n\t\t\t\t<\/div>\n\t\t\t\t<\/div>\n\t\t","protected":false},"excerpt":{"rendered":"<p>Newsletter Melden Sie sich f\u00fcr die E-Mail-Newsletter von KERN an! Newsletter Melden Sie sich f\u00fcr die E-Mail-Newsletter von KERN an! Anmeldung zum KERN Newsletter<\/p>\n","protected":false},"author":4,"featured_media":32212,"parent":0,"menu_order":0,"comment_status":"closed","ping_status":"closed","template":"","meta":{"_relevanssi_hide_post":"","_relevanssi_hide_content":"","_relevanssi_pin_for_all":"","_relevanssi_pin_keywords":"","_relevanssi_unpin_keywords":"","_relevanssi_related_keywords":"","_relevanssi_related_include_ids":"","_relevanssi_related_exclude_ids":"","_relevanssi_related_no_append":"","_relevanssi_related_not_related":"","_relevanssi_related_posts":"","_relevanssi_noindex_reason":"","footnotes":""},"folder":[237],"class_list":["post-34289","page","type-page","status-publish","has-post-thumbnail","hentry"],"yoast_head":"<!-- This site is optimized with the Yoast SEO plugin v27.3 - https:\/\/yoast.com\/product\/yoast-seo-wordpress\/ -->\n<title>Newsletter - \u00dcbersetzen und Dolmetschen in allen Weltsprachen | KERN AG<\/title>\n<meta name=\"robots\" content=\"index, follow, max-snippet:-1, max-image-preview:large, max-video-preview:-1\" \/>\n<link rel=\"canonical\" href=\"https:\/\/www.e-kern.com\/de-at\/newsletter\/\" \/>\n<meta property=\"og:locale\" content=\"en_US\" \/>\n<meta property=\"og:type\" content=\"article\" \/>\n<meta property=\"og:title\" content=\"Newsletter - \u00dcbersetzen und Dolmetschen in allen Weltsprachen | KERN AG\" \/>\n<meta property=\"og:description\" content=\"Newsletter Melden Sie sich f\u00fcr die E-Mail-Newsletter von KERN an! Newsletter Melden Sie sich f\u00fcr die E-Mail-Newsletter von KERN an! Anmeldung zum KERN Newsletter\" \/>\n<meta property=\"og:url\" content=\"https:\/\/www.e-kern.com\/de-at\/newsletter\/\" \/>\n<meta property=\"og:site_name\" content=\"\u00dcbersetzen und Dolmetschen in allen Weltsprachen | KERN AG\" \/>\n<meta property=\"article:publisher\" content=\"https:\/\/www.facebook.com\/KernAG\/\" \/>\n<meta property=\"article:modified_time\" content=\"2026-02-23T03:23:57+00:00\" \/>\n<meta property=\"og:image\" content=\"https:\/\/www.e-kern.com\/wp-content\/uploads\/2025\/11\/kern-ag-news-header.webp\" \/>\n\t<meta property=\"og:image:width\" content=\"1920\" \/>\n\t<meta property=\"og:image:height\" content=\"1080\" \/>\n\t<meta property=\"og:image:type\" content=\"image\/webp\" \/>\n<meta name=\"twitter:card\" content=\"summary_large_image\" \/>\n<script type=\"application\/ld+json\" class=\"yoast-schema-graph\">{\"@context\":\"https:\\\/\\\/schema.org\",\"@graph\":[{\"@type\":\"WebPage\",\"@id\":\"https:\\\/\\\/www.e-kern.com\\\/de-at\\\/newsletter\\\/\",\"url\":\"https:\\\/\\\/www.e-kern.com\\\/de-at\\\/newsletter\\\/\",\"name\":\"Newsletter - \u00dcbersetzen und Dolmetschen in allen Weltsprachen | KERN AG\",\"isPartOf\":{\"@id\":\"https:\\\/\\\/www.e-kern.com\\\/de-at\\\/#website\"},\"primaryImageOfPage\":{\"@id\":\"https:\\\/\\\/www.e-kern.com\\\/de-at\\\/newsletter\\\/#primaryimage\"},\"image\":{\"@id\":\"https:\\\/\\\/www.e-kern.com\\\/de-at\\\/newsletter\\\/#primaryimage\"},\"thumbnailUrl\":\"https:\\\/\\\/www.e-kern.com\\\/wp-content\\\/uploads\\\/2025\\\/11\\\/kern-ag-news-header.webp\",\"datePublished\":\"2026-02-11T14:34:07+00:00\",\"dateModified\":\"2026-02-23T03:23:57+00:00\",\"breadcrumb\":{\"@id\":\"https:\\\/\\\/www.e-kern.com\\\/de-at\\\/newsletter\\\/#breadcrumb\"},\"inLanguage\":\"AT\",\"potentialAction\":[{\"@type\":\"ReadAction\",\"target\":[\"https:\\\/\\\/www.e-kern.com\\\/de-at\\\/newsletter\\\/\"]}]},{\"@type\":\"ImageObject\",\"inLanguage\":\"AT\",\"@id\":\"https:\\\/\\\/www.e-kern.com\\\/de-at\\\/newsletter\\\/#primaryimage\",\"url\":\"https:\\\/\\\/www.e-kern.com\\\/wp-content\\\/uploads\\\/2025\\\/11\\\/kern-ag-news-header.webp\",\"contentUrl\":\"https:\\\/\\\/www.e-kern.com\\\/wp-content\\\/uploads\\\/2025\\\/11\\\/kern-ag-news-header.webp\",\"width\":1920,\"height\":1080},{\"@type\":\"BreadcrumbList\",\"@id\":\"https:\\\/\\\/www.e-kern.com\\\/de-at\\\/newsletter\\\/#breadcrumb\",\"itemListElement\":[{\"@type\":\"ListItem\",\"position\":1,\"name\":\"Startseite\",\"item\":\"https:\\\/\\\/www.e-kern.com\\\/de-at\\\/\"},{\"@type\":\"ListItem\",\"position\":2,\"name\":\"Newsletter\"}]},{\"@type\":\"WebSite\",\"@id\":\"https:\\\/\\\/www.e-kern.com\\\/de-at\\\/#website\",\"url\":\"https:\\\/\\\/www.e-kern.com\\\/de-at\\\/\",\"name\":\"\u00dcbersetzen und Dolmetschen in allen Weltsprachen | KERN AG\",\"description\":\"\",\"publisher\":{\"@id\":\"https:\\\/\\\/www.e-kern.com\\\/de-at\\\/#organization\"},\"potentialAction\":[{\"@type\":\"SearchAction\",\"target\":{\"@type\":\"EntryPoint\",\"urlTemplate\":\"https:\\\/\\\/www.e-kern.com\\\/de-at\\\/?s={search_term_string}\"},\"query-input\":{\"@type\":\"PropertyValueSpecification\",\"valueRequired\":true,\"valueName\":\"search_term_string\"}}],\"inLanguage\":\"AT\"},{\"@type\":\"Organization\",\"@id\":\"https:\\\/\\\/www.e-kern.com\\\/de-at\\\/#organization\",\"name\":\"Kern AG\",\"alternateName\":\"Kern Global Language Services\",\"url\":\"https:\\\/\\\/www.e-kern.com\\\/de-at\\\/\",\"logo\":{\"@type\":\"ImageObject\",\"inLanguage\":\"AT\",\"@id\":\"https:\\\/\\\/www.e-kern.com\\\/de-at\\\/#\\\/schema\\\/logo\\\/image\\\/\",\"url\":\"https:\\\/\\\/www.e-kern.com\\\/wp-content\\\/uploads\\\/2025\\\/10\\\/kern-ag-logo.svg\",\"contentUrl\":\"https:\\\/\\\/www.e-kern.com\\\/wp-content\\\/uploads\\\/2025\\\/10\\\/kern-ag-logo.svg\",\"width\":668,\"height\":181,\"caption\":\"Kern AG\"},\"image\":{\"@id\":\"https:\\\/\\\/www.e-kern.com\\\/de-at\\\/#\\\/schema\\\/logo\\\/image\\\/\"},\"sameAs\":[\"https:\\\/\\\/www.facebook.com\\\/KernAG\\\/\",\"https:\\\/\\\/www.linkedin.com\\\/company\\\/kern-global-language-services\\\/\",\"https:\\\/\\\/www.xing.com\\\/pages\\\/kernagsprachendienste\",\"https:\\\/\\\/www.youtube.com\\\/user\\\/KernLanguageServices\",\"https:\\\/\\\/www.instagram.com\\\/kern_ag\\\/\"]}]}<\/script>\n<!-- \/ Yoast SEO plugin. -->","yoast_head_json":{"title":"Newsletter - \u00dcbersetzen und Dolmetschen in allen Weltsprachen | KERN AG","robots":{"index":"index","follow":"follow","max-snippet":"max-snippet:-1","max-image-preview":"max-image-preview:large","max-video-preview":"max-video-preview:-1"},"canonical":"https:\/\/www.e-kern.com\/de-at\/newsletter\/","og_locale":"en_US","og_type":"article","og_title":"Newsletter - \u00dcbersetzen und Dolmetschen in allen Weltsprachen | KERN AG","og_description":"Newsletter Melden Sie sich f\u00fcr die E-Mail-Newsletter von KERN an! Newsletter Melden Sie sich f\u00fcr die E-Mail-Newsletter von KERN an! Anmeldung zum KERN Newsletter","og_url":"https:\/\/www.e-kern.com\/de-at\/newsletter\/","og_site_name":"\u00dcbersetzen und Dolmetschen in allen Weltsprachen | KERN AG","article_publisher":"https:\/\/www.facebook.com\/KernAG\/","article_modified_time":"2026-02-23T03:23:57+00:00","og_image":[{"width":1920,"height":1080,"url":"https:\/\/www.e-kern.com\/wp-content\/uploads\/2025\/11\/kern-ag-news-header.webp","type":"image\/webp"}],"twitter_card":"summary_large_image","schema":{"@context":"https:\/\/schema.org","@graph":[{"@type":"WebPage","@id":"https:\/\/www.e-kern.com\/de-at\/newsletter\/","url":"https:\/\/www.e-kern.com\/de-at\/newsletter\/","name":"Newsletter - \u00dcbersetzen und Dolmetschen in allen Weltsprachen | KERN AG","isPartOf":{"@id":"https:\/\/www.e-kern.com\/de-at\/#website"},"primaryImageOfPage":{"@id":"https:\/\/www.e-kern.com\/de-at\/newsletter\/#primaryimage"},"image":{"@id":"https:\/\/www.e-kern.com\/de-at\/newsletter\/#primaryimage"},"thumbnailUrl":"https:\/\/www.e-kern.com\/wp-content\/uploads\/2025\/11\/kern-ag-news-header.webp","datePublished":"2026-02-11T14:34:07+00:00","dateModified":"2026-02-23T03:23:57+00:00","breadcrumb":{"@id":"https:\/\/www.e-kern.com\/de-at\/newsletter\/#breadcrumb"},"inLanguage":"AT","potentialAction":[{"@type":"ReadAction","target":["https:\/\/www.e-kern.com\/de-at\/newsletter\/"]}]},{"@type":"ImageObject","inLanguage":"AT","@id":"https:\/\/www.e-kern.com\/de-at\/newsletter\/#primaryimage","url":"https:\/\/www.e-kern.com\/wp-content\/uploads\/2025\/11\/kern-ag-news-header.webp","contentUrl":"https:\/\/www.e-kern.com\/wp-content\/uploads\/2025\/11\/kern-ag-news-header.webp","width":1920,"height":1080},{"@type":"BreadcrumbList","@id":"https:\/\/www.e-kern.com\/de-at\/newsletter\/#breadcrumb","itemListElement":[{"@type":"ListItem","position":1,"name":"Startseite","item":"https:\/\/www.e-kern.com\/de-at\/"},{"@type":"ListItem","position":2,"name":"Newsletter"}]},{"@type":"WebSite","@id":"https:\/\/www.e-kern.com\/de-at\/#website","url":"https:\/\/www.e-kern.com\/de-at\/","name":"\u00dcbersetzen und Dolmetschen in allen Weltsprachen | KERN AG","description":"","publisher":{"@id":"https:\/\/www.e-kern.com\/de-at\/#organization"},"potentialAction":[{"@type":"SearchAction","target":{"@type":"EntryPoint","urlTemplate":"https:\/\/www.e-kern.com\/de-at\/?s={search_term_string}"},"query-input":{"@type":"PropertyValueSpecification","valueRequired":true,"valueName":"search_term_string"}}],"inLanguage":"AT"},{"@type":"Organization","@id":"https:\/\/www.e-kern.com\/de-at\/#organization","name":"Kern AG","alternateName":"Kern Global Language Services","url":"https:\/\/www.e-kern.com\/de-at\/","logo":{"@type":"ImageObject","inLanguage":"AT","@id":"https:\/\/www.e-kern.com\/de-at\/#\/schema\/logo\/image\/","url":"https:\/\/www.e-kern.com\/wp-content\/uploads\/2025\/10\/kern-ag-logo.svg","contentUrl":"https:\/\/www.e-kern.com\/wp-content\/uploads\/2025\/10\/kern-ag-logo.svg","width":668,"height":181,"caption":"Kern AG"},"image":{"@id":"https:\/\/www.e-kern.com\/de-at\/#\/schema\/logo\/image\/"},"sameAs":["https:\/\/www.facebook.com\/KernAG\/","https:\/\/www.linkedin.com\/company\/kern-global-language-services\/","https:\/\/www.xing.com\/pages\/kernagsprachendienste","https:\/\/www.youtube.com\/user\/KernLanguageServices","https:\/\/www.instagram.com\/kern_ag\/"]}]}},"_links":{"self":[{"href":"https:\/\/www.e-kern.com\/de-at\/wp-json\/wp\/v2\/pages\/34289","targetHints":{"allow":["GET"]}}],"collection":[{"href":"https:\/\/www.e-kern.com\/de-at\/wp-json\/wp\/v2\/pages"}],"about":[{"href":"https:\/\/www.e-kern.com\/de-at\/wp-json\/wp\/v2\/types\/page"}],"author":[{"embeddable":true,"href":"https:\/\/www.e-kern.com\/de-at\/wp-json\/wp\/v2\/users\/4"}],"replies":[{"embeddable":true,"href":"https:\/\/www.e-kern.com\/de-at\/wp-json\/wp\/v2\/comments?post=34289"}],"version-history":[{"count":1,"href":"https:\/\/www.e-kern.com\/de-at\/wp-json\/wp\/v2\/pages\/34289\/revisions"}],"predecessor-version":[{"id":34290,"href":"https:\/\/www.e-kern.com\/de-at\/wp-json\/wp\/v2\/pages\/34289\/revisions\/34290"}],"wp:featuredmedia":[{"embeddable":true,"href":"https:\/\/www.e-kern.com\/de-at\/wp-json\/wp\/v2\/media\/32212"}],"wp:attachment":[{"href":"https:\/\/www.e-kern.com\/de-at\/wp-json\/wp\/v2\/media?parent=34289"}],"wp:term":[{"taxonomy":"folder","embeddable":true,"href":"https:\/\/www.e-kern.com\/de-at\/wp-json\/wp\/v2\/folder?post=34289"}],"curies":[{"name":"wp","href":"https:\/\/api.w.org\/{rel}","templated":true}]}}