{"id":11050,"date":"2026-01-06T15:06:32","date_gmt":"2026-01-06T14:06:32","guid":{"rendered":"https:\/\/www.e-kern.com\/datenschutz\/"},"modified":"2026-02-16T17:24:36","modified_gmt":"2026-02-16T16:24:36","slug":"datenschutz","status":"publish","type":"page","link":"https:\/\/www.e-kern.com\/de-at\/datenschutz\/","title":{"rendered":"Datenschutzerkl\u00e4rung"},"content":{"rendered":"\t\t<div data-elementor-type=\"wp-page\" data-elementor-id=\"11050\" class=\"elementor elementor-11050 elementor-4944\" data-elementor-post-type=\"page\">\n\t\t\t\t<div class=\"elementor-element elementor-element-25778d6d e-flex e-con-boxed e-con e-parent\" data-id=\"25778d6d\" data-element_type=\"container\" data-e-type=\"container\">\n\t\t\t\t\t<div class=\"e-con-inner\">\n\t\t<div class=\"elementor-element elementor-element-25a82199 e-con-full e-flex e-con e-child\" data-id=\"25a82199\" data-element_type=\"container\" data-e-type=\"container\">\n\t\t<div class=\"elementor-element elementor-element-330ff08b e-con-full e-flex e-con e-child\" data-id=\"330ff08b\" data-element_type=\"container\" data-e-type=\"container\" data-settings=\"{&quot;background_background&quot;:&quot;gradient&quot;}\">\n\t\t\t\t<\/div>\n\t\t\t\t<div class=\"elementor-element elementor-element-19b31d52 elementor-widget elementor-widget-heading\" data-id=\"19b31d52\" data-element_type=\"widget\" data-e-type=\"widget\" data-widget_type=\"heading.default\">\n\t\t\t\t\t<h1 class=\"elementor-heading-title elementor-size-default\">Datenschutzerkl\u00e4rung der KERN Austria GmbH\n<\/h1>\t\t\t\t<\/div>\n\t\t\t\t<div class=\"elementor-element elementor-element-b3d7dbc elementor-widget elementor-widget-text-editor\" data-id=\"b3d7dbc\" data-element_type=\"widget\" data-e-type=\"widget\" data-widget_type=\"text-editor.default\">\n\t\t\t\t\t\t\t\t\t<h2>Grundsatz<\/h2><p>Wir nehmen den Schutz Ihrer pers\u00f6nlichen Daten sehr ernst und behandeln Ihre personenbezogenen Daten vertraulich und entsprechend der gesetzlichen Datenschutzvorschriften sowie dieser Datenschutzerkl\u00e4rung.\u00a0\u00a0<b>\u00a0<\/b><\/p><h2>Erheben von Daten<\/h2><p>Wir erheben und verarbeiten personenbezogene Daten nur, soweit diese f\u00fcr die Begr\u00fcndung und inhaltliche Ausgestaltung oder \u00c4nderung des Rechtsverh\u00e4ltnisses erforderlich sind (Bestandsdaten). Personenbezogene Daten \u00fcber die Inanspruchnahme unserer Internetseiten (Nutzungsdaten) erheben wir nicht.<\/p><h2>Datenverarbeitung auf dieser Internetseite<\/h2><p>Wir erheben und speichern automatisch Informationen in Log Files, die Ihr Browser automatisch an uns \u00fcbermittelt. Dies sind Browsertyp\/ Browserversion, verwendetes Betriebssystem, Referrer URL und\u00a0 Uhrzeit der Serveranfrage. Diese Daten sind nicht bestimmten Personen zuordenbar. Eine Zusammenf\u00fchrung dieser Daten mit anderen Datenquellen wird nicht vorgenommen.<\/p><h2>Nutzung von Cookies<\/h2><p>Die Internetseiten verwenden teilweise so genannte Cookies. Diese dienen dazu, unser Angebot nutzerfreundlicher, effektiver und sicherer zu machen. Cookies sind kleine Textdateien, die auf Ihrem Rechner abgelegt werden und die Ihr Browser speichert. Die meisten der von uns verwendeten Cookies sind so genannte \u201eSession-Cookies\u201c. Sie werden nach Ende Ihres Besuchs automatisch gel\u00f6scht. Cookies richten auf Ihrem Rechner keinen Schaden an und enthalten keine Viren.<\/p><h2>Newsletter<\/h2><p>Wenn Sie den auf der Webseite angebotenen Newsletter beziehen m\u00f6chten, ben\u00f6tigen wir von Ihnen eine E-Mail-Adresse. Den Newsletter k\u00f6nnen Sie jederzeit kostenfrei \u00fcber den im Newsletter angegebenen Link abbestellen.<\/p><p>Wir haben mit unserem E-Mail-Marketing-Dienstleister Newsletter2Go einen Vertrag \u00fcber das Verfahren zur Auftragsdatenverarbeitung abgeschlossen. Dadurch wird sicher gestellt, dass sich unser Dienstleister beim Versand des Newsletters in allen Punkten an die strengen Vorgaben des deutschen Datenschutzrechts h\u00e4lt. Dadurch ist auch sicher gestellt, dass Ihre Daten nur innerhalb der EU mit einem hohen Schutzniveau gespeichert werden. Eine Speicherung Ihrer Daten auf Servern au\u00dferhalb der EU findet nicht statt.<\/p><h2>Kontaktformular<\/h2><p>Wenn Sie uns per Kontaktformular Anfragen zukommen lassen, werden Ihre Angaben aus dem Anfrageformular inklusive der von Ihnen dort angegebenen Kontaktdaten zwecks Bearbeitung der Anfrage und f\u00fcr den Fall von Anschlussfragen bei uns gespeichert. Diese Daten geben wir nicht ohne Ihre Einwilligung weiter.<\/p><h2>\u00dcbermitteln von Daten bei Bestellungen und Buchungen auf dieser Seite<\/h2><p>Wir \u00fcbermitteln personenbezogene Daten an Dritte nur dann, wenn dies im Rahmen der Vertragsabwicklung notwendig ist, etwa an das mit der Zahlungsabwicklung beauftragte Kreditinstitut. Eine weitergehende \u00dcbermittlung Ihrer Daten etwa zu Zwecken der Werbung erfolgt nicht. Sie k\u00f6nnen der Nutzung der im Rahmen der Bestellung gespeicherten E-Mail-Adresse jederzeit kostenfrei widersprechen. Senden Sie hierzu einfach eine E-Mail an\u00a0<a class=\"mail\" title=\"Opens window for sending email\" href=\"mailto:datenschutz@e-kern.com\">datenschutz@e-kern.com<\/a><\/p><h2>Widerspruchsrecht und Auskunftsrecht<\/h2><p>Sie haben jederzeit das Recht auf unentgeltliche Auskunft \u00fcber Ihre bei uns gespeicherten personenbezogenen Daten, deren Herkunft und Empf\u00e4nger und den Zweck der Datenverarbeitung sowie ein Recht auf Berichtigung, Sperrung oder L\u00f6schung dieser Daten.<\/p><p>Wenn Sie Fragen hierzu haben, die Ihnen diese Datenschutzerkl\u00e4rung nicht beantworten konnte, k\u00f6nnen Sie sich jederzeit unter folgender E-Mail-Adresse oder \u00fcber die im\u00a0<a class=\"internal-link\" title=\"Impressum\" href=\"https:\/\/www.e-kern.com\/at\/impressum\/\">Impressum<\/a>\u00a0angegebenen Kontaktdaten an uns wenden:\u00a0<a class=\"mail\" title=\"Opens window for sending email\" href=\"mailto:datenschutz@e-kern.com\">datenschutz@e-kern.com<\/a>.\u00a0<\/p><h2>Einsatz vom Google Analytics und Google Remarketing<\/h2><p>Diese Website benutzt Google Analytics und Google Remarketing. Dies sind Dienstleistungen der Google Inc. (&#8220;Google&#8221;). Google verwendet sog. &#8220;Cookies&#8221;, Textdateien, die auf Ihrem Computer gespeichert werden und die eine Analyse der Benutzung der Website durch Sie erm\u00f6glicht. Die durch den Cookie erzeugten Informationen \u00fcber Ihre Benutzung dieser Website (einschlie\u00dflich Ihrer IP-Adresse) wird an einen Server von Google in den USA \u00fcbertragen und dort gespeichert. Die IP Adresse wird anschlie\u00dfend von Google um die letzten drei Stellen gek\u00fcrzt, eine eindeutige Zuordnung der IP Adresse ist somit nicht mehr m\u00f6glich. Google beachtet die Datenschutzbestimmungen des &#8220;US-Safe-Harbor&#8221;-Abkommens und ist beim &#8220;Safe Harbor&#8221;-Programm des US-Handelsministeriums registriert.<\/p><p>Google wird diese Informationen benutzen, um Ihre Nutzung der Website auszuwerten, um Reports \u00fcber die Websiteaktivit\u00e4ten f\u00fcr die Websitebetreiber zusammenzustellen und um weitere mit der Websitenutzung und der Internetnutzung verbundene Dienstleistungen zu erbringen. Auch wird Google diese Informationen gegebenenfalls an Dritte \u00fcbertragen, sofern dies gesetzlich vorgeschrieben oder soweit Dritte diese Daten im Auftrag von Google verarbeiten.<\/p><p>Drittanbieter, einschlie\u00dflich Google, schalten Anzeigen auf Websites im Internet. Drittanbieter, einschlie\u00dflich Google, verwenden gespeicherte Cookies zum Schalten von Anzeigen auf Grundlage vorheriger Besuche eines Nutzers auf dieser Website.<\/p><p>Google wird in keinem Fall Ihre IP-Adresse mit anderen Daten von Google in Verbindung bringen. Der Datenerhebung und -speicherung kann jederzeit mit Wirkung f\u00fcr die Zukunft widersprochen werden. Sie k\u00f6nnen die Verwendung von Cookies durch Google deaktivieren, indem sie die\u00a0<a class=\"external-link-new-window\" title=\"Opens external link in new window\" href=\"http:\/\/www.google.com\/policies\/technologies\/ads\/\" target=\"_blank\" rel=\"nofollow noopener\">Seite zur Deaktivierung von Google-Werbung<\/a>\u00a0aufrufen. Alternativ k\u00f6nnen Nutzer die Verwendung von Cookies durch Drittanbieter deaktivieren, indem sie die\u00a0<a class=\"external-link-new-window\" title=\"Opens external link in new window\" href=\"http:\/\/www.networkadvertising.org\/choices\/\" target=\"_blank\" rel=\"nofollow noopener\">Deaktivierungsseite der Netzwerkwerbeinitiative<\/a>\u00a0aufrufen.<\/p><p>Wir weisen Sie jedoch darauf hin, dass Sie in diesem Fall gegebenenfalls nicht s\u00e4mtliche Funktionen dieser Website in vollem Umfang nutzen k\u00f6nnen. Durch die Nutzung dieser Website erkl\u00e4ren Sie sich mit der Bearbeitung der \u00fcber Sie erhobenen Daten durch Google in der zuvor beschriebenen Art und Weise und zu dem zuvor benannten Zweck einverstanden.<\/p><p>Der Datenerhebung und -speicherung kann jederzeit mit Wirkung f\u00fcr die Zukunft widersprochen werden. Weitere Hinweise zu den Bestimmungen von Google finden Sie\u00a0<a class=\"external-link-new-window\" title=\"Opens external link in new window\" href=\"http:\/\/www.google.com\/intl\/de\/policies\/privacy\/\" target=\"_blank\" rel=\"nofollow noopener\">hier<\/a>.<\/p><h2>Datenschutzbeauftragter<\/h2><p>Ilja Alexander Jordy<br \/>Rechtsanwalt<br \/>Externer Datenschutzbeauftragter<br \/><br \/><a class=\"mail\" title=\"Opens window for sending email\" href=\"mailto:datenschutz@e-kern.com\">datenschutz@e-kern.com<\/a><\/p>\t\t\t\t\t\t\t\t<\/div>\n\t\t\t\t<\/div>\n\t\t\t\t\t<\/div>\n\t\t\t\t<\/div>\n\t\t\t\t<\/div>\n\t\t","protected":false},"excerpt":{"rendered":"<p>Erfahren Sie hier mehr \u00fcber den Datenschutz der KERN AG, Sprachdienste.<\/p>\n","protected":false},"author":7,"featured_media":11005,"parent":0,"menu_order":0,"comment_status":"closed","ping_status":"closed","template":"","meta":{"_relevanssi_hide_post":"","_relevanssi_hide_content":"","_relevanssi_pin_for_all":"","_relevanssi_pin_keywords":"","_relevanssi_unpin_keywords":"","_relevanssi_related_keywords":"","_relevanssi_related_include_ids":"","_relevanssi_related_exclude_ids":"","_relevanssi_related_no_append":"","_relevanssi_related_not_related":"","_relevanssi_related_posts":"8007,8047,8123,8087,8019,8039","_relevanssi_noindex_reason":"","footnotes":""},"folder":[241],"class_list":["post-11050","page","type-page","status-publish","has-post-thumbnail","hentry"],"yoast_head":"<!-- This site is optimized with the Yoast SEO plugin v27.3 - https:\/\/yoast.com\/product\/yoast-seo-wordpress\/ -->\n<title>Datenschutz der KERN AG, Sprachdienste<\/title>\n<meta name=\"description\" content=\"Erfahren Sie hier mehr \u00fcber den Datenschutz der KERN AG, Sprachdienste.\" \/>\n<meta name=\"robots\" content=\"index, follow, max-snippet:-1, max-image-preview:large, max-video-preview:-1\" \/>\n<link rel=\"canonical\" href=\"https:\/\/www.e-kern.com\/de-at\/datenschutz\/\" \/>\n<meta property=\"og:locale\" content=\"en_US\" \/>\n<meta property=\"og:type\" content=\"article\" \/>\n<meta property=\"og:title\" content=\"Datenschutz der KERN AG, Sprachdienste\" \/>\n<meta property=\"og:description\" content=\"Erfahren Sie hier mehr \u00fcber den Datenschutz der KERN AG, Sprachdienste.\" \/>\n<meta property=\"og:url\" content=\"https:\/\/www.e-kern.com\/de-at\/datenschutz\/\" \/>\n<meta property=\"og:site_name\" content=\"\u00dcbersetzen und Dolmetschen in allen Weltsprachen | KERN AG\" \/>\n<meta property=\"article:publisher\" content=\"https:\/\/www.facebook.com\/KernAG\/\" \/>\n<meta property=\"article:modified_time\" content=\"2026-02-16T16:24:36+00:00\" \/>\n<meta property=\"og:image\" content=\"https:\/\/www.e-kern.com\/wp-content\/uploads\/2026\/01\/datenschutzerklaerung.webp\" \/>\n\t<meta property=\"og:image:width\" content=\"1024\" \/>\n\t<meta property=\"og:image:height\" content=\"768\" \/>\n\t<meta property=\"og:image:type\" content=\"image\/webp\" \/>\n<meta name=\"twitter:card\" content=\"summary_large_image\" \/>\n<meta name=\"twitter:label1\" content=\"Est. reading time\" \/>\n\t<meta name=\"twitter:data1\" content=\"5 minutes\" \/>\n<script type=\"application\/ld+json\" class=\"yoast-schema-graph\">{\"@context\":\"https:\\\/\\\/schema.org\",\"@graph\":[{\"@type\":\"WebPage\",\"@id\":\"https:\\\/\\\/www.e-kern.com\\\/de-at\\\/datenschutz\\\/\",\"url\":\"https:\\\/\\\/www.e-kern.com\\\/de-at\\\/datenschutz\\\/\",\"name\":\"Datenschutz der KERN AG, Sprachdienste\",\"isPartOf\":{\"@id\":\"https:\\\/\\\/www.e-kern.com\\\/de-at\\\/#website\"},\"primaryImageOfPage\":{\"@id\":\"https:\\\/\\\/www.e-kern.com\\\/de-at\\\/datenschutz\\\/#primaryimage\"},\"image\":{\"@id\":\"https:\\\/\\\/www.e-kern.com\\\/de-at\\\/datenschutz\\\/#primaryimage\"},\"thumbnailUrl\":\"https:\\\/\\\/www.e-kern.com\\\/wp-content\\\/uploads\\\/2026\\\/01\\\/datenschutzerklaerung.webp\",\"datePublished\":\"2026-01-06T14:06:32+00:00\",\"dateModified\":\"2026-02-16T16:24:36+00:00\",\"description\":\"Erfahren Sie hier mehr \u00fcber den Datenschutz der KERN AG, Sprachdienste.\",\"breadcrumb\":{\"@id\":\"https:\\\/\\\/www.e-kern.com\\\/de-at\\\/datenschutz\\\/#breadcrumb\"},\"inLanguage\":\"AT\",\"potentialAction\":[{\"@type\":\"ReadAction\",\"target\":[\"https:\\\/\\\/www.e-kern.com\\\/de-at\\\/datenschutz\\\/\"]}]},{\"@type\":\"ImageObject\",\"inLanguage\":\"AT\",\"@id\":\"https:\\\/\\\/www.e-kern.com\\\/de-at\\\/datenschutz\\\/#primaryimage\",\"url\":\"https:\\\/\\\/www.e-kern.com\\\/wp-content\\\/uploads\\\/2026\\\/01\\\/datenschutzerklaerung.webp\",\"contentUrl\":\"https:\\\/\\\/www.e-kern.com\\\/wp-content\\\/uploads\\\/2026\\\/01\\\/datenschutzerklaerung.webp\",\"width\":1024,\"height\":768},{\"@type\":\"BreadcrumbList\",\"@id\":\"https:\\\/\\\/www.e-kern.com\\\/de-at\\\/datenschutz\\\/#breadcrumb\",\"itemListElement\":[{\"@type\":\"ListItem\",\"position\":1,\"name\":\"Startseite\",\"item\":\"https:\\\/\\\/www.e-kern.com\\\/de-at\\\/\"},{\"@type\":\"ListItem\",\"position\":2,\"name\":\"Datenschutzerkl\u00e4rung\"}]},{\"@type\":\"WebSite\",\"@id\":\"https:\\\/\\\/www.e-kern.com\\\/de-at\\\/#website\",\"url\":\"https:\\\/\\\/www.e-kern.com\\\/de-at\\\/\",\"name\":\"\u00dcbersetzen und Dolmetschen in allen Weltsprachen | KERN AG\",\"description\":\"\",\"publisher\":{\"@id\":\"https:\\\/\\\/www.e-kern.com\\\/de-at\\\/#organization\"},\"potentialAction\":[{\"@type\":\"SearchAction\",\"target\":{\"@type\":\"EntryPoint\",\"urlTemplate\":\"https:\\\/\\\/www.e-kern.com\\\/de-at\\\/?s={search_term_string}\"},\"query-input\":{\"@type\":\"PropertyValueSpecification\",\"valueRequired\":true,\"valueName\":\"search_term_string\"}}],\"inLanguage\":\"AT\"},{\"@type\":\"Organization\",\"@id\":\"https:\\\/\\\/www.e-kern.com\\\/de-at\\\/#organization\",\"name\":\"Kern AG\",\"alternateName\":\"Kern Global Language Services\",\"url\":\"https:\\\/\\\/www.e-kern.com\\\/de-at\\\/\",\"logo\":{\"@type\":\"ImageObject\",\"inLanguage\":\"AT\",\"@id\":\"https:\\\/\\\/www.e-kern.com\\\/de-at\\\/#\\\/schema\\\/logo\\\/image\\\/\",\"url\":\"https:\\\/\\\/www.e-kern.com\\\/wp-content\\\/uploads\\\/2025\\\/10\\\/kern-ag-logo.svg\",\"contentUrl\":\"https:\\\/\\\/www.e-kern.com\\\/wp-content\\\/uploads\\\/2025\\\/10\\\/kern-ag-logo.svg\",\"width\":668,\"height\":181,\"caption\":\"Kern AG\"},\"image\":{\"@id\":\"https:\\\/\\\/www.e-kern.com\\\/de-at\\\/#\\\/schema\\\/logo\\\/image\\\/\"},\"sameAs\":[\"https:\\\/\\\/www.facebook.com\\\/KernAG\\\/\",\"https:\\\/\\\/www.linkedin.com\\\/company\\\/kern-global-language-services\\\/\",\"https:\\\/\\\/www.xing.com\\\/pages\\\/kernagsprachendienste\",\"https:\\\/\\\/www.youtube.com\\\/user\\\/KernLanguageServices\",\"https:\\\/\\\/www.instagram.com\\\/kern_ag\\\/\"]}]}<\/script>\n<!-- \/ Yoast SEO plugin. -->","yoast_head_json":{"title":"Datenschutz der KERN AG, Sprachdienste","description":"Erfahren Sie hier mehr \u00fcber den Datenschutz der KERN AG, Sprachdienste.","robots":{"index":"index","follow":"follow","max-snippet":"max-snippet:-1","max-image-preview":"max-image-preview:large","max-video-preview":"max-video-preview:-1"},"canonical":"https:\/\/www.e-kern.com\/de-at\/datenschutz\/","og_locale":"en_US","og_type":"article","og_title":"Datenschutz der KERN AG, Sprachdienste","og_description":"Erfahren Sie hier mehr \u00fcber den Datenschutz der KERN AG, Sprachdienste.","og_url":"https:\/\/www.e-kern.com\/de-at\/datenschutz\/","og_site_name":"\u00dcbersetzen und Dolmetschen in allen Weltsprachen | KERN AG","article_publisher":"https:\/\/www.facebook.com\/KernAG\/","article_modified_time":"2026-02-16T16:24:36+00:00","og_image":[{"width":1024,"height":768,"url":"https:\/\/www.e-kern.com\/wp-content\/uploads\/2026\/01\/datenschutzerklaerung.webp","type":"image\/webp"}],"twitter_card":"summary_large_image","twitter_misc":{"Est. reading time":"5 minutes"},"schema":{"@context":"https:\/\/schema.org","@graph":[{"@type":"WebPage","@id":"https:\/\/www.e-kern.com\/de-at\/datenschutz\/","url":"https:\/\/www.e-kern.com\/de-at\/datenschutz\/","name":"Datenschutz der KERN AG, Sprachdienste","isPartOf":{"@id":"https:\/\/www.e-kern.com\/de-at\/#website"},"primaryImageOfPage":{"@id":"https:\/\/www.e-kern.com\/de-at\/datenschutz\/#primaryimage"},"image":{"@id":"https:\/\/www.e-kern.com\/de-at\/datenschutz\/#primaryimage"},"thumbnailUrl":"https:\/\/www.e-kern.com\/wp-content\/uploads\/2026\/01\/datenschutzerklaerung.webp","datePublished":"2026-01-06T14:06:32+00:00","dateModified":"2026-02-16T16:24:36+00:00","description":"Erfahren Sie hier mehr \u00fcber den Datenschutz der KERN AG, Sprachdienste.","breadcrumb":{"@id":"https:\/\/www.e-kern.com\/de-at\/datenschutz\/#breadcrumb"},"inLanguage":"AT","potentialAction":[{"@type":"ReadAction","target":["https:\/\/www.e-kern.com\/de-at\/datenschutz\/"]}]},{"@type":"ImageObject","inLanguage":"AT","@id":"https:\/\/www.e-kern.com\/de-at\/datenschutz\/#primaryimage","url":"https:\/\/www.e-kern.com\/wp-content\/uploads\/2026\/01\/datenschutzerklaerung.webp","contentUrl":"https:\/\/www.e-kern.com\/wp-content\/uploads\/2026\/01\/datenschutzerklaerung.webp","width":1024,"height":768},{"@type":"BreadcrumbList","@id":"https:\/\/www.e-kern.com\/de-at\/datenschutz\/#breadcrumb","itemListElement":[{"@type":"ListItem","position":1,"name":"Startseite","item":"https:\/\/www.e-kern.com\/de-at\/"},{"@type":"ListItem","position":2,"name":"Datenschutzerkl\u00e4rung"}]},{"@type":"WebSite","@id":"https:\/\/www.e-kern.com\/de-at\/#website","url":"https:\/\/www.e-kern.com\/de-at\/","name":"\u00dcbersetzen und Dolmetschen in allen Weltsprachen | KERN AG","description":"","publisher":{"@id":"https:\/\/www.e-kern.com\/de-at\/#organization"},"potentialAction":[{"@type":"SearchAction","target":{"@type":"EntryPoint","urlTemplate":"https:\/\/www.e-kern.com\/de-at\/?s={search_term_string}"},"query-input":{"@type":"PropertyValueSpecification","valueRequired":true,"valueName":"search_term_string"}}],"inLanguage":"AT"},{"@type":"Organization","@id":"https:\/\/www.e-kern.com\/de-at\/#organization","name":"Kern AG","alternateName":"Kern Global Language Services","url":"https:\/\/www.e-kern.com\/de-at\/","logo":{"@type":"ImageObject","inLanguage":"AT","@id":"https:\/\/www.e-kern.com\/de-at\/#\/schema\/logo\/image\/","url":"https:\/\/www.e-kern.com\/wp-content\/uploads\/2025\/10\/kern-ag-logo.svg","contentUrl":"https:\/\/www.e-kern.com\/wp-content\/uploads\/2025\/10\/kern-ag-logo.svg","width":668,"height":181,"caption":"Kern AG"},"image":{"@id":"https:\/\/www.e-kern.com\/de-at\/#\/schema\/logo\/image\/"},"sameAs":["https:\/\/www.facebook.com\/KernAG\/","https:\/\/www.linkedin.com\/company\/kern-global-language-services\/","https:\/\/www.xing.com\/pages\/kernagsprachendienste","https:\/\/www.youtube.com\/user\/KernLanguageServices","https:\/\/www.instagram.com\/kern_ag\/"]}]}},"_links":{"self":[{"href":"https:\/\/www.e-kern.com\/de-at\/wp-json\/wp\/v2\/pages\/11050","targetHints":{"allow":["GET"]}}],"collection":[{"href":"https:\/\/www.e-kern.com\/de-at\/wp-json\/wp\/v2\/pages"}],"about":[{"href":"https:\/\/www.e-kern.com\/de-at\/wp-json\/wp\/v2\/types\/page"}],"author":[{"embeddable":true,"href":"https:\/\/www.e-kern.com\/de-at\/wp-json\/wp\/v2\/users\/7"}],"replies":[{"embeddable":true,"href":"https:\/\/www.e-kern.com\/de-at\/wp-json\/wp\/v2\/comments?post=11050"}],"version-history":[{"count":8,"href":"https:\/\/www.e-kern.com\/de-at\/wp-json\/wp\/v2\/pages\/11050\/revisions"}],"predecessor-version":[{"id":28808,"href":"https:\/\/www.e-kern.com\/de-at\/wp-json\/wp\/v2\/pages\/11050\/revisions\/28808"}],"wp:featuredmedia":[{"embeddable":true,"href":"https:\/\/www.e-kern.com\/de-at\/wp-json\/wp\/v2\/media\/11005"}],"wp:attachment":[{"href":"https:\/\/www.e-kern.com\/de-at\/wp-json\/wp\/v2\/media?parent=11050"}],"wp:term":[{"taxonomy":"folder","embeddable":true,"href":"https:\/\/www.e-kern.com\/de-at\/wp-json\/wp\/v2\/folder?post=11050"}],"curies":[{"name":"wp","href":"https:\/\/api.w.org\/{rel}","templated":true}]}}